{"id":832,"date":"2012-09-13T10:08:56","date_gmt":"2012-09-13T10:08:56","guid":{"rendered":"http:\/\/le-baron.se\/?page_id=832"},"modified":"2022-09-27T16:59:15","modified_gmt":"2022-09-27T16:59:15","slug":"diverse-bilrelaterat","status":"publish","type":"page","link":"https:\/\/le-baron.se\/?page_id=832","title":{"rendered":"Diverse Delar S\u00e4ljes"},"content":{"rendered":"<p style=\"text-align: center;\"><span style=\"text-decoration: underline; color: #0000ff;\">Klicka p\u00e5 bilderna s\u00e5 f\u00f6rstoras dom.<\/span><\/p>\n<h1 style=\"text-align: center;\"><strong><span style=\"color: #ff0000;\">Om det finns ????? eller intresse f\u00f6r n\u00e5got,\u00a0 pris p\u00e5 delar,<\/span><\/strong><br \/>\n<strong><span style=\"color: #ff0000;\"> skicka ett mail till<\/span><\/strong><\/h1>\n<p style=\"text-align: center;\"><strong><span style=\"color: #ff0000;\"><em>Kontaktas via mail.<\/em><\/span>\u00a0\u00a0\u00a0 <\/strong><span style=\"color: #ff0000;\"><span style=\"color: #000000;\"><a title=\"ivan@le-baron.se\" href=\"mailto:ivan@le-baron.se\">ivan@le-baron.se<\/a><\/span><\/span><strong><\/strong><\/p>\n<h2 style=\"text-align: center;\"><span style=\"text-decoration: underline; color: #000000;\"><strong><span style=\"text-decoration: underline;\">G\u00e5r<span style=\"color: #ff0000; text-decoration: underline;\"> inte<\/span> att anv\u00e4nda WordPress f\u00f6r att kontakta mig.<\/span><\/strong><\/span><\/h2>\n<p style=\"text-align: center;\">________________________________________________________________<\/p>\n<p style=\"text-align: center;\"><span style=\"text-decoration: underline;\">Mercedes Compact L\u00e5ng Taxi<\/span><\/p>\n<p style=\"text-align: center;\"><a href=\"https:\/\/le-baron.se\/wp-content\/uploads\/2012\/09\/DSC021414.jpg\"><img loading=\"lazy\" decoding=\"async\" class=\"alignleft size-medium wp-image-1616\" alt=\"DSC021414\" src=\"https:\/\/le-baron.se\/wp-content\/uploads\/2012\/09\/DSC021414-300x225.jpg\" width=\"300\" height=\"225\" srcset=\"https:\/\/le-baron.se\/wp-content\/uploads\/2012\/09\/DSC021414-300x225.jpg 300w, https:\/\/le-baron.se\/wp-content\/uploads\/2012\/09\/DSC021414-1024x768.jpg 1024w, https:\/\/le-baron.se\/wp-content\/uploads\/2012\/09\/DSC021414.jpg 1141w\" sizes=\"auto, (max-width: 300px) 100vw, 300px\" \/><\/a><a href=\"https:\/\/le-baron.se\/wp-content\/uploads\/2012\/09\/DSC021392.jpg\"><img loading=\"lazy\" decoding=\"async\" class=\"size-medium wp-image-1614 alignright\" alt=\"DSC021392\" src=\"https:\/\/le-baron.se\/wp-content\/uploads\/2012\/09\/DSC021392-300x282.jpg\" width=\"247\" height=\"233\" srcset=\"https:\/\/le-baron.se\/wp-content\/uploads\/2012\/09\/DSC021392-300x282.jpg 300w, https:\/\/le-baron.se\/wp-content\/uploads\/2012\/09\/DSC021392.jpg 910w\" sizes=\"auto, (max-width: 247px) 100vw, 247px\" \/><\/a><\/p>\n<p style=\"text-align: left;\"><a href=\"https:\/\/le-baron.se\/wp-content\/uploads\/2012\/09\/DSC021403.jpg\"><img loading=\"lazy\" decoding=\"async\" class=\"alignleft size-medium wp-image-1615\" alt=\"DSC021403\" src=\"https:\/\/le-baron.se\/wp-content\/uploads\/2012\/09\/DSC021403-300x258.jpg\" width=\"300\" height=\"258\" srcset=\"https:\/\/le-baron.se\/wp-content\/uploads\/2012\/09\/DSC021403-300x258.jpg 300w, https:\/\/le-baron.se\/wp-content\/uploads\/2012\/09\/DSC021403.jpg 994w\" sizes=\"auto, (max-width: 300px) 100vw, 300px\" \/><\/a><a href=\"https:\/\/le-baron.se\/wp-content\/uploads\/2012\/09\/DSC021381.jpg\"><img loading=\"lazy\" decoding=\"async\" class=\"size-medium wp-image-1617 alignright\" alt=\"DSC021381\" src=\"https:\/\/le-baron.se\/wp-content\/uploads\/2012\/09\/DSC021381-284x300.jpg\" width=\"241\" height=\"254\" srcset=\"https:\/\/le-baron.se\/wp-content\/uploads\/2012\/09\/DSC021381-284x300.jpg 284w, https:\/\/le-baron.se\/wp-content\/uploads\/2012\/09\/DSC021381.jpg 813w\" sizes=\"auto, (max-width: 241px) 100vw, 241px\" \/><\/a><\/p>\n<p style=\"text-align: center;\">&#8230;&#8230;.<\/p>\n<p>V\u00e4nster Framsk\u00e4rm i bra skick samt n\u00e4stan<br \/>\nkompletta d\u00f6rrar + 15 tums orginal f\u00e4lgar.<\/p>\n<p style=\"text-align: center;\"><span style=\"color: #000000;\">________________________________________________________________<\/span><\/p>\n<p style=\"text-align: center;\">T\u00e4ndmagnet till 4cyl motor.<br \/>\nBosch FR4R116<br \/>\nnr.16521<\/p>\n<p style=\"text-align: center;\"><a href=\"https:\/\/le-baron.se\/wp-content\/uploads\/2012\/09\/DSC021251.jpg\"><img loading=\"lazy\" decoding=\"async\" class=\"size-medium wp-image-1596 alignleft\" alt=\"DSC021251\" src=\"https:\/\/le-baron.se\/wp-content\/uploads\/2012\/09\/DSC021251-300x179.jpg\" width=\"300\" height=\"179\" srcset=\"https:\/\/le-baron.se\/wp-content\/uploads\/2012\/09\/DSC021251-300x179.jpg 300w, https:\/\/le-baron.se\/wp-content\/uploads\/2012\/09\/DSC021251.jpg 871w\" sizes=\"auto, (max-width: 300px) 100vw, 300px\" \/><\/a> <a href=\"https:\/\/le-baron.se\/wp-content\/uploads\/2012\/09\/DSC021261.jpg\"><img loading=\"lazy\" decoding=\"async\" class=\"size-medium wp-image-1597 alignnone\" alt=\"DSC021261\" src=\"https:\/\/le-baron.se\/wp-content\/uploads\/2012\/09\/DSC021261-300x237.jpg\" width=\"300\" height=\"237\" srcset=\"https:\/\/le-baron.se\/wp-content\/uploads\/2012\/09\/DSC021261-300x237.jpg 300w, https:\/\/le-baron.se\/wp-content\/uploads\/2012\/09\/DSC021261.jpg 825w\" sizes=\"auto, (max-width: 300px) 100vw, 300px\" \/><\/a><br \/>\n<a title=\"ivan@le-baron.se\" href=\"mailto:ivan@le-baron.se\">ivan@le-baron.se<\/a><\/p>\n<p style=\"text-align: center;\">_______________________________________________________________<\/p>\n<p style=\"text-align: left;\"><a href=\"https:\/\/le-baron.se\/wp-content\/uploads\/2012\/09\/DSC02100.jpg\"><img loading=\"lazy\" decoding=\"async\" class=\"size-medium wp-image-1503 alignnone\" alt=\"DSC02100\" src=\"https:\/\/le-baron.se\/wp-content\/uploads\/2012\/09\/DSC02100-300x237.jpg\" width=\"278\" height=\"219\" \/><\/a> <a href=\"https:\/\/le-baron.se\/wp-content\/uploads\/2012\/09\/DSC02099.jpg\"><img loading=\"lazy\" decoding=\"async\" class=\"size-medium wp-image-1504 alignright\" alt=\"DSC02099\" src=\"https:\/\/le-baron.se\/wp-content\/uploads\/2012\/09\/DSC02099-300x211.jpg\" width=\"310\" height=\"217\" srcset=\"https:\/\/le-baron.se\/wp-content\/uploads\/2012\/09\/DSC02099-300x211.jpg 300w, https:\/\/le-baron.se\/wp-content\/uploads\/2012\/09\/DSC02099.jpg 836w\" sizes=\"auto, (max-width: 310px) 100vw, 310px\" \/><\/a><\/p>\n<p style=\"text-align: center;\"><span style=\"color: #0000ff;\">100 tals siffror och bokst\u00e4ver till Nummerskyltar \u00e4ven div.skyltar.<\/span><\/p>\n<p style=\"text-align: center;\"><span style=\"color: #0000ff;\">\u00a8\u00a8\u00a8\u00a8\u00a8\u00a8\u00a8\u00a8\u00a8\u00a8\u00a8\u00a8\u00a8\u00a8\u00a8\u00a8\u00a8\u00a8\u00a8\u00a8\u00a8\u00a8\u00a8\u00a8\u00a8\u00a8\u00a8\u00a8\u00a8\u00a8\u00a8\u00a8\u00a8\u00a8\u00a8\u00a8\u00a8\u00a8\u00a8\u00a8\u00a8\u00a8\u00a8\u00a8\u00a8\u00a8\u00a8\u00a8\u00a8\u00a8\u00a8\u00a8\u00a8\u00a8\u00a8\u00a8\u00a8\u00a8\u00a8\u00a8\u00a8\u00a8\u00a8\u00a8\u00a8\u00a8\u00a8\u00a8\u00a8\u00a8\u00a8\u00a8\u00a8\u00a8\u00a8\u00a8\u00a8\u00a8\u00a8\u00a8<\/span><\/p>\n<p style=\"text-align: center;\"><a href=\"https:\/\/le-baron.se\/wp-content\/uploads\/2012\/09\/DSC02102.jpg\"><img loading=\"lazy\" decoding=\"async\" class=\"alignleft size-medium wp-image-1514\" alt=\"DSC02102\" src=\"https:\/\/le-baron.se\/wp-content\/uploads\/2012\/09\/DSC02102-300x224.jpg\" width=\"300\" height=\"224\" srcset=\"https:\/\/le-baron.se\/wp-content\/uploads\/2012\/09\/DSC02102-300x224.jpg 300w, https:\/\/le-baron.se\/wp-content\/uploads\/2012\/09\/DSC02102.jpg 882w\" sizes=\"auto, (max-width: 300px) 100vw, 300px\" \/><\/a><\/p>\n<p style=\"text-align: center;\"><span style=\"color: #0000ff;\">100 tals gl\u00f6dlampor 6v 12 v i en massa konstiga och ovanliga utf\u00f6randen.<\/span><\/p>\n<p style=\"text-align: center;\"><a title=\"ivan@le-baron.se\" href=\"mailto:ivan@le-baron.se\">ivan@le-baron.se<\/a><\/p>\n<p style=\"text-align: center;\"><span style=\"color: #0000ff;\">\u00a8\u00a8\u00a8\u00a8\u00a8\u00a8\u00a8\u00a8\u00a8\u00a8\u00a8\u00a8\u00a8\u00a8\u00a8\u00a8\u00a8\u00a8\u00a8\u00a8\u00a8\u00a8\u00a8\u00a8\u00a8\u00a8\u00a8\u00a8\u00a8\u00a8\u00a8\u00a8\u00a8\u00a8\u00a8\u00a8\u00a8\u00a8\u00a8\u00a8\u00a8\u00a8\u00a8\u00a8\u00a8\u00a8\u00a8\u00a8\u00a8\u00a8\u00a8\u00a8\u00a8\u00a8\u00a8\u00a8\u00a8\u00a8\u00a8\u00a8\u00a8\u00a8\u00a8\u00a8\u00a8\u00a8\u00a8\u00a8\u00a8\u00a8\u00a8\u00a8\u00a8\u00a8\u00a8\u00a8\u00a8\u00a8\u00a8\u00a8<\/span><\/p>\n<p style=\"text-align: center;\"><a href=\"https:\/\/le-baron.se\/wp-content\/uploads\/2012\/09\/DSC02103.jpg\"><img loading=\"lazy\" decoding=\"async\" class=\"alignleft\" alt=\"DSC02103\" src=\"https:\/\/le-baron.se\/wp-content\/uploads\/2012\/09\/DSC02103-289x300.jpg\" width=\"289\" height=\"300\" \/><\/a><\/p>\n<p style=\"text-align: center;\"><span style=\"color: #0000ff;\">En platta med avgaspackningar till diverse gamla motorer<\/span><\/p>\n<p style=\"text-align: center;\"><a title=\"ivan@le-baron.se\" href=\"mailto:ivan@le-baron.se\">ivan@le-baron.se<\/a><\/p>\n<p style=\"text-align: center;\"><span style=\"color: #0000ff;\">\u00a8\u00a8\u00a8\u00a8\u00a8\u00a8\u00a8\u00a8\u00a8\u00a8\u00a8\u00a8\u00a8\u00a8\u00a8\u00a8\u00a8\u00a8\u00a8\u00a8\u00a8\u00a8\u00a8\u00a8\u00a8\u00a8\u00a8\u00a8\u00a8\u00a8\u00a8\u00a8\u00a8\u00a8\u00a8\u00a8\u00a8\u00a8\u00a8\u00a8\u00a8\u00a8\u00a8\u00a8\u00a8\u00a8\u00a8\u00a8\u00a8\u00a8\u00a8\u00a8\u00a8\u00a8\u00a8\u00a8\u00a8\u00a8\u00a8\u00a8\u00a8\u00a8\u00a8\u00a8\u00a8\u00a8\u00a8\u00a8\u00a8\u00a8\u00a8\u00a8\u00a8\u00a8\u00a8\u00a8\u00a8\u00a8\u00a8\u00a8<\/span><\/p>\n<p style=\"text-align: center;\"><a href=\"https:\/\/le-baron.se\/wp-content\/uploads\/2012\/09\/DSC020981.jpg\"><img loading=\"lazy\" decoding=\"async\" class=\"alignleft size-medium wp-image-1494\" alt=\"DSC020981\" src=\"https:\/\/le-baron.se\/wp-content\/uploads\/2012\/09\/DSC020981-300x137.jpg\" width=\"300\" height=\"137\" srcset=\"https:\/\/le-baron.se\/wp-content\/uploads\/2012\/09\/DSC020981-300x137.jpg 300w, https:\/\/le-baron.se\/wp-content\/uploads\/2012\/09\/DSC020981-1024x469.jpg 1024w, https:\/\/le-baron.se\/wp-content\/uploads\/2012\/09\/DSC020981.jpg 1065w\" sizes=\"auto, (max-width: 300px) 100vw, 300px\" \/><\/a><\/p>\n<p style=\"text-align: center;\"><span style=\"color: #0000ff;\">Ett par baklysen till n\u00e5gon bil ?????<\/span><br \/>\n<span style=\"color: #0000ff;\"> N\u00e5gon som vet var de passar,<\/span><br \/>\n<span style=\"color: #0000ff;\"> skicka ett mail.<\/span><\/p>\n<p style=\"text-align: center;\"><a title=\"ivan@le-baron.se\" href=\"mailto:ivan@le-baron.se\">ivan@le-baron.se<\/a><\/p>\n<p style=\"text-align: center;\"><span style=\"color: #0000ff;\">\u00a8\u00a8\u00a8\u00a8\u00a8\u00a8\u00a8\u00a8\u00a8\u00a8\u00a8\u00a8\u00a8\u00a8\u00a8\u00a8\u00a8\u00a8\u00a8\u00a8\u00a8\u00a8\u00a8\u00a8\u00a8\u00a8\u00a8\u00a8\u00a8\u00a8\u00a8\u00a8\u00a8\u00a8\u00a8\u00a8\u00a8\u00a8\u00a8\u00a8\u00a8\u00a8\u00a8\u00a8\u00a8\u00a8\u00a8\u00a8\u00a8\u00a8\u00a8\u00a8\u00a8\u00a8\u00a8\u00a8\u00a8\u00a8\u00a8\u00a8\u00a8\u00a8\u00a8\u00a8\u00a8\u00a8\u00a8\u00a8\u00a8\u00a8\u00a8\u00a8\u00a8\u00a8\u00a8\u00a8\u00a8\u00a8\u00a8\u00a8\u00a8\u00a8\u00a8\u00a8<\/span><\/p>\n<p style=\"text-align: center;\"><span style=\"text-decoration: underline;\"><span style=\"color: #0000ff; text-decoration: underline;\"><img loading=\"lazy\" decoding=\"async\" class=\"alignleft\" alt=\"DSC0208dd2\" src=\"https:\/\/le-baron.se\/wp-content\/uploads\/2014\/11\/DSC0208dd2-300x184.jpg\" width=\"300\" height=\"184\" \/>Jakt och Fiske<\/span><\/span><\/p>\n<p style=\"text-align: center;\"><span style=\"color: #0000ff;\"><span style=\"color: #ff0000;\"><strong>1944<\/strong><em><\/em><\/span><br \/>\n<\/span><\/p>\n<p style=\"text-align: center;\"><span style=\"color: #0000ff;\">2 kataloger med alla tillbeh\u00f6r f\u00f6r Jakt och Fiske. 80\u00a0 sid.<\/span><\/p>\n<p style=\"text-align: center;\"><span style=\"color: #0000ff;\"><a title=\"ivan@le-baron.se\" href=\"mailto:ivan@le-baron.se\">ivan@le-baron.se<\/a><\/span><\/p>\n<p style=\"text-align: center;\"><span style=\"color: #0000ff;\">\u00a8\u00a8\u00a8\u00a8\u00a8\u00a8\u00a8\u00a8\u00a8\u00a8\u00a8\u00a8\u00a8\u00a8\u00a8\u00a8\u00a8\u00a8\u00a8\u00a8\u00a8\u00a8\u00a8\u00a8\u00a8\u00a8\u00a8\u00a8\u00a8\u00a8\u00a8\u00a8\u00a8\u00a8\u00a8\u00a8\u00a8\u00a8\u00a8\u00a8\u00a8\u00a8\u00a8\u00a8\u00a8\u00a8\u00a8\u00a8\u00a8\u00a8\u00a8\u00a8\u00a8\u00a8\u00a8\u00a8\u00a8\u00a8\u00a8\u00a8\u00a8\u00a8\u00a8\u00a8\u00a8\u00a8\u00a8\u00a8\u00a8\u00a8\u00a8\u00a8\u00a8\u00a8\u00a8\u00a8\u00a8\u00a8\u00a8\u00a8\u00a8\u00a8\u00a8\u00a8<\/span><\/p>\n<p style=\"text-align: center;\"><span style=\"color: #0000ff;\">Stort Beg. Mercedes M\u00e4rke&#8230;&#8230;&#8230;&#8230;&#8230;&#8230;&#8230;&#8230;&#8230; Beg.Tanklock till PUCH Dakota<\/span><\/p>\n<p style=\"text-align: left;\"><a href=\"https:\/\/le-baron.se\/wp-content\/uploads\/2012\/09\/61.jpg\"><img loading=\"lazy\" decoding=\"async\" class=\"size-medium wp-image-1252\" alt=\"6\" src=\"https:\/\/le-baron.se\/wp-content\/uploads\/2012\/09\/61-300x229.jpg\" width=\"300\" height=\"229\" srcset=\"https:\/\/le-baron.se\/wp-content\/uploads\/2012\/09\/61-300x229.jpg 300w, https:\/\/le-baron.se\/wp-content\/uploads\/2012\/09\/61-1024x782.jpg 1024w, https:\/\/le-baron.se\/wp-content\/uploads\/2012\/09\/61.jpg 1130w\" sizes=\"auto, (max-width: 300px) 100vw, 300px\" \/><\/a> <a href=\"https:\/\/le-baron.se\/wp-content\/uploads\/2012\/09\/71.jpg\"><img loading=\"lazy\" decoding=\"async\" class=\"alignright size-medium wp-image-1253\" alt=\"7\" src=\"https:\/\/le-baron.se\/wp-content\/uploads\/2012\/09\/71-300x243.jpg\" width=\"300\" height=\"233\" \/><\/a><\/p>\n<p style=\"text-align: right;\"><a title=\"ivan@le-baron.se\" href=\"mailto:ivan@le-baron.se\">ivan@le-baron.se<\/a><\/p>\n<p style=\"text-align: center;\"><span style=\"color: #0000ff;\">\u00a8\u00a8\u00a8\u00a8\u00a8\u00a8\u00a8\u00a8\u00a8\u00a8\u00a8\u00a8\u00a8\u00a8\u00a8\u00a8\u00a8\u00a8\u00a8\u00a8\u00a8\u00a8\u00a8\u00a8\u00a8\u00a8\u00a8\u00a8\u00a8\u00a8\u00a8\u00a8\u00a8\u00a8\u00a8\u00a8\u00a8\u00a8\u00a8\u00a8\u00a8\u00a8\u00a8\u00a8\u00a8\u00a8\u00a8\u00a8\u00a8\u00a8\u00a8\u00a8\u00a8\u00a8\u00a8\u00a8\u00a8\u00a8\u00a8\u00a8\u00a8\u00a8\u00a8\u00a8\u00a8\u00a8\u00a8\u00a8\u00a8\u00a8\u00a8\u00a8\u00a8\u00a8\u00a8\u00a8\u00a8\u00a8\u00a8\u00a8\u00a8\u00a8\u00a8\u00a8<\/span><\/p>\n<h1 style=\"text-align: center;\"><span style=\"color: #0000ff;\"><a href=\"https:\/\/le-baron.se\/wp-content\/uploads\/2012\/09\/P1010009s.jpg\"><span style=\"color: #0000ff;\">LJUNGHALMS\u00a0 <\/span><\/a><\/span><span style=\"text-decoration: underline;\"><span style=\"color: #0000ff; text-decoration: underline;\">Fatpump<\/span><\/span><\/h1>\n<p><a href=\"https:\/\/le-baron.se\/wp-content\/uploads\/2012\/09\/P1010009s.jpg\"><img loading=\"lazy\" decoding=\"async\" class=\"size-medium wp-image-960 aligncenter\" alt=\"P1010009s\" src=\"https:\/\/le-baron.se\/wp-content\/uploads\/2012\/09\/P1010009s-170x300.jpg\" width=\"170\" height=\"300\" srcset=\"https:\/\/le-baron.se\/wp-content\/uploads\/2012\/09\/P1010009s-170x300.jpg 170w, https:\/\/le-baron.se\/wp-content\/uploads\/2012\/09\/P1010009s.jpg 518w\" sizes=\"auto, (max-width: 170px) 100vw, 170px\" \/><\/a><span style=\"color: #0000ff;\">\u00a8\u00a8\u00a8\u00a8\u00a8\u00a8\u00a8\u00a8\u00a8\u00a8\u00a8\u00a8\u00a8\u00a8\u00a8\u00a8\u00a8\u00a8\u00a8\u00a8\u00a8\u00a8\u00a8\u00a8\u00a8\u00a8\u00a8\u00a8\u00a8\u00a8\u00a8\u00a8\u00a8\u00a8\u00a8\u00a8\u00a8\u00a8\u00a8\u00a8\u00a8\u00a8\u00a8\u00a8\u00a8\u00a8\u00a8\u00a8\u00a8\u00a8\u00a8\u00a8\u00a8\u00a8\u00a8\u00a8\u00a8\u00a8\u00a8\u00a8\u00a8\u00a8\u00a8\u00a8\u00a8\u00a8\u00a8\u00a8\u00a8\u00a8\u00a8\u00a8\u00a8\u00a8\u00a8\u00a8\u00a8\u00a8\u00a8\u00a8\u00a8\u00a8\u00a8\u00a8\u00a8\u00a8\u00a8\u00a8<\/span><\/p>\n<p style=\"text-align: center;\">Ljungmans Pump Mod. 71. \u00e5r. 1955<\/p>\n<p><a href=\"https:\/\/le-baron.se\/wp-content\/uploads\/2012\/09\/IMG_3005a.jpg\"><img loading=\"lazy\" decoding=\"async\" class=\"alignleft size-medium wp-image-2227\" alt=\"IMG_3005a\" src=\"https:\/\/le-baron.se\/wp-content\/uploads\/2012\/09\/IMG_3005a-300x225.jpg\" width=\"223\" height=\"225\" \/><\/a><a href=\"https:\/\/le-baron.se\/wp-content\/uploads\/2012\/09\/IMG_3008a.jpg\"><img loading=\"lazy\" decoding=\"async\" class=\"size-medium wp-image-2230 alignright\" alt=\"IMG_3008a\" src=\"https:\/\/le-baron.se\/wp-content\/uploads\/2012\/09\/IMG_3008a-224x300.jpg\" width=\"224\" height=\"234\" \/><\/a><\/p>\n<p>Bl\u00e4strad och m\u00e5lad<br \/>\ninv\u00e4ndig. Bl\u00e4strad<br \/>\noch grundm\u00e5lad utv\u00e4ndig. Fina<br \/>\nvisare, Nya m\u00e4tartavlor, Nya<br \/>\nlister till d\u00f6rrarna, Nyckel l\u00e5s och Vev. Ej Mekaniskt<br \/>\nrenoverad. Finns \u00e4ven Shell dekaler. Beh\u00f6ver f\u00e4rg och glas och dekal ovan m\u00e4tartavlorna.<img loading=\"lazy\" decoding=\"async\" class=\"alignright\" alt=\"IMG_3011a\" src=\"https:\/\/le-baron.se\/wp-content\/uploads\/2012\/09\/IMG_3011a-225x300.jpg\" width=\"107\" height=\"197\" \/><\/p>\n<p><a href=\"https:\/\/le-baron.se\/wp-content\/uploads\/2012\/09\/Nyckel-till-Pump.png\"><img loading=\"lazy\" decoding=\"async\" alt=\"Nyckel till Pump\" src=\"https:\/\/le-baron.se\/wp-content\/uploads\/2012\/09\/Nyckel-till-Pump-300x271.png\" width=\"208\" height=\"183\" \/><\/a><\/p>\n<p><a href=\"https:\/\/le-baron.se\/wp-content\/uploads\/2012\/09\/IMG_3007a.jpg\"><img loading=\"lazy\" decoding=\"async\" alt=\"IMG_3007a\" src=\"https:\/\/le-baron.se\/wp-content\/uploads\/2012\/09\/IMG_3007a-225x300.jpg\" width=\"225\" height=\"300\" \/><\/a><a href=\"https:\/\/le-baron.se\/wp-content\/uploads\/2012\/09\/IMG_3006a.jpg\"><img loading=\"lazy\" decoding=\"async\" class=\"size-medium wp-image-2228 alignright\" alt=\"IMG_3006a\" src=\"https:\/\/le-baron.se\/wp-content\/uploads\/2012\/09\/IMG_3006a-225x300.jpg\" width=\"225\" height=\"300\" srcset=\"https:\/\/le-baron.se\/wp-content\/uploads\/2012\/09\/IMG_3006a-225x300.jpg 225w, https:\/\/le-baron.se\/wp-content\/uploads\/2012\/09\/IMG_3006a.jpg 735w\" sizes=\"auto, (max-width: 225px) 100vw, 225px\" \/><\/a><\/p>\n<p>&nbsp;<\/p>\n<p style=\"text-align: center;\"><span style=\"color: #0000ff;\">_______________________________________________________________________<\/span><\/p>\n<p style=\"text-align: center;\"><a href=\"https:\/\/le-baron.se\/wp-content\/uploads\/2012\/09\/DSC020845.jpg\"><img loading=\"lazy\" decoding=\"async\" class=\"size-medium wp-image-1404 alignleft\" alt=\"DSC020845\" src=\"https:\/\/le-baron.se\/wp-content\/uploads\/2012\/09\/DSC020845-300x207.jpg\" width=\"300\" height=\"207\" srcset=\"https:\/\/le-baron.se\/wp-content\/uploads\/2012\/09\/DSC020845-300x207.jpg 300w, https:\/\/le-baron.se\/wp-content\/uploads\/2012\/09\/DSC020845.jpg 1013w\" sizes=\"auto, (max-width: 300px) 100vw, 300px\" \/><\/a><span style=\"text-decoration: underline;\"><span style=\"color: #0000ff; text-decoration: underline;\">Signalhorn<\/span><\/span><\/p>\n<p style=\"text-align: center;\"><span style=\"color: #0000ff;\">\u00a04st beg fungerande gamla horn.<\/span><\/p>\n<p>&nbsp;<\/p>\n<p>&nbsp;<\/p>\n<p><span style=\"color: #0000ff;\">\u00a8\u00a8\u00a8\u00a8\u00a8\u00a8\u00a8\u00a8\u00a8\u00a8\u00a8\u00a8\u00a8\u00a8\u00a8\u00a8\u00a8\u00a8\u00a8\u00a8\u00a8\u00a8\u00a8\u00a8\u00a8\u00a8\u00a8\u00a8\u00a8\u00a8\u00a8\u00a8\u00a8\u00a8\u00a8\u00a8\u00a8\u00a8\u00a8\u00a8\u00a8\u00a8\u00a8\u00a8\u00a8\u00a8\u00a8\u00a8\u00a8\u00a8\u00a8\u00a8\u00a8\u00a8\u00a8\u00a8\u00a8\u00a8\u00a8\u00a8\u00a8\u00a8\u00a8\u00a8\u00a8\u00a8\u00a8\u00a8\u00a8\u00a8\u00a8\u00a8\u00a8\u00a8\u00a8\u00a8\u00a8\u00a8\u00a8\u00a8\u00a8\u00a8\u00a8\u00a8<\/span><\/p>\n<p style=\"text-align: center;\"><span style=\"color: #0000ff;\">VOLVO BM\u00a0 och Hymans<\/span><\/p>\n<p style=\"text-align: left;\"><a href=\"https:\/\/le-baron.se\/wp-content\/uploads\/2012\/09\/3.jpg\"><img loading=\"lazy\" decoding=\"async\" class=\"alignleft size-medium wp-image-1199\" alt=\"3\" src=\"https:\/\/le-baron.se\/wp-content\/uploads\/2012\/09\/3-300x133.jpg\" width=\"276\" height=\"129\" \/><\/a><a href=\"https:\/\/le-baron.se\/wp-content\/uploads\/2012\/09\/2.jpg\"><img loading=\"lazy\" decoding=\"async\" class=\"alignright size-medium wp-image-1200\" alt=\"2\" src=\"https:\/\/le-baron.se\/wp-content\/uploads\/2012\/09\/2-300x127.jpg\" width=\"300\" height=\"127\" srcset=\"https:\/\/le-baron.se\/wp-content\/uploads\/2012\/09\/2-300x127.jpg 300w, https:\/\/le-baron.se\/wp-content\/uploads\/2012\/09\/2.jpg 774w\" sizes=\"auto, (max-width: 300px) 100vw, 300px\" \/><\/a><\/p>\n<p style=\"text-align: center;\"><a href=\"https:\/\/le-baron.se\/wp-content\/uploads\/2012\/09\/11.jpg\"><img loading=\"lazy\" decoding=\"async\" class=\"aligncenter size-medium wp-image-1205\" alt=\"11\" src=\"https:\/\/le-baron.se\/wp-content\/uploads\/2012\/09\/11-300x202.jpg\" width=\"300\" height=\"202\" srcset=\"https:\/\/le-baron.se\/wp-content\/uploads\/2012\/09\/11-300x202.jpg 300w, https:\/\/le-baron.se\/wp-content\/uploads\/2012\/09\/11-1024x692.jpg 1024w, https:\/\/le-baron.se\/wp-content\/uploads\/2012\/09\/11.jpg 1342w\" sizes=\"auto, (max-width: 300px) 100vw, 300px\" \/><\/a><span style=\"color: #0000ff;\">Typ och Belastnings skyltar.<\/span><\/p>\n<h2 style=\"text-align: center;\"><strong>Om det finns ????? eller intresse f\u00f6r n\u00e5got,\u00a0 pris p\u00e5 delar,<\/strong><br \/>\n<strong> skicka ett mail till<\/strong><\/h2>\n<p style=\"text-align: center;\"><strong><\/strong><a title=\"ivan@le-baron.se\" href=\"mailto:ivan@le-baron.se\">ivan@le-baron.se<\/a><strong><\/strong><\/p>\n<p style=\"text-align: center;\"><span style=\"color: #ff0000;\"><strong>G\u00e5r inte att anv\u00e4nda WordPress f\u00f6r att kontakta mig.<\/strong><\/span><\/p>\n<p style=\"text-align: center;\"><strong><span style=\"color: #0000ff;\">******************************************************************************************<\/span><\/strong><\/p>\n","protected":false},"excerpt":{"rendered":"<p>Klicka p\u00e5 bilderna s\u00e5 f\u00f6rstoras dom. Om det finns ????? eller intresse f\u00f6r n\u00e5got,\u00a0 pris p\u00e5 delar, skicka ett mail till Kontaktas via mail.\u00a0\u00a0\u00a0 ivan@le-baron.se G\u00e5r inte att anv\u00e4nda WordPress f\u00f6r att kontakta mig. ________________________________________________________________ Mercedes Compact L\u00e5ng Taxi &#8230;&#8230;. &hellip; <a href=\"https:\/\/le-baron.se\/?page_id=832\">Forts\u00e4tt l\u00e4sa <span class=\"meta-nav\">&rarr;<\/span><\/a><\/p>\n","protected":false},"author":1,"featured_media":0,"parent":687,"menu_order":0,"comment_status":"open","ping_status":"open","template":"","meta":{"footnotes":""},"class_list":["post-832","page","type-page","status-publish","hentry"],"_links":{"self":[{"href":"https:\/\/le-baron.se\/index.php?rest_route=\/wp\/v2\/pages\/832","targetHints":{"allow":["GET"]}}],"collection":[{"href":"https:\/\/le-baron.se\/index.php?rest_route=\/wp\/v2\/pages"}],"about":[{"href":"https:\/\/le-baron.se\/index.php?rest_route=\/wp\/v2\/types\/page"}],"author":[{"embeddable":true,"href":"https:\/\/le-baron.se\/index.php?rest_route=\/wp\/v2\/users\/1"}],"replies":[{"embeddable":true,"href":"https:\/\/le-baron.se\/index.php?rest_route=%2Fwp%2Fv2%2Fcomments&post=832"}],"version-history":[{"count":135,"href":"https:\/\/le-baron.se\/index.php?rest_route=\/wp\/v2\/pages\/832\/revisions"}],"predecessor-version":[{"id":2376,"href":"https:\/\/le-baron.se\/index.php?rest_route=\/wp\/v2\/pages\/832\/revisions\/2376"}],"up":[{"embeddable":true,"href":"https:\/\/le-baron.se\/index.php?rest_route=\/wp\/v2\/pages\/687"}],"wp:attachment":[{"href":"https:\/\/le-baron.se\/index.php?rest_route=%2Fwp%2Fv2%2Fmedia&parent=832"}],"curies":[{"name":"wp","href":"https:\/\/api.w.org\/{rel}","templated":true}]}}