{"id":70,"date":"2011-06-02T17:48:24","date_gmt":"2011-06-02T17:48:24","guid":{"rendered":"http:\/\/le-baron.se.skellnet.se\/?page_id=70"},"modified":"2022-12-28T17:52:23","modified_gmt":"2022-12-28T17:52:23","slug":"dodge-59-2","status":"publish","type":"page","link":"https:\/\/le-baron.se\/?page_id=70","title":{"rendered":"DODGE -59"},"content":{"rendered":"<p style=\"padding-left: 180px;\"><strong><span style=\"text-decoration: underline; color: #000000;\">En solbr\u00e4nd Dodge som v\u00e4ntar p\u00e5 att renoveras.<\/span><\/strong><\/p>\n<p style=\"padding-left: 210px;\"><span style=\"color: #000000;\">Kontaktas via mail.<\/span> <a title=\"ivan@le-baron.se\" href=\"mailto:ivan@le-baron.se\">ivan@le-baron.se<\/a><\/p>\n<p style=\"padding-left: 210px;\"><span style=\"color: #800000;\">Klicka p\u00e5 bilderna s\u00e5 blir dom stora.<\/span><\/p>\n<p><img loading=\"lazy\" decoding=\"async\" class=\"size-medium wp-image-80\" title=\"Dodge -59 som bruksbil ska renoveras.\" alt=\"\" src=\"https:\/\/le-baron.se\/wp-content\/uploads\/2011\/06\/P1010048-300x225.jpg\" width=\"300\" height=\"225\" srcset=\"https:\/\/le-baron.se\/wp-content\/uploads\/2011\/06\/P1010048-300x225.jpg 300w, https:\/\/le-baron.se\/wp-content\/uploads\/2011\/06\/P1010048-1024x768.jpg 1024w, https:\/\/le-baron.se\/wp-content\/uploads\/2011\/06\/P1010048.jpg 2048w\" sizes=\"auto, (max-width: 300px) 100vw, 300px\" \/> <a href=\"https:\/\/le-baron.se\/wp-content\/uploads\/2011\/06\/d1.jpg\"><img loading=\"lazy\" decoding=\"async\" class=\"size-medium wp-image-192 alignright\" title=\"OLYMPUS DIGITAL CAMERA\" alt=\"\" src=\"https:\/\/le-baron.se\/wp-content\/uploads\/2011\/06\/d1-300x224.jpg\" width=\"300\" height=\"224\" srcset=\"https:\/\/le-baron.se\/wp-content\/uploads\/2011\/06\/d1-300x224.jpg 300w, https:\/\/le-baron.se\/wp-content\/uploads\/2011\/06\/d1.jpg 902w\" sizes=\"auto, (max-width: 300px) 100vw, 300px\" \/><br \/>\n<\/a><\/p>\n<p><a href=\"https:\/\/le-baron.se\/wp-content\/uploads\/2011\/06\/d3.jpg\"><img loading=\"lazy\" decoding=\"async\" class=\"alignnone size-medium wp-image-194\" title=\"OLYMPUS DIGITAL CAMERA\" alt=\"\" src=\"https:\/\/le-baron.se\/wp-content\/uploads\/2011\/06\/d3-300x224.jpg\" width=\"300\" height=\"224\" srcset=\"https:\/\/le-baron.se\/wp-content\/uploads\/2011\/06\/d3-300x224.jpg 300w, https:\/\/le-baron.se\/wp-content\/uploads\/2011\/06\/d3.jpg 902w\" sizes=\"auto, (max-width: 300px) 100vw, 300px\" \/><\/a> <a href=\"https:\/\/le-baron.se\/wp-content\/uploads\/2011\/06\/d2.jpg\"><img loading=\"lazy\" decoding=\"async\" class=\"size-medium wp-image-193 alignright\" title=\"OLYMPUS DIGITAL CAMERA\" alt=\"\" src=\"https:\/\/le-baron.se\/wp-content\/uploads\/2011\/06\/d2-300x224.jpg\" width=\"300\" height=\"224\" srcset=\"https:\/\/le-baron.se\/wp-content\/uploads\/2011\/06\/d2-300x224.jpg 300w, https:\/\/le-baron.se\/wp-content\/uploads\/2011\/06\/d2.jpg 902w\" sizes=\"auto, (max-width: 300px) 100vw, 300px\" \/><\/a><\/p>\n<p style=\"text-align: center;\"><span style=\"color: #000000;\">Bruksbilen ska renoveras n\u00e5gon g\u00e5ng men den \u00e4r fin att k\u00f6ra som den \u00e4r.<\/span><br \/>\nMaila.\u00a0\u00a0\u00a0<a title=\"ivan@le-baron.se\" href=\"mailto:ivan@le-baron.se\">ivan@le-baron.se<\/a><br \/>\n&#8212;&#8212;&#8212;&#8212;&#8212;&#8212;&#8212;&#8212;&#8212;&#8212;&#8212;&#8212;&#8212;&#8212;&#8212;&#8212;&#8212;&#8212;&#8212;&#8212;&#8212;&#8212;&#8212;&#8212;&#8212;&#8212;&#8212;&#8212;&#8212;&#8212;&#8212;&#8212;&#8212;<\/p>\n<p style=\"text-align: center;\"><span style=\"color: #000000;\">Jag har tillverkat pressverktyg\u00a0 till skylth\u00e5llaren,Passar dom sm\u00e5 pl\u00e5tskyltarna.<\/span><br \/>\n<span style=\"color: #000000;\"> Ser bra ut n\u00e4r man slipper en massa fula skruvskallar genom skylten.<\/span><\/p>\n<p style=\"text-align: center;\"><a href=\"https:\/\/le-baron.se\/wp-content\/uploads\/2011\/06\/P1010052.jpg\"><img loading=\"lazy\" decoding=\"async\" class=\"size-medium wp-image-1020 alignleft\" alt=\"P1010052\" src=\"https:\/\/le-baron.se\/wp-content\/uploads\/2011\/06\/P1010052-300x225.jpg\" width=\"300\" height=\"225\" srcset=\"https:\/\/le-baron.se\/wp-content\/uploads\/2011\/06\/P1010052-300x225.jpg 300w, https:\/\/le-baron.se\/wp-content\/uploads\/2011\/06\/P1010052-1024x768.jpg 1024w, https:\/\/le-baron.se\/wp-content\/uploads\/2011\/06\/P1010052.jpg 2048w\" sizes=\"auto, (max-width: 300px) 100vw, 300px\" \/><\/a><\/p>\n<p style=\"text-align: center;\"><span style=\"color: #000000;\">Passade p\u00e5 att tillverka ett drag till bilen s\u00e5 att den g\u00e5r att anv\u00e4nda.<\/span><\/p>\n<p style=\"text-align: left;\">&#8212;&#8212;&#8212;&#8212;&#8212;&#8212;&#8212;&#8212;&#8212;&#8212;&#8212;&#8212;&#8212;&#8212;&#8212;&#8212;&#8212;&#8212;&#8212;&#8212;&#8212;&#8212;&#8212;&#8212;&#8212;&#8212;&#8212;&#8212;&#8212;&#8212;&#8212;&#8212;&#8212;&#8212;&#8212;&#8212;&#8212;&#8212;-<\/p>\n<p><a href=\"https:\/\/le-baron.se\/wp-content\/uploads\/2011\/06\/IMG_0561.jpg\"><img loading=\"lazy\" decoding=\"async\" class=\"alignleft\" alt=\"IMG_0561\" src=\"https:\/\/le-baron.se\/wp-content\/uploads\/2011\/06\/IMG_0561-300x225.jpg\" width=\"270\" height=\"203\" \/><\/a><a href=\"https:\/\/le-baron.se\/wp-content\/uploads\/2011\/06\/IMG_0559.jpg\"><img loading=\"lazy\" decoding=\"async\" class=\"alignright  wp-image-2298\" alt=\"IMG_0559\" src=\"https:\/\/le-baron.se\/wp-content\/uploads\/2011\/06\/IMG_0559-300x225.jpg\" width=\"270\" height=\"203\" srcset=\"https:\/\/le-baron.se\/wp-content\/uploads\/2011\/06\/IMG_0559-300x225.jpg 300w, https:\/\/le-baron.se\/wp-content\/uploads\/2011\/06\/IMG_0559-1024x768.jpg 1024w\" sizes=\"auto, (max-width: 270px) 100vw, 270px\" \/><\/a><\/p>\n<p>&nbsp;<\/p>\n<p>&nbsp;<\/p>\n<p>&nbsp;<\/p>\n<p>&nbsp;<\/p>\n<p>&nbsp;<\/p>\n<p style=\"text-align: center;\"><span style=\"color: #000000;\">En kv\u00e4ll i februari 2021. k\u00f6rde jag en sv\u00e4ng med Dodgen och sen s\u00e5 backade jag in den och b\u00f6rjade riva i den.<\/span><br \/>\n<span style=\"color: #000000;\"> Jag hade s\u00e5lt 326 an och den skulle h\u00e4mtas s\u00e5 nu fans det inget val.<\/span><\/p>\n<p style=\"text-align: left;\">______________________________________________________________________<\/p>\n<p style=\"text-align: center;\"><a href=\"https:\/\/le-baron.se\/wp-content\/uploads\/2011\/06\/IMG_0592.jpg\"><img loading=\"lazy\" decoding=\"async\" class=\"alignleft  wp-image-2300\" alt=\"IMG_0592\" src=\"https:\/\/le-baron.se\/wp-content\/uploads\/2011\/06\/IMG_0592-300x225.jpg\" width=\"225\" height=\"203\" \/><\/a><img loading=\"lazy\" decoding=\"async\" class=\" wp-image-2302 alignright\" alt=\"IMG_0639\" src=\"https:\/\/le-baron.se\/wp-content\/uploads\/2011\/06\/IMG_0639-300x225.jpg\" width=\"270\" height=\"203\" srcset=\"https:\/\/le-baron.se\/wp-content\/uploads\/2011\/06\/IMG_0639-300x225.jpg 300w, https:\/\/le-baron.se\/wp-content\/uploads\/2011\/06\/IMG_0639-1024x768.jpg 1024w\" sizes=\"auto, (max-width: 270px) 100vw, 270px\" \/><span style=\"color: #000000;\">Jag plockade ut 326 an som jag ska ers\u00e4ttas<\/span><br \/>\n<span style=\"color: #000000;\"> med en helrenoverad 413 med 3 stegs l\u00e5da fr\u00e5n -59.<\/span><\/p>\n<p style=\"text-align: center;\"><span style=\"color: #000000;\">Nu \u00e4r det bara att riva av allt s\u00e5 man kan b\u00f6rja bl\u00e4stra och m\u00e5la<\/span><br \/>\n_______________________________________________________________________<br \/>\n<a href=\"https:\/\/le-baron.se\/wp-content\/uploads\/2011\/06\/IMG_0695.jpg\"><img loading=\"lazy\" decoding=\"async\" class=\"alignleft  wp-image-2304\" alt=\"IMG_0695\" src=\"https:\/\/le-baron.se\/wp-content\/uploads\/2011\/06\/IMG_0695-300x225.jpg\" width=\"270\" height=\"203\" srcset=\"https:\/\/le-baron.se\/wp-content\/uploads\/2011\/06\/IMG_0695-300x225.jpg 300w, https:\/\/le-baron.se\/wp-content\/uploads\/2011\/06\/IMG_0695-1024x768.jpg 1024w\" sizes=\"auto, (max-width: 270px) 100vw, 270px\" \/><\/a><a href=\"https:\/\/le-baron.se\/wp-content\/uploads\/2011\/06\/IMG_0696.jpg\"><img loading=\"lazy\" decoding=\"async\" class=\"alignright  wp-image-2305\" alt=\"IMG_0696\" src=\"https:\/\/le-baron.se\/wp-content\/uploads\/2011\/06\/IMG_0696-300x225.jpg\" width=\"270\" height=\"203\" srcset=\"https:\/\/le-baron.se\/wp-content\/uploads\/2011\/06\/IMG_0696-300x225.jpg 300w, https:\/\/le-baron.se\/wp-content\/uploads\/2011\/06\/IMG_0696-1024x768.jpg 1024w\" sizes=\"auto, (max-width: 270px) 100vw, 270px\" \/><\/a><span style=\"color: #000000;\">Karossen och ramen \u00e4r nu separerade och nu ska en massa delar med ramen och bl\u00e4stras.<\/span><\/p>\n<p style=\"text-align: left;\">&#8212;&#8212;&#8212;&#8212;&#8212;&#8212;&#8212;&#8212;&#8212;&#8212;&#8212;&#8212;&#8212;&#8212;&#8212;&#8212;&#8212;&#8212;&#8212;&#8212;&#8212;&#8212;&#8212;&#8212;&#8212;&#8212;&#8212;&#8212;&#8212;&#8212;&#8212;&#8212;&#8212;&#8212;&#8212;&#8212;&#8212;&#8212;&#8212;&#8212;&#8211;<br \/>\n<a href=\"https:\/\/le-baron.se\/wp-content\/uploads\/2011\/06\/IMG_0698.jpg\"><img loading=\"lazy\" decoding=\"async\" class=\"wp-image-2309\" alt=\"IMG_0698\" src=\"https:\/\/le-baron.se\/wp-content\/uploads\/2011\/06\/IMG_0698-300x225.jpg\" width=\"238\" height=\"178\" srcset=\"https:\/\/le-baron.se\/wp-content\/uploads\/2011\/06\/IMG_0698-300x225.jpg 300w, https:\/\/le-baron.se\/wp-content\/uploads\/2011\/06\/IMG_0698-1024x768.jpg 1024w\" sizes=\"auto, (max-width: 238px) 100vw, 238px\" \/><img loading=\"lazy\" decoding=\"async\" class=\"alignright\" alt=\"IMG_0708\" src=\"https:\/\/le-baron.se\/wp-content\/uploads\/2011\/06\/IMG_0708-300x225.jpg\" width=\"240\" height=\"180\" \/><\/a><\/p>\n<p style=\"text-align: center;\"><a href=\"https:\/\/le-baron.se\/wp-content\/uploads\/2011\/06\/IMG_0707.jpg\"><img loading=\"lazy\" decoding=\"async\" class=\"alignleft  wp-image-2315\" alt=\"IMG_0707\" src=\"https:\/\/le-baron.se\/wp-content\/uploads\/2011\/06\/IMG_0707-300x225.jpg\" width=\"240\" height=\"180\" srcset=\"https:\/\/le-baron.se\/wp-content\/uploads\/2011\/06\/IMG_0707-300x225.jpg 300w, https:\/\/le-baron.se\/wp-content\/uploads\/2011\/06\/IMG_0707-1024x768.jpg 1024w\" sizes=\"auto, (max-width: 240px) 100vw, 240px\" \/><\/a><span style=\"color: #000000;\">Nu \u00e4r det<\/span> <a href=\"https:\/\/le-baron.se\/wp-content\/uploads\/2011\/06\/IMG_0716.jpg\"><img loading=\"lazy\" decoding=\"async\" class=\"alignright\" alt=\"IMG_0716\" src=\"https:\/\/le-baron.se\/wp-content\/uploads\/2011\/06\/IMG_0716-300x225.jpg\" width=\"240\" height=\"180\" \/><\/a><br \/>\n<span style=\"color: #000000;\">bl\u00e4strat och<\/span><br \/>\n<span style=\"color: #000000;\"> fint, S\u00e5 nu \u00e4r<\/span><br \/>\n<span style=\"color: #000000;\"> det bara att<\/span><br \/>\n<span style=\"color: #000000;\"> m\u00e5la och<\/span><br \/>\n<span style=\"color: #000000;\"> b\u00f6rja<\/span><br \/>\n<span style=\"color: #000000;\"> \u00e5termontera<\/span><br \/>\n<span style=\"color: #000000;\"> p\u00e5 ramen.<\/span><\/p>\n<p style=\"text-align: center;\">_______________________________________________________________________<br \/>\n<a href=\"https:\/\/le-baron.se\/wp-content\/uploads\/2011\/06\/IMG_0701.jpg\"><img loading=\"lazy\" decoding=\"async\" class=\"alignleft\" alt=\"IMG_0701\" src=\"https:\/\/le-baron.se\/wp-content\/uploads\/2011\/06\/IMG_0701-300x225.jpg\" width=\"240\" height=\"180\" \/><\/a><span style=\"color: #000000;\">Blad fj\u00e4drarna renoverade och v\u00e4ntar p\u00e5 nya bussningar i stor \u00e4ndan,<\/span><br \/>\n<span style=\"color: #000000;\"> Ska pressas in i den fr\u00e4mre delen av fj\u00e4dern.<\/span><\/p>\n<p>&nbsp;<\/p>\n<p style=\"text-align: center;\">________________________________________________________________________<br \/>\n<a href=\"https:\/\/le-baron.se\/wp-content\/uploads\/2011\/06\/IMG_0742.jpg\"><img loading=\"lazy\" decoding=\"async\" class=\"alignleft  wp-image-2328\" alt=\"IMG_0742\" src=\"https:\/\/le-baron.se\/wp-content\/uploads\/2011\/06\/IMG_0742-300x225.jpg\" width=\"240\" height=\"180\" srcset=\"https:\/\/le-baron.se\/wp-content\/uploads\/2011\/06\/IMG_0742-300x225.jpg 300w, https:\/\/le-baron.se\/wp-content\/uploads\/2011\/06\/IMG_0742-1024x768.jpg 1024w\" sizes=\"auto, (max-width: 240px) 100vw, 240px\" \/><\/a><a href=\"https:\/\/le-baron.se\/wp-content\/uploads\/2011\/06\/IMG_0743.jpg\"><img loading=\"lazy\" decoding=\"async\" class=\"alignright  wp-image-2329\" alt=\"IMG_0743\" src=\"https:\/\/le-baron.se\/wp-content\/uploads\/2011\/06\/IMG_0743-300x225.jpg\" width=\"240\" height=\"180\" srcset=\"https:\/\/le-baron.se\/wp-content\/uploads\/2011\/06\/IMG_0743-300x225.jpg 300w, https:\/\/le-baron.se\/wp-content\/uploads\/2011\/06\/IMG_0743-1024x768.jpg 1024w\" sizes=\"auto, (max-width: 240px) 100vw, 240px\" \/><\/a><span style=\"color: #000000;\">Motor och<\/span><br \/>\n<span style=\"color: #000000;\"> automaten p\u00e5<\/span><br \/>\n<span style=\"color: #000000;\"> plats i ramen.<\/span><\/p>\n<p style=\"text-align: center;\"><span style=\"color: #000000;\">Uppgraderar<\/span><br \/>\n<span style=\"color: #000000;\"> med servo<\/span><br \/>\n<span style=\"color: #000000;\"> sn\u00e4cka.<\/span><\/p>\n<p style=\"text-align: center;\">_________________________________________________________________________<br \/>\n<a href=\"https:\/\/le-baron.se\/wp-content\/uploads\/2011\/06\/IMG_0747.jpg\"><img loading=\"lazy\" decoding=\"async\" class=\"alignleft  wp-image-2332\" alt=\"IMG_0747\" src=\"https:\/\/le-baron.se\/wp-content\/uploads\/2011\/06\/IMG_0747-300x225.jpg\" width=\"225\" height=\"180\" \/><\/a><a href=\"https:\/\/le-baron.se\/wp-content\/uploads\/2011\/06\/IMG_0746.jpg\"><img loading=\"lazy\" decoding=\"async\" class=\"alignright  wp-image-2333\" alt=\"IMG_0746\" src=\"https:\/\/le-baron.se\/wp-content\/uploads\/2011\/06\/IMG_0746-300x225.jpg\" width=\"225\" height=\"180\" \/><\/a><span style=\"color: #000000;\">Monterat nya<\/span><br \/>\n<span style=\"color: #000000;\"> bromsr\u00f6r och<\/span><br \/>\n<span style=\"color: #000000;\"> br\u00e4nsle r\u00f6r.<\/span><\/p>\n<p style=\"text-align: center;\"><span style=\"color: #000000;\">B\u00f6rjat med avgas-<\/span><br \/>\n<span style=\"color: #000000;\"> systemet ocks\u00e5.<\/span><\/p>\n<p style=\"text-align: center;\">_________________________________________________________________________<br \/>\n<a href=\"https:\/\/le-baron.se\/wp-content\/uploads\/2011\/06\/IMG_0771.jpg\"><img loading=\"lazy\" decoding=\"async\" class=\"alignleft  wp-image-2338\" alt=\"IMG_0771\" src=\"https:\/\/le-baron.se\/wp-content\/uploads\/2011\/06\/IMG_0771-300x225.jpg\" width=\"240\" height=\"180\" srcset=\"https:\/\/le-baron.se\/wp-content\/uploads\/2011\/06\/IMG_0771-300x225.jpg 300w, https:\/\/le-baron.se\/wp-content\/uploads\/2011\/06\/IMG_0771-1024x768.jpg 1024w\" sizes=\"auto, (max-width: 240px) 100vw, 240px\" \/><\/a><a href=\"https:\/\/le-baron.se\/wp-content\/uploads\/2011\/06\/IMG_0770.jpg\"><img loading=\"lazy\" decoding=\"async\" class=\"alignright  wp-image-2339\" alt=\"IMG_0770\" src=\"https:\/\/le-baron.se\/wp-content\/uploads\/2011\/06\/IMG_0770-300x225.jpg\" width=\"240\" height=\"180\" srcset=\"https:\/\/le-baron.se\/wp-content\/uploads\/2011\/06\/IMG_0770-300x225.jpg 300w, https:\/\/le-baron.se\/wp-content\/uploads\/2011\/06\/IMG_0770-1024x768.jpg 1024w\" sizes=\"auto, (max-width: 240px) 100vw, 240px\" \/><\/a><span style=\"color: #000000;\">Monterat ny<\/span><br \/>\n<span style=\"color: #000000;\"> renoverad<\/span><br \/>\n<span style=\"color: #000000;\"> framvagn<\/span><br \/>\n<span style=\"color: #000000;\"> och<\/span><br \/>\n<span style=\"color: #000000;\"> bromsar.<\/span><\/p>\n<p>&nbsp;<\/p>\n<p style=\"text-align: center;\">___________________________________________________________________________<br \/>\n<a href=\"https:\/\/le-baron.se\/wp-content\/uploads\/2011\/06\/IMG_0766.jpg\"><img loading=\"lazy\" decoding=\"async\" class=\"alignleft  wp-image-2341\" alt=\"IMG_0766\" src=\"https:\/\/le-baron.se\/wp-content\/uploads\/2011\/06\/IMG_0766-300x225.jpg\" width=\"240\" height=\"180\" srcset=\"https:\/\/le-baron.se\/wp-content\/uploads\/2011\/06\/IMG_0766-300x225.jpg 300w, https:\/\/le-baron.se\/wp-content\/uploads\/2011\/06\/IMG_0766-1024x768.jpg 1024w\" sizes=\"auto, (max-width: 240px) 100vw, 240px\" \/><\/a><a href=\"https:\/\/le-baron.se\/wp-content\/uploads\/2011\/06\/IMG_0767.jpg\"><img loading=\"lazy\" decoding=\"async\" class=\"alignright  wp-image-2342\" alt=\"IMG_0767\" src=\"https:\/\/le-baron.se\/wp-content\/uploads\/2011\/06\/IMG_0767-300x225.jpg\" width=\"240\" height=\"180\" srcset=\"https:\/\/le-baron.se\/wp-content\/uploads\/2011\/06\/IMG_0767-300x225.jpg 300w, https:\/\/le-baron.se\/wp-content\/uploads\/2011\/06\/IMG_0767-1024x768.jpg 1024w\" sizes=\"auto, (max-width: 240px) 100vw, 240px\" \/><\/a><span style=\"color: #000000;\">Nu \u00e4r bak axeln fixad och monterad p\u00e5 plats i ramen.<\/span><\/p>\n<p style=\"text-align: center;\">Maila.\u00a0\u00a0\u00a0<a title=\"ivan@le-baron.se\" href=\"mailto:ivan@le-baron.se\">ivan@le-baron.se<\/a><\/p>\n","protected":false},"excerpt":{"rendered":"<p>En solbr\u00e4nd Dodge som v\u00e4ntar p\u00e5 att renoveras. Kontaktas via mail. ivan@le-baron.se Klicka p\u00e5 bilderna s\u00e5 blir dom stora. Bruksbilen ska renoveras n\u00e5gon g\u00e5ng men den \u00e4r fin att k\u00f6ra som den \u00e4r. Maila.\u00a0\u00a0\u00a0ivan@le-baron.se &#8212;&#8212;&#8212;&#8212;&#8212;&#8212;&#8212;&#8212;&#8212;&#8212;&#8212;&#8212;&#8212;&#8212;&#8212;&#8212;&#8212;&#8212;&#8212;&#8212;&#8212;&#8212;&#8212;&#8212;&#8212;&#8212;&#8212;&#8212;&#8212;&#8212;&#8212;&#8212;&#8212; Jag har tillverkat pressverktyg\u00a0 till &hellip; <a href=\"https:\/\/le-baron.se\/?page_id=70\">Forts\u00e4tt l\u00e4sa <span class=\"meta-nav\">&rarr;<\/span><\/a><\/p>\n","protected":false},"author":1,"featured_media":0,"parent":1727,"menu_order":3,"comment_status":"closed","ping_status":"open","template":"","meta":{"footnotes":""},"class_list":["post-70","page","type-page","status-publish","hentry"],"_links":{"self":[{"href":"https:\/\/le-baron.se\/index.php?rest_route=\/wp\/v2\/pages\/70","targetHints":{"allow":["GET"]}}],"collection":[{"href":"https:\/\/le-baron.se\/index.php?rest_route=\/wp\/v2\/pages"}],"about":[{"href":"https:\/\/le-baron.se\/index.php?rest_route=\/wp\/v2\/types\/page"}],"author":[{"embeddable":true,"href":"https:\/\/le-baron.se\/index.php?rest_route=\/wp\/v2\/users\/1"}],"replies":[{"embeddable":true,"href":"https:\/\/le-baron.se\/index.php?rest_route=%2Fwp%2Fv2%2Fcomments&post=70"}],"version-history":[{"count":51,"href":"https:\/\/le-baron.se\/index.php?rest_route=\/wp\/v2\/pages\/70\/revisions"}],"predecessor-version":[{"id":2337,"href":"https:\/\/le-baron.se\/index.php?rest_route=\/wp\/v2\/pages\/70\/revisions\/2337"}],"up":[{"embeddable":true,"href":"https:\/\/le-baron.se\/index.php?rest_route=\/wp\/v2\/pages\/1727"}],"wp:attachment":[{"href":"https:\/\/le-baron.se\/index.php?rest_route=%2Fwp%2Fv2%2Fmedia&parent=70"}],"curies":[{"name":"wp","href":"https:\/\/api.w.org\/{rel}","templated":true}]}}