{"id":57,"date":"2011-06-02T15:27:21","date_gmt":"2011-06-02T15:27:21","guid":{"rendered":"http:\/\/le-baron.se.skellnet.se\/?page_id=57"},"modified":"2018-05-27T19:59:05","modified_gmt":"2018-05-27T19:59:05","slug":"imperial-59","status":"publish","type":"page","link":"https:\/\/le-baron.se\/?page_id=57","title":{"rendered":"IMPERIAL -59"},"content":{"rendered":"<h2 style=\"text-align: center;\"><strong>Chrysler Imperial Le-Baron 1959<br \/>\n<\/strong><\/h2>\n<p style=\"text-align: center;\"><span style=\"text-decoration: underline;\"><span style=\"color: #000000; text-decoration: underline;\">Klicka p\u00e5 bilderna s\u00e5 blir dom stora<\/span><\/span><\/p>\n<p style=\"text-align: center;\">Kontaktas via mail. <a title=\"ivan@le-baron.se\" href=\"mailto:ivan@le-baron.se\">ivan@le-baron.se<\/a><\/p>\n<p style=\"text-align: left;\">ca 510st tillverkade i 4dr och 522 i 4dr ht totalt 1032st.\u00a0\u00a0 Motor \u00e4r en 413 p\u00e5 350hk och en trev\u00e4xlad automat TorqueFlite, Den har all utrustning som man kunde v\u00e4lja till 1959. kostade \u00f6ver 6000 dollar.<a href=\"https:\/\/le-baron.se\/wp-content\/uploads\/2011\/06\/Imperial-1.bmp\"><img loading=\"lazy\" decoding=\"async\" class=\"size-full wp-image-60 alignright\" title=\"Imperial 1\" alt=\"\" src=\"https:\/\/le-baron.se\/wp-content\/uploads\/2011\/06\/Imperial-1.bmp\" width=\"324\" height=\"194\" \/><\/a><\/p>\n<p style=\"text-align: left;\">SOMMAREN 1992 H\u00e4mtade bilen i Pite\u00e5\u00a0 den hade kommit med b\u00e5t fr\u00e5n USA Optimissmen fl\u00f6dade och ingenting var om\u00f6jligt vem visste d\u00e5 att det var en av dom sv\u00e5raste bilarna som fanns att f\u00e5 tag p\u00e5 krom och alla tillbeh\u00f6r som saknades, mekaniskt s\u00e5 \u00e4r det inga problem d\u00e5 det \u00e4r samma som \u00f6vriga mopar bilar. Motorn l\u00e5g is\u00e4rplockad p\u00e5 en sj pall med skuren vev, s\u00e5 det blev en totalrenovering.<\/p>\n<p style=\"text-align: center;\"><a href=\"https:\/\/le-baron.se\/wp-content\/uploads\/2011\/06\/Imperial-3.bmp\"><img loading=\"lazy\" decoding=\"async\" class=\"size-full wp-image-62 alignright\" title=\"Imperial 3\" alt=\"\" src=\"https:\/\/le-baron.se\/wp-content\/uploads\/2011\/06\/Imperial-3.bmp\" width=\"261\" height=\"172\" \/><\/a><\/p>\n<p style=\"text-align: center;\">Det g\u00e5r bra att skruva s\u00f6nder.<br \/>\ndet var inte s\u00e5 mycket rost 1 kvadratmeter totalt.<\/p>\n<p style=\"text-align: center;\"><a href=\"https:\/\/le-baron.se\/wp-content\/uploads\/2011\/06\/Imperial-4.bmp\"><img loading=\"lazy\" decoding=\"async\" class=\"alignnone size-full wp-image-63\" title=\"Imperial 4\" alt=\"\" src=\"https:\/\/le-baron.se\/wp-content\/uploads\/2011\/06\/Imperial-4.bmp\" width=\"285\" height=\"194\" \/><\/a><\/p>\n<p style=\"text-align: left;\">Men det \u00e4r skojjjjj att skruva dit alla delarna om man bara hade tagit flera kort!!! men nog minns man. Tror man i alla fall. Med nyrenoverad motor, bl\u00e4strad och m\u00e5lad ram, framvagn och bromsar renoverade s\u00e5 b\u00f6rjar det likna n\u00e5got.<\/p>\n<p style=\"text-align: center;\"><a href=\"https:\/\/le-baron.se\/wp-content\/uploads\/2011\/06\/Imperial-2.bmp\"><img loading=\"lazy\" decoding=\"async\" class=\"size-full wp-image-61 alignleft\" title=\"Imperial 2\" alt=\"\" src=\"https:\/\/le-baron.se\/wp-content\/uploads\/2011\/06\/Imperial-2.bmp\" width=\"229\" height=\"133\" \/><\/a><\/p>\n<p style=\"text-align: center;\">Nu ska det provk\u00f6ras p\u00e5 en hink s\u00e5 klart. Det roligaste \u00e4r v\u00e4l n\u00e4r man f\u00e5r provk\u00f6ra f\u00f6rsta g\u00e5ngen, som ni ser s\u00e5 \u00e4r framrutan maskerad men vad spelar det f\u00f6r roll den har ju inga d\u00f6rrar s\u00e5 det \u00e4r bara att h\u00e4nga utanf\u00f6r.<\/p>\n<p style=\"text-align: center;\"><a href=\"https:\/\/le-baron.se\/wp-content\/uploads\/2011\/06\/08.jpg\"><img loading=\"lazy\" decoding=\"async\" class=\"size-medium wp-image-58 alignleft\" title=\"08\" alt=\"\" src=\"https:\/\/le-baron.se\/wp-content\/uploads\/2011\/06\/08-300x200.jpg\" width=\"228\" height=\"152\" srcset=\"https:\/\/le-baron.se\/wp-content\/uploads\/2011\/06\/08-300x200.jpg 300w, https:\/\/le-baron.se\/wp-content\/uploads\/2011\/06\/08.jpg 768w\" sizes=\"auto, (max-width: 228px) 100vw, 228px\" \/><\/a><\/p>\n<p style=\"text-align: center;\"><a href=\"https:\/\/le-baron.se\/wp-content\/uploads\/2011\/06\/10A.jpg\"><span style=\"color: #000000;\">Blev bra<\/span><img loading=\"lazy\" decoding=\"async\" class=\"size-medium wp-image-59 alignright\" title=\"10A\" alt=\"\" src=\"https:\/\/le-baron.se\/wp-content\/uploads\/2011\/06\/10A-300x200.jpg\" width=\"216\" height=\"144\" srcset=\"https:\/\/le-baron.se\/wp-content\/uploads\/2011\/06\/10A-300x200.jpg 300w, https:\/\/le-baron.se\/wp-content\/uploads\/2011\/06\/10A.jpg 768w\" sizes=\"auto, (max-width: 216px) 100vw, 216px\" \/><\/a><\/p>\n<p style=\"text-align: center;\">Har fungerat mycket bra i 17 \u00e5r.<\/p>\n<p style=\"text-align: center;\"><a href=\"https:\/\/le-baron.se\/wp-content\/uploads\/2011\/06\/P6070086.jpg\"><img loading=\"lazy\" decoding=\"async\" class=\"size-medium wp-image-310 alignleft\" title=\"OLYMPUS DIGITAL CAMERA\" alt=\"\" src=\"https:\/\/le-baron.se\/wp-content\/uploads\/2011\/06\/P6070086-300x225.jpg\" width=\"228\" height=\"171\" srcset=\"https:\/\/le-baron.se\/wp-content\/uploads\/2011\/06\/P6070086-300x225.jpg 300w, https:\/\/le-baron.se\/wp-content\/uploads\/2011\/06\/P6070086.jpg 905w\" sizes=\"auto, (max-width: 228px) 100vw, 228px\" \/><\/a> <a href=\"https:\/\/le-baron.se\/wp-content\/uploads\/2011\/06\/P6070088.jpg\"><img loading=\"lazy\" decoding=\"async\" class=\"size-medium wp-image-311 alignright\" title=\"OLYMPUS DIGITAL CAMERA\" alt=\"\" src=\"https:\/\/le-baron.se\/wp-content\/uploads\/2011\/06\/P6070088-300x225.jpg\" width=\"215\" height=\"161\" srcset=\"https:\/\/le-baron.se\/wp-content\/uploads\/2011\/06\/P6070088-300x225.jpg 300w, https:\/\/le-baron.se\/wp-content\/uploads\/2011\/06\/P6070088.jpg 784w\" sizes=\"auto, (max-width: 215px) 100vw, 215px\" \/><\/a><\/p>\n<p style=\"text-align: center;\"><a href=\"https:\/\/le-baron.se\/wp-content\/uploads\/2011\/06\/P6070091.jpg\"><img loading=\"lazy\" decoding=\"async\" class=\"size-medium wp-image-313 alignleft\" title=\"OLYMPUS DIGITAL CAMERA\" alt=\"\" src=\"https:\/\/le-baron.se\/wp-content\/uploads\/2011\/06\/P6070091-300x225.jpg\" width=\"222\" height=\"166\" srcset=\"https:\/\/le-baron.se\/wp-content\/uploads\/2011\/06\/P6070091-300x225.jpg 300w, https:\/\/le-baron.se\/wp-content\/uploads\/2011\/06\/P6070091.jpg 953w\" sizes=\"auto, (max-width: 222px) 100vw, 222px\" \/><\/a> <a href=\"https:\/\/le-baron.se\/wp-content\/uploads\/2011\/06\/P6070102.jpg\"><img loading=\"lazy\" decoding=\"async\" class=\"alignnone size-medium wp-image-315\" title=\"OLYMPUS DIGITAL CAMERA\" alt=\"\" src=\"https:\/\/le-baron.se\/wp-content\/uploads\/2011\/06\/P6070102-300x225.jpg\" width=\"214\" height=\"160\" srcset=\"https:\/\/le-baron.se\/wp-content\/uploads\/2011\/06\/P6070102-300x225.jpg 300w, https:\/\/le-baron.se\/wp-content\/uploads\/2011\/06\/P6070102.jpg 953w\" sizes=\"auto, (max-width: 214px) 100vw, 214px\" \/><\/a><\/p>\n<p style=\"text-align: center;\"><a href=\"https:\/\/le-baron.se\/wp-content\/uploads\/2011\/06\/P6070092.jpg\"><img loading=\"lazy\" decoding=\"async\" class=\"size-medium wp-image-314 alignleft\" title=\"OLYMPUS DIGITAL CAMERA\" alt=\"\" src=\"https:\/\/le-baron.se\/wp-content\/uploads\/2011\/06\/P6070092-300x225.jpg\" width=\"230\" height=\"172\" srcset=\"https:\/\/le-baron.se\/wp-content\/uploads\/2011\/06\/P6070092-300x225.jpg 300w, https:\/\/le-baron.se\/wp-content\/uploads\/2011\/06\/P6070092.jpg 953w\" sizes=\"auto, (max-width: 230px) 100vw, 230px\" \/><\/a> <a href=\"https:\/\/le-baron.se\/wp-content\/uploads\/2011\/06\/P6070104.jpg\"><img loading=\"lazy\" decoding=\"async\" class=\"alignnone size-medium wp-image-309\" title=\"OLYMPUS DIGITAL CAMERA\" alt=\"\" src=\"https:\/\/le-baron.se\/wp-content\/uploads\/2011\/06\/P6070104-300x224.jpg\" width=\"227\" height=\"169\" srcset=\"https:\/\/le-baron.se\/wp-content\/uploads\/2011\/06\/P6070104-300x224.jpg 300w, https:\/\/le-baron.se\/wp-content\/uploads\/2011\/06\/P6070104.jpg 938w\" sizes=\"auto, (max-width: 227px) 100vw, 227px\" \/><\/a><\/p>\n<p style=\"text-align: center;\"><a href=\"https:\/\/le-baron.se\/wp-content\/uploads\/2011\/06\/P6070090.jpg\"><img loading=\"lazy\" decoding=\"async\" class=\"size-medium wp-image-312 alignleft\" title=\"OLYMPUS DIGITAL CAMERA\" alt=\"\" src=\"https:\/\/le-baron.se\/wp-content\/uploads\/2011\/06\/P6070090-300x225.jpg\" width=\"218\" height=\"163\" srcset=\"https:\/\/le-baron.se\/wp-content\/uploads\/2011\/06\/P6070090-300x225.jpg 300w, https:\/\/le-baron.se\/wp-content\/uploads\/2011\/06\/P6070090.jpg 953w\" sizes=\"auto, (max-width: 218px) 100vw, 218px\" \/><\/a> <a href=\"https:\/\/le-baron.se\/wp-content\/uploads\/2011\/06\/P1010005.jpg\"><img loading=\"lazy\" decoding=\"async\" class=\"size-medium wp-image-335 alignright\" title=\"OLYMPUS DIGITAL CAMERA\" alt=\"\" src=\"https:\/\/le-baron.se\/wp-content\/uploads\/2011\/06\/P1010005-300x225.jpg\" width=\"228\" height=\"170\" srcset=\"https:\/\/le-baron.se\/wp-content\/uploads\/2011\/06\/P1010005-300x225.jpg 300w, https:\/\/le-baron.se\/wp-content\/uploads\/2011\/06\/P1010005.jpg 840w\" sizes=\"auto, (max-width: 228px) 100vw, 228px\" \/><\/a><\/p>\n<p style=\"text-align: center;\">S\u00e5 ser den ut nu, 24 \u00e5r sedan jag k\u00f6pte Imperialen.<\/p>\n<p style=\"text-align: center;\"><a href=\"https:\/\/le-baron.se\/wp-content\/uploads\/2011\/06\/11-kanot3.jpg\"><img loading=\"lazy\" decoding=\"async\" class=\"size-medium wp-image-457 alignleft\" title=\"11  kanot3\" alt=\"\" src=\"https:\/\/le-baron.se\/wp-content\/uploads\/2011\/06\/11-kanot3-300x225.jpg\" width=\"223\" height=\"167\" srcset=\"https:\/\/le-baron.se\/wp-content\/uploads\/2011\/06\/11-kanot3-300x225.jpg 300w, https:\/\/le-baron.se\/wp-content\/uploads\/2011\/06\/11-kanot3.jpg 640w\" sizes=\"auto, (max-width: 223px) 100vw, 223px\" \/><\/a><\/p>\n<p style=\"text-align: center;\"><a href=\"https:\/\/le-baron.se\/wp-content\/uploads\/2011\/06\/DSC01863r56.jpg\"><img loading=\"lazy\" decoding=\"async\" class=\"size-medium wp-image-1033 alignright\" alt=\"DSC01863r56\" src=\"https:\/\/le-baron.se\/wp-content\/uploads\/2011\/06\/DSC01863r56-300x173.jpg\" width=\"250\" height=\"144\" srcset=\"https:\/\/le-baron.se\/wp-content\/uploads\/2011\/06\/DSC01863r56-300x173.jpg 300w, https:\/\/le-baron.se\/wp-content\/uploads\/2011\/06\/DSC01863r56-1024x590.jpg 1024w\" sizes=\"auto, (max-width: 250px) 100vw, 250px\" \/><\/a>Sommaren 2014<\/p>\n<p style=\"text-align: left;\">______________________________________________________________________________________________<\/p>\n<p style=\"text-align: right;\"><a href=\"https:\/\/le-baron.se\/wp-content\/uploads\/2011\/06\/IMG_0806.jpg\"><img loading=\"lazy\" decoding=\"async\" class=\"alignleft size-medium wp-image-2103\" alt=\"IMG_0806\" src=\"https:\/\/le-baron.se\/wp-content\/uploads\/2011\/06\/IMG_0806-300x225.jpg\" width=\"231\" height=\"173\" srcset=\"https:\/\/le-baron.se\/wp-content\/uploads\/2011\/06\/IMG_0806-300x225.jpg 300w, https:\/\/le-baron.se\/wp-content\/uploads\/2011\/06\/IMG_0806-1024x768.jpg 1024w\" sizes=\"auto, (max-width: 231px) 100vw, 231px\" \/><\/a><a href=\"https:\/\/le-baron.se\/wp-content\/uploads\/2011\/06\/IMG_0825.jpg\"><img loading=\"lazy\" decoding=\"async\" alt=\"IMG_0825\" src=\"https:\/\/le-baron.se\/wp-content\/uploads\/2011\/06\/IMG_0825-300x225.jpg\" width=\"231\" height=\"174\" \/><\/a><\/p>\n<p style=\"text-align: center;\"><span style=\"text-decoration: underline;\">Sommaren 2016<br \/>\nFick \u00e4ran att k\u00f6ra<br \/>\n<strong>Stefan och Therese<br \/>\n<\/strong><\/span><\/p>\n<p style=\"text-align: center;\">&#8212;&#8212;&#8212;&#8212;&#8212;&#8212;&#8212;&#8212;&#8212;&#8212;&#8212;&#8212;&#8212;&#8212;&#8212;&#8212;&#8212;&#8212;&#8212;&#8212;&#8212;&#8212;&#8212;&#8212;&#8212;&#8212;&#8212;&#8212;&#8212;&#8212;&#8212;&#8212;&#8212;&#8212;&#8212;&#8212;&#8212;&#8212;&#8212;&#8212;&#8212;&#8212;&#8212;&#8212;&#8212;&#8212;&#8212;&#8212;&#8212;&#8212;&#8212;&#8212;&#8212;&#8212;&#8212;-<br \/>\n<a href=\"https:\/\/le-baron.se\/wp-content\/uploads\/2011\/06\/IMG_0958.jpg\"><img loading=\"lazy\" decoding=\"async\" class=\"alignleft size-medium wp-image-2125\" alt=\"IMG_0958\" src=\"https:\/\/le-baron.se\/wp-content\/uploads\/2011\/06\/IMG_0958-300x225.jpg\" width=\"200\" height=\"150\" srcset=\"https:\/\/le-baron.se\/wp-content\/uploads\/2011\/06\/IMG_0958-300x225.jpg 300w, https:\/\/le-baron.se\/wp-content\/uploads\/2011\/06\/IMG_0958-1024x768.jpg 1024w\" sizes=\"auto, (max-width: 200px) 100vw, 200px\" \/><\/a><a href=\"https:\/\/le-baron.se\/wp-content\/uploads\/2011\/06\/IMG_0960.jpg\"><img loading=\"lazy\" decoding=\"async\" class=\"alignright size-medium wp-image-2124\" alt=\"IMG_0960\" src=\"https:\/\/le-baron.se\/wp-content\/uploads\/2011\/06\/IMG_0960-300x225.jpg\" width=\"200\" height=\"151\" srcset=\"https:\/\/le-baron.se\/wp-content\/uploads\/2011\/06\/IMG_0960-300x225.jpg 300w, https:\/\/le-baron.se\/wp-content\/uploads\/2011\/06\/IMG_0960-1024x768.jpg 1024w\" sizes=\"auto, (max-width: 200px) 100vw, 200px\" \/><\/a><span style=\"text-decoration: underline;\">Sommaren 2016<\/span><\/p>\n<p style=\"text-align: center;\"><span style=\"text-decoration: underline;\">Br\u00f6llops k\u00f6rning<\/span><\/p>\n<p style=\"text-align: center;\"><strong><span style=\"text-decoration: underline;\">Fredrik &amp; Emelie<\/span><\/strong><\/p>\n<p style=\"text-align: center;\">&#8212;&#8212;&#8212;&#8212;&#8212;&#8212;&#8212;&#8212;&#8212;&#8212;&#8212;&#8212;&#8212;&#8212;&#8212;&#8212;&#8212;&#8212;&#8212;&#8212;&#8212;&#8212;&#8212;&#8212;&#8212;&#8212;&#8212;&#8212;&#8212;&#8212;&#8212;&#8212;&#8212;&#8212;&#8212;&#8212;&#8212;&#8212;&#8212;&#8212;&#8212;&#8212;&#8212;&#8212;&#8212;&#8212;&#8212;&#8212;&#8212;&#8212;&#8212;&#8212;&#8212;&#8212;&#8212;-<\/p>\n<p style=\"text-align: center;\">V\u00e5ren 2018<\/p>\n<p style=\"text-align: center;\"><a href=\"https:\/\/le-baron.se\/wp-content\/uploads\/2011\/06\/IMG_3180a.jpg\"><img loading=\"lazy\" decoding=\"async\" class=\"size-medium wp-image-2247\" alt=\"IMG_3180a\" src=\"https:\/\/le-baron.se\/wp-content\/uploads\/2011\/06\/IMG_3180a-300x225.jpg\" width=\"300\" height=\"225\" srcset=\"https:\/\/le-baron.se\/wp-content\/uploads\/2011\/06\/IMG_3180a-300x225.jpg 300w, https:\/\/le-baron.se\/wp-content\/uploads\/2011\/06\/IMG_3180a-1024x768.jpg 1024w, https:\/\/le-baron.se\/wp-content\/uploads\/2011\/06\/IMG_3180a.jpg 1437w\" sizes=\"auto, (max-width: 300px) 100vw, 300px\" \/><\/a><\/p>\n<p style=\"text-align: center;\">Fick \u00e4ran att k\u00f6ra Sofia till balen.<\/p>\n<p style=\"text-align: center;\">&#8212;&#8212;&#8212;&#8212;&#8212;&#8212;&#8212;&#8212;&#8212;&#8212;&#8212;&#8212;&#8212;&#8212;&#8212;&#8212;&#8212;&#8212;&#8212;&#8212;&#8212;&#8212;&#8212;&#8212;&#8212;&#8212;&#8212;&#8212;&#8212;&#8212;&#8212;&#8212;&#8212;&#8212;&#8212;&#8212;&#8212;&#8212;&#8212;&#8212;&#8212;&#8212;&#8212;&#8212;&#8212;&#8212;&#8212;&#8212;&#8212;&#8212;&#8212;&#8212;&#8212;&#8212;&#8212;-<\/p>\n<p style=\"text-align: center;\">Mvh Le-Baron<\/p>\n<p style=\"text-align: center;\">Kontaktas via mail. <a title=\"ivan@le-baron.se\" href=\"mailto:ivan@le-baron.se\">ivan@le-baron.se<\/a><\/p>\n<p style=\"text-align: center;\">________________________________________________________________________________________________<\/p>\n","protected":false},"excerpt":{"rendered":"<p>Chrysler Imperial Le-Baron 1959 Klicka p\u00e5 bilderna s\u00e5 blir dom stora Kontaktas via mail. ivan@le-baron.se ca 510st tillverkade i 4dr och 522 i 4dr ht totalt 1032st.\u00a0\u00a0 Motor \u00e4r en 413 p\u00e5 350hk och en trev\u00e4xlad automat TorqueFlite, Den har &hellip; <a href=\"https:\/\/le-baron.se\/?page_id=57\">Forts\u00e4tt l\u00e4sa <span class=\"meta-nav\">&rarr;<\/span><\/a><\/p>\n","protected":false},"author":1,"featured_media":0,"parent":1727,"menu_order":1,"comment_status":"closed","ping_status":"open","template":"","meta":{"footnotes":""},"class_list":["post-57","page","type-page","status-publish","hentry"],"_links":{"self":[{"href":"https:\/\/le-baron.se\/index.php?rest_route=\/wp\/v2\/pages\/57","targetHints":{"allow":["GET"]}}],"collection":[{"href":"https:\/\/le-baron.se\/index.php?rest_route=\/wp\/v2\/pages"}],"about":[{"href":"https:\/\/le-baron.se\/index.php?rest_route=\/wp\/v2\/types\/page"}],"author":[{"embeddable":true,"href":"https:\/\/le-baron.se\/index.php?rest_route=\/wp\/v2\/users\/1"}],"replies":[{"embeddable":true,"href":"https:\/\/le-baron.se\/index.php?rest_route=%2Fwp%2Fv2%2Fcomments&post=57"}],"version-history":[{"count":47,"href":"https:\/\/le-baron.se\/index.php?rest_route=\/wp\/v2\/pages\/57\/revisions"}],"predecessor-version":[{"id":2246,"href":"https:\/\/le-baron.se\/index.php?rest_route=\/wp\/v2\/pages\/57\/revisions\/2246"}],"up":[{"embeddable":true,"href":"https:\/\/le-baron.se\/index.php?rest_route=\/wp\/v2\/pages\/1727"}],"wp:attachment":[{"href":"https:\/\/le-baron.se\/index.php?rest_route=%2Fwp%2Fv2%2Fmedia&parent=57"}],"curies":[{"name":"wp","href":"https:\/\/api.w.org\/{rel}","templated":true}]}}