{"id":341,"date":"2011-06-16T15:19:06","date_gmt":"2011-06-16T15:19:06","guid":{"rendered":"http:\/\/le-baron.se\/?page_id=341"},"modified":"2015-01-03T11:22:44","modified_gmt":"2015-01-03T11:22:44","slug":"brum-brum","status":"publish","type":"page","link":"https:\/\/le-baron.se\/?page_id=341","title":{"rendered":"Brum-Brum"},"content":{"rendered":"<h2 style=\"text-align: center;\"><\/h2>\n<h2 style=\"text-align: center;\"><span style=\"text-decoration: underline;\"><span style=\"color: #ff0000; text-decoration: underline;\">En ny liten leksak att skruva i.<\/span><\/span><\/h2>\n<p style=\"text-align: center;\"><span style=\"color: #ff0000;\">Hanomag 44C<\/span><\/p>\n<h2 style=\"text-align: center;\"><a href=\"https:\/\/le-baron.se\/wp-content\/uploads\/2011\/06\/P1010054.jpg\"><img loading=\"lazy\" decoding=\"async\" class=\"alignleft size-medium wp-image-887 alignnone\" title=\"OLYMPUS DIGITAL CAMERA\" alt=\"\" src=\"https:\/\/le-baron.se\/wp-content\/uploads\/2011\/06\/P1010054-300x225.jpg\" width=\"300\" height=\"225\" srcset=\"https:\/\/le-baron.se\/wp-content\/uploads\/2011\/06\/P1010054-300x225.jpg 300w, https:\/\/le-baron.se\/wp-content\/uploads\/2011\/06\/P1010054-1024x768.jpg 1024w, https:\/\/le-baron.se\/wp-content\/uploads\/2011\/06\/P1010054.jpg 1352w\" sizes=\"auto, (max-width: 300px) 100vw, 300px\" \/><\/a><a href=\"https:\/\/le-baron.se\/wp-content\/uploads\/2011\/06\/P1010057.jpg\"><img loading=\"lazy\" decoding=\"async\" class=\"size-medium wp-image-885\" title=\"OLYMPUS DIGITAL CAMERA\" alt=\"\" src=\"https:\/\/le-baron.se\/wp-content\/uploads\/2011\/06\/P1010057-300x225.jpg\" width=\"300\" height=\"225\" srcset=\"https:\/\/le-baron.se\/wp-content\/uploads\/2011\/06\/P1010057-300x225.jpg 300w, https:\/\/le-baron.se\/wp-content\/uploads\/2011\/06\/P1010057-1024x768.jpg 1024w, https:\/\/le-baron.se\/wp-content\/uploads\/2011\/06\/P1010057.jpg 1388w\" sizes=\"auto, (max-width: 300px) 100vw, 300px\" \/><\/a><\/h2>\n<p style=\"text-align: center;\"><span style=\"color: #ff0000;\">Maskinen \u00e4r v\u00e4l anv\u00e4nd s\u00e5 motorn \u00e4r utbytt till en Scania ds 5 och denna motor \u00e4r v\u00e4l inget att h\u00e4nga i julgranen heller d\u00e5 den \u00e4r slut och f\u00f6r liten, s\u00e5 nu har jag fixat en scania ds8<\/span><br \/>\n<span style=\"color: #ff0000;\">och den blir bra f\u00f6rutom att motorutrymmet \u00e4r 40 cm f\u00f6r kort men det \u00e4r v\u00e4l bara att l\u00f6sa p\u00e5 samma s\u00e4tt som p\u00e5 55C<\/span><\/p>\n<p><a href=\"https:\/\/le-baron.se\/wp-content\/uploads\/2011\/06\/scania-1.jpg\"><img loading=\"lazy\" decoding=\"async\" class=\"alignleft size-medium wp-image-886\" title=\"scania 1\" alt=\"\" src=\"https:\/\/le-baron.se\/wp-content\/uploads\/2011\/06\/scania-1-289x300.jpg\" width=\"289\" height=\"300\" srcset=\"https:\/\/le-baron.se\/wp-content\/uploads\/2011\/06\/scania-1-289x300.jpg 289w, https:\/\/le-baron.se\/wp-content\/uploads\/2011\/06\/scania-1-987x1024.jpg 987w, https:\/\/le-baron.se\/wp-content\/uploads\/2011\/06\/scania-1.jpg 1282w\" sizes=\"auto, (max-width: 289px) 100vw, 289px\" \/><\/a><a href=\"https:\/\/le-baron.se\/wp-content\/uploads\/2011\/06\/scania-2.jpg\"><img loading=\"lazy\" decoding=\"async\" class=\"size-medium wp-image-884 alignright\" title=\"scania 2\" alt=\"\" src=\"https:\/\/le-baron.se\/wp-content\/uploads\/2011\/06\/scania-2-300x267.jpg\" width=\"300\" height=\"267\" srcset=\"https:\/\/le-baron.se\/wp-content\/uploads\/2011\/06\/scania-2-300x267.jpg 300w, https:\/\/le-baron.se\/wp-content\/uploads\/2011\/06\/scania-2-1024x914.jpg 1024w, https:\/\/le-baron.se\/wp-content\/uploads\/2011\/06\/scania-2.jpg 1226w\" sizes=\"auto, (max-width: 300px) 100vw, 300px\" \/><\/a><\/p>\n<p>&nbsp;<\/p>\n<h2 style=\"text-align: left;\"><\/h2>\n<p style=\"text-align: center;\"><span style=\"text-decoration: underline;\"><strong><span style=\"color: #ff0000; text-decoration: underline;\">Scania DS8<\/span><\/strong><\/span><\/p>\n<p style=\"text-align: center;\"><span style=\"color: #ff0000;\">Jag har provat motorn och den \u00e4r v\u00e4ldigt l\u00e4ttstartad och g\u00e5r bra. Ryker lite och har bra komp s\u00e5 den blir nog bra att s\u00e4tta ner i 44C.<\/span><\/p>\n<p style=\"text-align: center;\"><span style=\"color: #ff0000;\">______________________________________________________________________<\/span><\/p>\n<p style=\"text-align: center;\"><a href=\"https:\/\/le-baron.se\/wp-content\/uploads\/2011\/06\/P1010003.jpg\"><img loading=\"lazy\" decoding=\"async\" class=\"alignleft size-medium wp-image-963\" alt=\"P1010003\" src=\"https:\/\/le-baron.se\/wp-content\/uploads\/2011\/06\/P1010003-300x225.jpg\" width=\"300\" height=\"225\" srcset=\"https:\/\/le-baron.se\/wp-content\/uploads\/2011\/06\/P1010003-300x225.jpg 300w, https:\/\/le-baron.se\/wp-content\/uploads\/2011\/06\/P1010003-1024x768.jpg 1024w, https:\/\/le-baron.se\/wp-content\/uploads\/2011\/06\/P1010003.jpg 2048w\" sizes=\"auto, (max-width: 300px) 100vw, 300px\" \/><\/a><a href=\"https:\/\/le-baron.se\/wp-content\/uploads\/2011\/06\/P1010002l.jpg\"><img loading=\"lazy\" decoding=\"async\" class=\"size-medium wp-image-964 alignright\" alt=\"P1010002l\" src=\"https:\/\/le-baron.se\/wp-content\/uploads\/2011\/06\/P1010002l-300x224.jpg\" width=\"300\" height=\"224\" srcset=\"https:\/\/le-baron.se\/wp-content\/uploads\/2011\/06\/P1010002l-300x224.jpg 300w, https:\/\/le-baron.se\/wp-content\/uploads\/2011\/06\/P1010002l.jpg 902w\" sizes=\"auto, (max-width: 300px) 100vw, 300px\" \/><\/a><span style=\"color: #ff0000;\">Nu har jag f\u00f6rl\u00e4ngt ramen 46cm och d\u00e5 <\/span><span style=\"color: #ff0000;\">kunde man ju sl\u00e4ppa ner scania 6an.<\/span><\/p>\n<p style=\"text-align: center;\"><span style=\"color: #ff0000;\">Och det ser ju ut som den altid har suttit d\u00e4r<\/span><\/p>\n<p style=\"text-align: center;\"><span style=\"color: #ff0000;\">Nu blev avst\u00e5ndet mellan hjulen och bakvikten st\u00f6rre och d\u00e5 passade det med att s\u00e4tta batterierna d\u00e4r.<\/span><\/p>\n<h2 style=\"text-align: left;\"><\/h2>\n<p><span style=\"color: #ff0000;\">Jag har kopplat in Konverter och vatten s\u00e5 det var bara att provstarta. Fungerar bra driver med en annan kraft nu och allt k\u00e4nns g\u00e5 s\u00e5 l\u00e4tt.<\/span><\/p>\n<p>&nbsp;<\/p>\n<p>&nbsp;<\/p>\n<p style=\"text-align: center;\"><span style=\"color: #ff0000;\">Nu ska det kopplas el och tillverkas en ny huv, s\u00e5 har jag n\u00e5got att leka med och kan lackera till sommaren.<\/span><\/p>\n<h2 style=\"text-align: left;\"><span style=\"color: #ff0000;\">______________________________________________________<\/span><\/h2>\n<h2 style=\"text-align: center;\"><span style=\"color: #ff0000;\">Volvo BM 1113<\/span><\/h2>\n<p style=\"text-align: center;\"><a href=\"https:\/\/le-baron.se\/wp-content\/uploads\/2011\/06\/v4.jpg\"><img loading=\"lazy\" decoding=\"async\" class=\"alignnone size-medium wp-image-345\" title=\"OLYMPUS DIGITAL CAMERA\" alt=\"\" src=\"https:\/\/le-baron.se\/wp-content\/uploads\/2011\/06\/v3-300x225.jpg\" width=\"300\" height=\"225\" srcset=\"https:\/\/le-baron.se\/wp-content\/uploads\/2011\/06\/v3-300x225.jpg 300w, https:\/\/le-baron.se\/wp-content\/uploads\/2011\/06\/v3.jpg 840w\" sizes=\"auto, (max-width: 300px) 100vw, 300px\" \/><img loading=\"lazy\" decoding=\"async\" class=\"size-medium wp-image-342 alignright\" title=\"OLYMPUS DIGITAL CAMERA\" alt=\"\" src=\"https:\/\/le-baron.se\/wp-content\/uploads\/2011\/06\/v4-300x225.jpg\" width=\"300\" height=\"225\" srcset=\"https:\/\/le-baron.se\/wp-content\/uploads\/2011\/06\/v4-300x225.jpg 300w, https:\/\/le-baron.se\/wp-content\/uploads\/2011\/06\/v4.jpg 840w\" sizes=\"auto, (max-width: 300px) 100vw, 300px\" \/><\/a><\/p>\n<p style=\"text-align: center;\"><span style=\"color: #ff0000;\"> Jag har renoverat denna motor med Foder Kolvar Lager Toppen har f\u00e5tt ventilerna slipade och nya t\u00e4tningar s\u00e5 nu ska den lyftas i en BM640.<\/span><\/p>\n<p style=\"text-align: center;\"><span style=\"color: #ff0000;\"><a href=\"https:\/\/le-baron.se\/wp-content\/uploads\/2011\/06\/Pa1010005.jpg\"><img loading=\"lazy\" decoding=\"async\" class=\"alignleft size-medium wp-image-600\" title=\"OLYMPUS DIGITAL CAMERA\" alt=\"\" src=\"https:\/\/le-baron.se\/wp-content\/uploads\/2011\/06\/Pa1010005-300x225.jpg\" width=\"300\" height=\"225\" srcset=\"https:\/\/le-baron.se\/wp-content\/uploads\/2011\/06\/Pa1010005-300x225.jpg 300w, https:\/\/le-baron.se\/wp-content\/uploads\/2011\/06\/Pa1010005-1024x768.jpg 1024w, https:\/\/le-baron.se\/wp-content\/uploads\/2011\/06\/Pa1010005.jpg 2048w\" sizes=\"auto, (max-width: 300px) 100vw, 300px\" \/><\/a><\/span><\/p>\n<p style=\"text-align: left;\"><a href=\"https:\/\/le-baron.se\/wp-content\/uploads\/2011\/06\/Pa1010007.jpg\"><img loading=\"lazy\" decoding=\"async\" class=\"size-medium wp-image-601  alignnone\" title=\"OLYMPUS DIGITAL CAMERA\" alt=\"\" src=\"https:\/\/le-baron.se\/wp-content\/uploads\/2011\/06\/Pa1010007-300x225.jpg\" width=\"300\" height=\"225\" srcset=\"https:\/\/le-baron.se\/wp-content\/uploads\/2011\/06\/Pa1010007-300x225.jpg 300w, https:\/\/le-baron.se\/wp-content\/uploads\/2011\/06\/Pa1010007-1024x768.jpg 1024w, https:\/\/le-baron.se\/wp-content\/uploads\/2011\/06\/Pa1010007.jpg 2048w\" sizes=\"auto, (max-width: 300px) 100vw, 300px\" \/><\/a><\/p>\n<p style=\"text-align: center;\"><span style=\"color: #ff0000;\">Nu \u00e4r motorn monterad och den g\u00e5r som en klocka.<\/span><\/p>\n<p style=\"text-align: left;\"><a href=\"https:\/\/le-baron.se\/wp-content\/uploads\/2011\/06\/P1010009.jpg\"><img loading=\"lazy\" decoding=\"async\" class=\"alignleft size-medium wp-image-603\" title=\"OLYMPUS DIGITAL CAMERA\" alt=\"\" src=\"https:\/\/le-baron.se\/wp-content\/uploads\/2011\/06\/P1010009-300x225.jpg\" width=\"300\" height=\"225\" srcset=\"https:\/\/le-baron.se\/wp-content\/uploads\/2011\/06\/P1010009-300x225.jpg 300w, https:\/\/le-baron.se\/wp-content\/uploads\/2011\/06\/P1010009-1024x768.jpg 1024w, https:\/\/le-baron.se\/wp-content\/uploads\/2011\/06\/P1010009.jpg 2048w\" sizes=\"auto, (max-width: 300px) 100vw, 300px\" \/><\/a><a href=\"https:\/\/le-baron.se\/wp-content\/uploads\/2011\/06\/P1010008.jpg\"><img loading=\"lazy\" decoding=\"async\" class=\"size-medium wp-image-602 alignnone\" title=\"OLYMPUS DIGITAL CAMERA\" alt=\"\" src=\"https:\/\/le-baron.se\/wp-content\/uploads\/2011\/06\/P1010008-300x225.jpg\" width=\"300\" height=\"225\" srcset=\"https:\/\/le-baron.se\/wp-content\/uploads\/2011\/06\/P1010008-300x225.jpg 300w, https:\/\/le-baron.se\/wp-content\/uploads\/2011\/06\/P1010008-1024x768.jpg 1024w, https:\/\/le-baron.se\/wp-content\/uploads\/2011\/06\/P1010008.jpg 2048w\" sizes=\"auto, (max-width: 300px) 100vw, 300px\" \/><\/a><\/p>\n<p style=\"text-align: center;\"><span style=\"color: #ff0000;\">Vad sk\u00f6nt n\u00e4r allting fungerar, till sommaren s\u00e5 blir det till att slipa och lackera \u00a0 s\u00e5 blir den ju fin ocks\u00e5.<\/span><\/p>\n<p style=\"text-align: center;\"><span style=\"color: #ff0000;\">&#8212;&#8212;&#8212;&#8212;&#8212;&#8212;&#8212;&#8212;&#8212;&#8212;&#8212;&#8212;&#8212;&#8212;&#8212;&#8212;&#8212;&#8212;&#8212;&#8212;&#8212;&#8212;&#8212;&#8212;&#8212;&#8212;&#8212;&#8212;&#8212;&#8212;&#8212;&#8212;&#8212;&#8212;&#8212;&#8212;&#8212;&#8212;&#8212;&#8212;&#8212;&#8212;&#8212;-<br \/>\n<\/span><\/p>\n<p style=\"text-align: center;\"><a href=\"https:\/\/le-baron.se\/wp-content\/uploads\/2011\/06\/v2.jpg\"><img loading=\"lazy\" decoding=\"async\" class=\"alignnone size-medium wp-image-344\" title=\"OLYMPUS DIGITAL CAMERA\" alt=\"\" src=\"https:\/\/le-baron.se\/wp-content\/uploads\/2011\/06\/v2-300x225.jpg\" width=\"300\" height=\"225\" srcset=\"https:\/\/le-baron.se\/wp-content\/uploads\/2011\/06\/v2-300x225.jpg 300w, https:\/\/le-baron.se\/wp-content\/uploads\/2011\/06\/v2.jpg 840w\" sizes=\"auto, (max-width: 300px) 100vw, 300px\" \/><\/a> <a href=\"https:\/\/le-baron.se\/wp-content\/uploads\/2011\/06\/v1.jpg\"><img loading=\"lazy\" decoding=\"async\" class=\"alignnone size-medium wp-image-343\" title=\"OLYMPUS DIGITAL CAMERA\" alt=\"\" src=\"https:\/\/le-baron.se\/wp-content\/uploads\/2011\/06\/v1-300x225.jpg\" width=\"300\" height=\"225\" srcset=\"https:\/\/le-baron.se\/wp-content\/uploads\/2011\/06\/v1-300x225.jpg 300w, https:\/\/le-baron.se\/wp-content\/uploads\/2011\/06\/v1.jpg 840w\" sizes=\"auto, (max-width: 300px) 100vw, 300px\" \/><\/a><\/p>\n<h2 style=\"text-align: center;\"><span style=\"color: #ff0000;\">Volvo ED 90hk 1958 denna motor har suttit i en Volvo brandbil 1958 och den har bara rullat 2600 mil s\u00e5 den spinner som en katt, nu har den f\u00e5tt en kosmetisk renovering.<br \/>\nMotorn \u00e4r s\u00e5ld till Geeorge Ramselaar i Holland <\/span><span style=\"color: #ff0000;\">och ska monteras i denna Milit\u00e4r sugga.<\/span><\/h2>\n<p><span style=\"color: #ff0000;\"><a href=\"https:\/\/le-baron.se\/wp-content\/uploads\/2011\/06\/Maart2010VolvoSugga001_2.jpg\"><img loading=\"lazy\" decoding=\"async\" class=\"size-medium wp-image-874 aligncenter\" title=\"Maart2010VolvoSugga001_2\" alt=\"\" src=\"https:\/\/le-baron.se\/wp-content\/uploads\/2011\/06\/Maart2010VolvoSugga001_2-300x199.jpg\" width=\"300\" height=\"199\" srcset=\"https:\/\/le-baron.se\/wp-content\/uploads\/2011\/06\/Maart2010VolvoSugga001_2-300x199.jpg 300w, https:\/\/le-baron.se\/wp-content\/uploads\/2011\/06\/Maart2010VolvoSugga001_2.jpg 800w\" sizes=\"auto, (max-width: 300px) 100vw, 300px\" \/><\/a><\/span><\/p>\n<p style=\"text-align: center;\"><span style=\"color: #ff0000;\">&#8212;&#8212;&#8212;&#8212;&#8212;&#8212;&#8212;&#8212;&#8212;&#8212;&#8212;&#8212;&#8212;&#8212;&#8212;&#8212;&#8212;&#8212;&#8212;&#8212;&#8212;&#8212;&#8212;&#8212;&#8212;&#8212;&#8212;&#8212;&#8212;&#8212;&#8212;&#8212;&#8212;&#8212;&#8212;&#8212;&#8212;&#8212;&#8212;&#8212;&#8212;&#8212;&#8212;&#8212;&#8212;<br \/>\n<\/span><\/p>\n<h2 style=\"text-align: center;\"><a href=\"https:\/\/le-baron.se\/wp-content\/uploads\/2011\/06\/SANY0182.jpg\"><img loading=\"lazy\" decoding=\"async\" class=\"aligncenter size-medium wp-image-446\" title=\"SANYO DIGITAL CAMERA\" alt=\"\" src=\"https:\/\/le-baron.se\/wp-content\/uploads\/2011\/06\/SANY0182-300x214.jpg\" width=\"300\" height=\"214\" srcset=\"https:\/\/le-baron.se\/wp-content\/uploads\/2011\/06\/SANY0182-300x214.jpg 300w, https:\/\/le-baron.se\/wp-content\/uploads\/2011\/06\/SANY0182.jpg 613w\" sizes=\"auto, (max-width: 300px) 100vw, 300px\" \/><\/a><span style=\"color: #ff0000;\">MB220S 1963. Jag byggde om bilen med bla. 300d motor 123 bakvagn och styrning. K\u00f6rde med den som bruksbil i 12 \u00e5r och den fungerade otroligt bra.<\/span><\/h2>\n<p style=\"text-align: center;\"><span style=\"color: #ff0000;\">&#8212;&#8212;&#8212;&#8212;&#8212;&#8212;&#8212;&#8212;&#8212;&#8212;&#8212;&#8212;&#8212;&#8212;&#8212;&#8212;&#8212;&#8212;&#8212;&#8212;&#8212;&#8212;&#8212;&#8212;&#8212;&#8212;&#8212;&#8212;&#8212;&#8212;&#8212;&#8212;&#8212;&#8212;&#8212;&#8212;&#8212;&#8212;&#8212;&#8212;&#8212;&#8212;&#8212;&#8212;&#8212;&#8212;-<br \/>\n<\/span><\/p>\n<h2 style=\"text-align: center;\"><a href=\"https:\/\/le-baron.se\/wp-content\/uploads\/2011\/06\/a1.jpg\"><img loading=\"lazy\" decoding=\"async\" class=\"size-medium wp-image-506 aligncenter\" title=\"a1\" alt=\"\" src=\"https:\/\/le-baron.se\/wp-content\/uploads\/2011\/06\/a1-300x225.jpg\" width=\"300\" height=\"225\" srcset=\"https:\/\/le-baron.se\/wp-content\/uploads\/2011\/06\/a1-300x225.jpg 300w, https:\/\/le-baron.se\/wp-content\/uploads\/2011\/06\/a1.jpg 800w\" sizes=\"auto, (max-width: 300px) 100vw, 300px\" \/><\/a><span style=\"color: #ff0000;\">Ett bevis p\u00e5 att han har skrotat n\u00e5gra bilar&#8230;..<\/span><\/h2>\n<p style=\"text-align: center;\">Kontakt via mail <a title=\"ivan@le-baron.se\" href=\"mailto:ivan@le-baron.se\">ivan@le-baron.se<\/a><\/p>\n<p style=\"text-align: center;\">\n","protected":false},"excerpt":{"rendered":"<p>En ny liten leksak att skruva i. Hanomag 44C Maskinen \u00e4r v\u00e4l anv\u00e4nd s\u00e5 motorn \u00e4r utbytt till en Scania ds 5 och denna motor \u00e4r v\u00e4l inget att h\u00e4nga i julgranen heller d\u00e5 den \u00e4r slut och f\u00f6r liten, &hellip; <a href=\"https:\/\/le-baron.se\/?page_id=341\">Forts\u00e4tt l\u00e4sa <span class=\"meta-nav\">&rarr;<\/span><\/a><\/p>\n","protected":false},"author":1,"featured_media":0,"parent":0,"menu_order":10,"comment_status":"closed","ping_status":"open","template":"","meta":{"footnotes":""},"class_list":["post-341","page","type-page","status-publish","hentry"],"_links":{"self":[{"href":"https:\/\/le-baron.se\/index.php?rest_route=\/wp\/v2\/pages\/341","targetHints":{"allow":["GET"]}}],"collection":[{"href":"https:\/\/le-baron.se\/index.php?rest_route=\/wp\/v2\/pages"}],"about":[{"href":"https:\/\/le-baron.se\/index.php?rest_route=\/wp\/v2\/types\/page"}],"author":[{"embeddable":true,"href":"https:\/\/le-baron.se\/index.php?rest_route=\/wp\/v2\/users\/1"}],"replies":[{"embeddable":true,"href":"https:\/\/le-baron.se\/index.php?rest_route=%2Fwp%2Fv2%2Fcomments&post=341"}],"version-history":[{"count":22,"href":"https:\/\/le-baron.se\/index.php?rest_route=\/wp\/v2\/pages\/341\/revisions"}],"predecessor-version":[{"id":1365,"href":"https:\/\/le-baron.se\/index.php?rest_route=\/wp\/v2\/pages\/341\/revisions\/1365"}],"wp:attachment":[{"href":"https:\/\/le-baron.se\/index.php?rest_route=%2Fwp%2Fv2%2Fmedia&parent=341"}],"curies":[{"name":"wp","href":"https:\/\/api.w.org\/{rel}","templated":true}]}}