{"id":33,"date":"2011-06-02T12:08:44","date_gmt":"2011-06-02T12:08:44","guid":{"rendered":"http:\/\/le-baron.se.skellnet.se\/?page_id=33"},"modified":"2023-08-29T22:12:58","modified_gmt":"2023-08-29T22:12:58","slug":"plymouth","status":"publish","type":"page","link":"https:\/\/le-baron.se\/?page_id=33","title":{"rendered":"PLYMOUTH -57"},"content":{"rendered":"<blockquote>\n<p style=\"text-align: center;\">Kontaktas via mail. <a title=\"ivan@le-baron.se\" href=\"mailto:ivan@le-baron.se\">ivan@le-baron.se<\/a><\/p>\n<p style=\"text-align: center;\"><a title=\"ivan@le-baron.se\" href=\"mailto:ivan@le-baron.se\"><br \/>\n<\/a><span style=\"color: #800000;\">Klicka p\u00e5 bilderna s\u00e5 blir dom stora.<\/span><\/p>\n<p style=\"text-align: center;\"><strong>Det blir nog inte s\u00e5 mycket jobb p\u00e5 den.<\/strong><br \/>\n<span style=\"color: #000000;\">Lackera-ny inredning och sparka p\u00e5 hjulen sen kan man nog ut<\/span><br \/>\n<span style=\"color: #000000;\"> och \u00e5ka!!!!!!!!!!!!!!!!!<\/span><\/p>\n<p style=\"text-align: center;\"><a href=\"https:\/\/le-baron.se\/wp-content\/uploads\/2011\/06\/57plymouth-belvedere-2dht-011.jpg\"><img loading=\"lazy\" decoding=\"async\" class=\"aligncenter size-medium wp-image-128\" title=\"57plymouth-belvedere-2dht-01\" alt=\"\" src=\"https:\/\/le-baron.se\/wp-content\/uploads\/2011\/06\/57plymouth-belvedere-2dht-011-300x175.jpg\" width=\"200\" height=\"117\" srcset=\"https:\/\/le-baron.se\/wp-content\/uploads\/2011\/06\/57plymouth-belvedere-2dht-011-300x175.jpg 300w, https:\/\/le-baron.se\/wp-content\/uploads\/2011\/06\/57plymouth-belvedere-2dht-011.jpg 500w\" sizes=\"auto, (max-width: 200px) 100vw, 200px\" \/><\/a><span style=\"color: #000000;\">Men lite jobb \u00e4r ju kul.<\/span><\/p>\n<\/blockquote>\n<p style=\"text-align: center;\"><a href=\"https:\/\/le-baron.se\/wp-content\/uploads\/2011\/06\/p3.jpg\"><img loading=\"lazy\" decoding=\"async\" class=\"size-medium wp-image-110 alignleft\" title=\"OLYMPUS DIGITAL CAMERA\" alt=\"\" src=\"https:\/\/le-baron.se\/wp-content\/uploads\/2011\/06\/p3-300x225.jpg\" width=\"200\" height=\"150\" srcset=\"https:\/\/le-baron.se\/wp-content\/uploads\/2011\/06\/p3-300x225.jpg 300w, https:\/\/le-baron.se\/wp-content\/uploads\/2011\/06\/p3.jpg 881w\" sizes=\"auto, (max-width: 200px) 100vw, 200px\" \/><\/a> <a href=\"https:\/\/le-baron.se\/wp-content\/uploads\/2011\/06\/p1.jpg\"><img loading=\"lazy\" decoding=\"async\" class=\"size-medium wp-image-111 alignright\" title=\"OLYMPUS DIGITAL CAMERA\" alt=\"\" src=\"https:\/\/le-baron.se\/wp-content\/uploads\/2011\/06\/p1-300x224.jpg\" width=\"200\" height=\"149\" srcset=\"https:\/\/le-baron.se\/wp-content\/uploads\/2011\/06\/p1-300x224.jpg 300w, https:\/\/le-baron.se\/wp-content\/uploads\/2011\/06\/p1.jpg 902w\" sizes=\"auto, (max-width: 200px) 100vw, 200px\" \/><\/a><\/p>\n<p style=\"text-align: center;\"><span style=\"color: #000000;\">Men det blev inte mycket kvar av bilen, det h\u00f6ga gr\u00e4set och fuktigheten \u00e4r nog inte att rekommendera om man vill ha en rostfri bil.<\/span><\/p>\n<p style=\"text-align: center;\"><a href=\"https:\/\/le-baron.se\/wp-content\/uploads\/2011\/06\/p4.jpg\"><img loading=\"lazy\" decoding=\"async\" class=\"alignnone size-medium wp-image-121\" title=\"OLYMPUS DIGITAL CAMERA\" alt=\"\" src=\"https:\/\/le-baron.se\/wp-content\/uploads\/2011\/06\/p4-300x225.jpg\" width=\"199\" height=\"150\" srcset=\"https:\/\/le-baron.se\/wp-content\/uploads\/2011\/06\/p4-300x225.jpg 300w, https:\/\/le-baron.se\/wp-content\/uploads\/2011\/06\/p4.jpg 881w\" sizes=\"auto, (max-width: 199px) 100vw, 199px\" \/><\/a><\/p>\n<p style=\"text-align: center;\"><span style=\"color: #000000;\">Men det \u00e4r bara att bita i det sura \u00e4pplet, och bygga vidare. Detta blev kvar av frampartiet&#8230;&#8230;&#8230;&#8230;&#8230;&#8230;&#8230;&#8230;&#8230;&#8230;.ingenting!!! jo ramen kunde anv\u00e4ndas.<\/span><\/p>\n<p><a href=\"https:\/\/le-baron.se\/wp-content\/uploads\/2011\/06\/p5.jpg\"><img loading=\"lazy\" decoding=\"async\" class=\"size-medium wp-image-122 alignleft\" title=\"OLYMPUS DIGITAL CAMERA\" alt=\"\" src=\"https:\/\/le-baron.se\/wp-content\/uploads\/2011\/06\/p5-300x224.jpg\" width=\"199\" height=\"168\" \/><\/a><img loading=\"lazy\" decoding=\"async\" class=\"size-medium wp-image-123 alignnone\" title=\"OLYMPUS DIGITAL CAMERA\" alt=\"\" src=\"https:\/\/le-baron.se\/wp-content\/uploads\/2011\/06\/p6-300x224.jpg\" width=\"196\" height=\"148\" \/><img loading=\"lazy\" decoding=\"async\" class=\"alignright\" title=\"OLYMPUS DIGITAL CAMERA\" alt=\"\" src=\"https:\/\/le-baron.se\/wp-content\/uploads\/2011\/06\/p7-300x224.jpg\" width=\"196\" height=\"146\" \/><\/p>\n<p style=\"text-align: center;\"><span style=\"color: #000000;\">\u00d6verdelen p\u00e5 vingarna kunde r\u00e4ddas&#8230;&#8230;&#8230;. s\u00e5 blev det till att anv\u00e4nda sl\u00e4ggan och forma nya pl\u00e5tar&#8230;&#8230;&#8230;&#8230;&#8230;&#8230;&#8230;&#8230;&#8230;&#8230;&#8230;&#8230;.<\/span><\/p>\n<p style=\"text-align: center;\"><span style=\"color: #000000;\">&#8230;&#8230;&#8230;&#8230;&#8230;&#8230;&#8230;&#8230;&#8230;&#8230;&#8230;&#8230;&#8230;&#8230;&#8230;&#8230;&#8230;&#8230;&#8230;&#8230;&#8230;&#8230;&#8230;&#8230;&#8230;&#8230;&#8230;&#8230;&#8230;&#8230;&#8230;&#8230;&#8230;&#8230;&#8230;&#8230;&#8230;&#8230;&#8230;&#8230;&#8230;&#8230;&#8230;&#8230;&#8230;&#8230;&#8230;&#8230;&#8230;&#8230;&#8230;&#8230;&#8230;&#8230;&#8230;&#8230;.<\/span><\/p>\n<p style=\"text-align: center;\"><span style=\"color: #000000;\">Nytt bagage golv och sidostycken, bakstammen blev lite knepig att fixa.<\/span><\/p>\n<p style=\"text-align: center;\"><a href=\"https:\/\/le-baron.se\/wp-content\/uploads\/2011\/06\/p8.jpg\"><img loading=\"lazy\" decoding=\"async\" class=\"alignnone size-medium wp-image-125\" title=\"OLYMPUS DIGITAL CAMERA\" alt=\"\" src=\"https:\/\/le-baron.se\/wp-content\/uploads\/2011\/06\/p8-300x224.jpg\" width=\"200\" height=\"150\" srcset=\"https:\/\/le-baron.se\/wp-content\/uploads\/2011\/06\/p8-300x224.jpg 300w, https:\/\/le-baron.se\/wp-content\/uploads\/2011\/06\/p8.jpg 902w\" sizes=\"auto, (max-width: 200px) 100vw, 200px\" \/><\/a><\/p>\n<p style=\"text-align: center;\"><span style=\"color: #000000;\">skam den som ger sig, storsl\u00e4ggan och moth\u00e5l s\u00e5 funkar det.<\/span><\/p>\n<p style=\"text-align: center;\"><a href=\"https:\/\/le-baron.se\/wp-content\/uploads\/2011\/06\/p9.jpg\"><img loading=\"lazy\" decoding=\"async\" class=\"size-medium wp-image-126 alignleft\" title=\"OLYMPUS DIGITAL CAMERA\" alt=\"\" src=\"https:\/\/le-baron.se\/wp-content\/uploads\/2011\/06\/p9-300x224.jpg\" width=\"200\" height=\"149\" srcset=\"https:\/\/le-baron.se\/wp-content\/uploads\/2011\/06\/p9-300x224.jpg 300w, https:\/\/le-baron.se\/wp-content\/uploads\/2011\/06\/p9.jpg 902w\" sizes=\"auto, (max-width: 200px) 100vw, 200px\" \/><\/a> <a href=\"https:\/\/le-baron.se\/wp-content\/uploads\/2011\/06\/p10.jpg\"><img loading=\"lazy\" decoding=\"async\" class=\"size-medium wp-image-127 alignright\" title=\"OLYMPUS DIGITAL CAMERA\" alt=\"\" src=\"https:\/\/le-baron.se\/wp-content\/uploads\/2011\/06\/p10-300x225.jpg\" width=\"200\" height=\"150\" srcset=\"https:\/\/le-baron.se\/wp-content\/uploads\/2011\/06\/p10-300x225.jpg 300w, https:\/\/le-baron.se\/wp-content\/uploads\/2011\/06\/p10.jpg 881w\" sizes=\"auto, (max-width: 200px) 100vw, 200px\" \/><\/a><\/p>\n<p style=\"text-align: center;\"><span style=\"color: #000000;\">D\u00e5 var det dags att byta pl\u00e5ten mellan bakrutan och bakluckan. Ramen runt bakrutan och \u00f6verdelen p\u00e5 hjulhusen, mm mm.<\/span><\/p>\n<p style=\"text-align: center;\"><a href=\"https:\/\/le-baron.se\/wp-content\/uploads\/2011\/06\/p111.jpg\"><img loading=\"lazy\" decoding=\"async\" class=\"alignnone size-medium wp-image-136\" title=\"OLYMPUS DIGITAL CAMERA\" alt=\"\" src=\"https:\/\/le-baron.se\/wp-content\/uploads\/2011\/06\/p111-300x224.jpg\" width=\"200\" height=\"150\" srcset=\"https:\/\/le-baron.se\/wp-content\/uploads\/2011\/06\/p111-300x224.jpg 300w, https:\/\/le-baron.se\/wp-content\/uploads\/2011\/06\/p111.jpg 902w\" sizes=\"auto, (max-width: 200px) 100vw, 200px\" \/><\/a><\/p>\n<p style=\"text-align: center;\"><span style=\"color: #000000;\">S\u00e5 blev det, nu \u00e4r det som en vanlig renovering kvar.<\/span><\/p>\n<p><a href=\"https:\/\/le-baron.se\/wp-content\/uploads\/2011\/06\/IMG_0097.jpg\"><img loading=\"lazy\" decoding=\"async\" class=\"alignleft  wp-image-2283\" alt=\"IMG_0097\" src=\"https:\/\/le-baron.se\/wp-content\/uploads\/2011\/06\/IMG_0097-300x225.jpg\" width=\"225\" height=\"180\" \/><\/a><span style=\"color: #000000;\">Det blir s\u00e5 l\u00e4tt att jobba<\/span><br \/>\n<span style=\"color: #000000;\"> n\u00e4r man kan vika upp karossen,<\/span><br \/>\n<span style=\"color: #000000;\"> s\u00e5 nu \u00e4r\u00a0 det bara att grundm\u00e4la och<\/span><br \/>\n<span style=\"color: #000000;\"> underredsbehandla.<\/span><\/p>\n<p style=\"text-align: center;\">_______________________________________________________________<\/p>\n<p><span style=\"color: #000000;\">\u00a0Denna motor \u00e4r en 440 men mindre borrning 413. Industri motor som satt i Dodge motor home och i truckar och liknande, De var extra f\u00f6rst\u00e4rkta i gjutningen b\u00e5de inv\u00e4ndigt och p\u00e5 utsidan.V\u00e4ldigt starka block med smidd vev. Det hade st\u00e5tt vatten i den s\u00e5 den borrades upp till 440 originalstorlek.<\/span><a href=\"https:\/\/le-baron.se\/wp-content\/uploads\/2017\/05\/IMG_1795a.jpg\"><img loading=\"lazy\" decoding=\"async\" class=\"alignleft  wp-image-2200\" alt=\"IMG_1795a\" src=\"https:\/\/le-baron.se\/wp-content\/uploads\/2017\/05\/IMG_1795a-300x225.jpg\" width=\"240\" height=\"180\" srcset=\"https:\/\/le-baron.se\/wp-content\/uploads\/2017\/05\/IMG_1795a-300x225.jpg 300w, https:\/\/le-baron.se\/wp-content\/uploads\/2017\/05\/IMG_1795a-1024x768.jpg 1024w, https:\/\/le-baron.se\/wp-content\/uploads\/2017\/05\/IMG_1795a.jpg 1437w\" sizes=\"auto, (max-width: 240px) 100vw, 240px\" \/><\/a><\/p>\n<p><a href=\"https:\/\/le-baron.se\/wp-content\/uploads\/2017\/05\/IMG_2661a.jpg\"><img loading=\"lazy\" decoding=\"async\" class=\" wp-image-2215 alignnone\" alt=\"IMG_2661a\" src=\"https:\/\/le-baron.se\/wp-content\/uploads\/2017\/05\/IMG_2661a-300x224.jpg\" width=\"240\" height=\"179\" srcset=\"https:\/\/le-baron.se\/wp-content\/uploads\/2017\/05\/IMG_2661a-300x224.jpg 300w, https:\/\/le-baron.se\/wp-content\/uploads\/2017\/05\/IMG_2661a-1024x767.jpg 1024w, https:\/\/le-baron.se\/wp-content\/uploads\/2017\/05\/IMG_2661a.jpg 1078w\" sizes=\"auto, (max-width: 240px) 100vw, 240px\" \/><\/a><\/p>\n<p><a href=\"https:\/\/le-baron.se\/wp-content\/uploads\/2011\/06\/IMG_1798.jpg\"><img loading=\"lazy\" decoding=\"async\" class=\"alignleft  wp-image-2264\" alt=\"IMG_1798\" src=\"https:\/\/le-baron.se\/wp-content\/uploads\/2011\/06\/IMG_1798-300x225.jpg\" width=\"240\" height=\"180\" srcset=\"https:\/\/le-baron.se\/wp-content\/uploads\/2011\/06\/IMG_1798-300x225.jpg 300w, https:\/\/le-baron.se\/wp-content\/uploads\/2011\/06\/IMG_1798-1024x768.jpg 1024w\" sizes=\"auto, (max-width: 240px) 100vw, 240px\" \/><\/a><span style=\"color: #000000;\">Nya ventiler i dom renoverade 509 topparna.<\/span><\/p>\n<p style=\"text-align: left;\">&#8212;&#8212;&#8212;&#8212;&#8212;&#8212;&#8212;&#8212;&#8212;&#8212;&#8212;&#8212;&#8212;&#8212;&#8212;&#8212;&#8212;&#8212;&#8212;&#8212;&#8212;&#8212;&#8212;&#8212;&#8212;&#8212;&#8212;&#8212;&#8212;&#8212;&#8212;&#8212;&#8212;&#8212;&#8212;&#8212;<\/p>\n<p><a href=\"https:\/\/le-baron.se\/wp-content\/uploads\/2011\/06\/IMG_4242.jpg\"><img loading=\"lazy\" decoding=\"async\" class=\"alignleft  wp-image-2266\" alt=\"IMG_4242\" src=\"https:\/\/le-baron.se\/wp-content\/uploads\/2011\/06\/IMG_4242-300x225.jpg\" width=\"240\" height=\"180\" srcset=\"https:\/\/le-baron.se\/wp-content\/uploads\/2011\/06\/IMG_4242-300x225.jpg 300w, https:\/\/le-baron.se\/wp-content\/uploads\/2011\/06\/IMG_4242-1024x768.jpg 1024w\" sizes=\"auto, (max-width: 240px) 100vw, 240px\" \/><\/a><span style=\"color: #000000;\">Nu \u00e4r ramen p\u00e5 g\u00e5ng.<\/span><br \/>\n<span style=\"color: #000000;\"> D\u00e5 denna bil inte blir exakt original s\u00e5<\/span><br \/>\n<span style=\"color: #000000;\"> blir det en del uppdateringar som ingen kommer att m\u00e4rka om man inte kan<\/span><br \/>\n<span style=\"color: #000000;\"> Plymouth -57.<\/span><\/p>\n<p style=\"text-align: center;\"><span style=\"color: #000000;\">Exempel.<\/span><br \/>\n<span style=\"color: #000000;\"> 8 3\/4\u00a0\u00a0 med bromsar och lamell diff fr\u00e5n Chrysler NEW YORKER -59<\/span><\/p>\n<p><a href=\"https:\/\/le-baron.se\/wp-content\/uploads\/2011\/06\/IMG_4244.jpg\"><img loading=\"lazy\" decoding=\"async\" class=\"alignright  wp-image-2269\" alt=\"IMG_4244\" src=\"https:\/\/le-baron.se\/wp-content\/uploads\/2011\/06\/IMG_4244-300x225.jpg\" width=\"240\" height=\"180\" srcset=\"https:\/\/le-baron.se\/wp-content\/uploads\/2011\/06\/IMG_4244-300x225.jpg 300w, https:\/\/le-baron.se\/wp-content\/uploads\/2011\/06\/IMG_4244-1024x768.jpg 1024w\" sizes=\"auto, (max-width: 240px) 100vw, 240px\" \/><\/a><span style=\"color: #000000;\">Jag h\u00e5ller p\u00e5 med att tillverka motor f\u00e4sten<\/span><br \/>\n<span style=\"color: #000000;\"> till 440 d\u00e5 denna bil hade sexa fr\u00e5n b\u00f6rjan.<\/span><\/p>\n<p><a href=\"https:\/\/le-baron.se\/wp-content\/uploads\/2011\/06\/IMG_0065.jpg\"><img loading=\"lazy\" decoding=\"async\" class=\"alignleft  wp-image-2276\" alt=\"IMG_0065\" src=\"https:\/\/le-baron.se\/wp-content\/uploads\/2011\/06\/IMG_0065-300x225.jpg\" width=\"225\" height=\"180\" \/><\/a><span style=\"color: #000000;\">Nu sitter 440 p\u00e5 plats.<\/span><br \/>\n<span style=\"color: #000000;\"> Nya motor f\u00e4sten och f\u00e4stet till v\u00e4xel l\u00e5dan.<\/span><br \/>\n<span style=\"color: #000000;\"> Nya dubbla avgasr\u00f6r i rostfritt, s\u00e5 det blir<\/span><br \/>\n<span style=\"color: #000000;\"> intressant\u00a0 att h\u00f6ra om det blir bra ljud<\/span><br \/>\n<span style=\"color: #000000;\"> n\u00e4r den ska provstartas.<\/span><\/p>\n<p><a href=\"https:\/\/le-baron.se\/wp-content\/uploads\/2011\/06\/IMG_0062.jpg\"><img loading=\"lazy\" decoding=\"async\" class=\" wp-image-2278 alignnone\" alt=\"IMG_0062\" src=\"https:\/\/le-baron.se\/wp-content\/uploads\/2011\/06\/IMG_0062-300x225.jpg\" width=\"240\" height=\"180\" srcset=\"https:\/\/le-baron.se\/wp-content\/uploads\/2011\/06\/IMG_0062-300x225.jpg 300w, https:\/\/le-baron.se\/wp-content\/uploads\/2011\/06\/IMG_0062-1024x768.jpg 1024w\" sizes=\"auto, (max-width: 240px) 100vw, 240px\" \/><\/a><\/p>\n<p><a href=\"https:\/\/le-baron.se\/wp-content\/uploads\/2011\/06\/IMG_0175.jpg\"><img loading=\"lazy\" decoding=\"async\" class=\"alignleft  wp-image-2285\" alt=\"IMG_0175\" src=\"https:\/\/le-baron.se\/wp-content\/uploads\/2011\/06\/IMG_0175-300x225.jpg\" width=\"240\" height=\"180\" srcset=\"https:\/\/le-baron.se\/wp-content\/uploads\/2011\/06\/IMG_0175-300x225.jpg 300w, https:\/\/le-baron.se\/wp-content\/uploads\/2011\/06\/IMG_0175-1024x768.jpg 1024w\" sizes=\"auto, (max-width: 240px) 100vw, 240px\" \/><\/a><span style=\"color: #000000;\">Nu st\u00e5r karossen \u00e5ter p\u00e5 ramen<\/span><br \/>\n<span style=\"color: #000000;\"> och det blev bra.<\/span><br \/>\n<span style=\"color: #000000;\"> S\u00e5 best\u00e4mde jag mej f\u00f6r att byta taket<\/span><br \/>\n<span style=\"color: #000000;\"> ocks\u00e5, och s\u00e5 blev det.<\/span><br \/>\n<span style=\"color: #ff0000;\">INGEN ORIGINAL BIL<\/span><br \/>\n<span style=\"color: #000000;\">Nu ska alla detaljer i fronten p\u00e5 plats<\/span><br \/>\n<span style=\"color: #000000;\"> s\u00e5 man kan s\u00e4tta p\u00e5 sk\u00e4rmar och huv<\/span><br \/>\n<span style=\"color: #000000;\"> s\u00e5 man kan passa in alla m\u00e5tt.<\/span><\/p>\n<p style=\"text-align: left;\"><a href=\"https:\/\/le-baron.se\/wp-content\/uploads\/2011\/06\/IMG_1469.jpg\"><img loading=\"lazy\" decoding=\"async\" class=\"alignright  wp-image-2461\" alt=\"IMG_1469\" src=\"https:\/\/le-baron.se\/wp-content\/uploads\/2011\/06\/IMG_1469-300x225.jpg\" width=\"240\" height=\"180\" srcset=\"https:\/\/le-baron.se\/wp-content\/uploads\/2011\/06\/IMG_1469-300x225.jpg 300w, https:\/\/le-baron.se\/wp-content\/uploads\/2011\/06\/IMG_1469-1024x768.jpg 1024w\" sizes=\"auto, (max-width: 240px) 100vw, 240px\" \/><\/a><img loading=\"lazy\" decoding=\"async\" alt=\"IMG_0176\" src=\"https:\/\/le-baron.se\/wp-content\/uploads\/2011\/06\/IMG_0176-300x225.jpg\" width=\"240\" height=\"180\" \/><\/p>\n<p style=\"text-align: right;\"><span style=\"color: #000000;\">Nu \u00e4r det nya taket p\u00e5 plats.<\/span><br \/>\n<span style=\"color: #000000;\"> ___________________________________________________________________<\/span>____<br \/>\n<a href=\"https:\/\/le-baron.se\/wp-content\/uploads\/2011\/06\/IMG_1465.jpg\"><img loading=\"lazy\" decoding=\"async\" class=\"wp-image-2463 alignright\" alt=\"IMG_1465\" src=\"https:\/\/le-baron.se\/wp-content\/uploads\/2011\/06\/IMG_1465-300x225.jpg\" width=\"240\" height=\"180\" srcset=\"https:\/\/le-baron.se\/wp-content\/uploads\/2011\/06\/IMG_1465-300x225.jpg 300w, https:\/\/le-baron.se\/wp-content\/uploads\/2011\/06\/IMG_1465-1024x768.jpg 1024w\" sizes=\"auto, (max-width: 240px) 100vw, 240px\" \/><\/a><a href=\"https:\/\/le-baron.se\/wp-content\/uploads\/2011\/06\/IMG_1468.jpg\"><img loading=\"lazy\" decoding=\"async\" class=\" wp-image-2464 alignnone\" alt=\"IMG_1468\" src=\"https:\/\/le-baron.se\/wp-content\/uploads\/2011\/06\/IMG_1468-300x225.jpg\" width=\"240\" height=\"180\" srcset=\"https:\/\/le-baron.se\/wp-content\/uploads\/2011\/06\/IMG_1468-300x225.jpg 300w, https:\/\/le-baron.se\/wp-content\/uploads\/2011\/06\/IMG_1468-1024x768.jpg 1024w\" sizes=\"auto, (max-width: 240px) 100vw, 240px\" \/><\/a><\/p>\n<p style=\"text-align: center;\"><span style=\"color: #000000;\">Motorn \u00e4r upp startad och den g\u00e5r fint, blev mycket bra ljudniv\u00e5 p\u00e5 avgas ljudet.<\/span><br \/>\n_____________________________________________________________________________<\/p>\n<p><a href=\"https:\/\/le-baron.se\/wp-content\/uploads\/2011\/06\/IMG_0201.jpg\"><img loading=\"lazy\" decoding=\"async\" class=\"alignleft  wp-image-2290\" alt=\"IMG_0201\" src=\"https:\/\/le-baron.se\/wp-content\/uploads\/2011\/06\/IMG_0201-300x225.jpg\" width=\"225\" height=\"203\" \/><\/a><\/p>\n<p>&nbsp;<\/p>\n<p><span style=\"color: #000000;\">Renoverat v\u00e4rmepaket, den gamla ramen var upprostad som allting annat p\u00e5 bilen.<\/span><br \/>\n<span style=\"color: #000000;\"> Fick l\u00f6da om det nedre r\u00f6ret och vinkla det till h\u00f6ger s\u00e5 det skulle f\u00e5 plats .<\/span><\/p>\n<p><a href=\"https:\/\/le-baron.se\/wp-content\/uploads\/2011\/06\/IMG_0208.jpg\"><img loading=\"lazy\" decoding=\"async\" class=\"wp-image-2292 alignnone\" alt=\"IMG_0208\" src=\"https:\/\/le-baron.se\/wp-content\/uploads\/2011\/06\/IMG_0208-300x225.jpg\" width=\"219\" height=\"165\" srcset=\"https:\/\/le-baron.se\/wp-content\/uploads\/2011\/06\/IMG_0208-300x225.jpg 300w, https:\/\/le-baron.se\/wp-content\/uploads\/2011\/06\/IMG_0208-1024x768.jpg 1024w\" sizes=\"auto, (max-width: 219px) 100vw, 219px\" \/><\/a><a href=\"https:\/\/le-baron.se\/wp-content\/uploads\/2011\/06\/IMG_0209.jpg\"><img loading=\"lazy\" decoding=\"async\" class=\"alignright  wp-image-2293\" alt=\"IMG_0209\" src=\"https:\/\/le-baron.se\/wp-content\/uploads\/2011\/06\/IMG_0209-300x225.jpg\" width=\"216\" height=\"162\" srcset=\"https:\/\/le-baron.se\/wp-content\/uploads\/2011\/06\/IMG_0209-300x225.jpg 300w, https:\/\/le-baron.se\/wp-content\/uploads\/2011\/06\/IMG_0209-1024x768.jpg 1024w\" sizes=\"auto, (max-width: 216px) 100vw, 216px\" \/><\/a><\/p>\n<p style=\"text-align: center;\"><span style=\"color: #000000;\">Luftkanalerna p\u00e5<\/span><br \/>\n<span style=\"color: #000000;\"> insidan torpeden Var d\u00e5liga s\u00e5 de<\/span><br \/>\n<span style=\"color: #000000;\"> renoverades efter originalet i kaross papp,\u00a0 och monterades p\u00e5 plats i bilen.<\/span><\/p>\n<p>&#8212;&#8212;&#8212;&#8212;&#8212;&#8212;&#8212;&#8212;&#8212;&#8212;&#8212;&#8212;&#8212;&#8212;&#8212;&#8212;&#8212;&#8212;&#8212;&#8212;&#8212;&#8212;&#8212;&#8212;&#8212;&#8212;&#8212;&#8212;&#8212;&#8212;&#8212;&#8212;&#8212;&#8212;&#8212;&#8212;&#8212;&#8212;&#8212;&#8212;&#8212;&#8211;<br \/>\n<a href=\"https:\/\/le-baron.se\/wp-content\/uploads\/2022\/09\/IMG_1437.jpg\"><img loading=\"lazy\" decoding=\"async\" class=\"wp-image-2443 alignleft\" alt=\"IMG_1437\" src=\"https:\/\/le-baron.se\/wp-content\/uploads\/2022\/09\/IMG_1437-300x225.jpg\" width=\"240\" height=\"180\" srcset=\"https:\/\/le-baron.se\/wp-content\/uploads\/2022\/09\/IMG_1437-300x225.jpg 300w, https:\/\/le-baron.se\/wp-content\/uploads\/2022\/09\/IMG_1437-1024x768.jpg 1024w\" sizes=\"auto, (max-width: 240px) 100vw, 240px\" \/><\/a><a href=\"https:\/\/le-baron.se\/wp-content\/uploads\/2022\/09\/IMG_1451.jpg\"><img loading=\"lazy\" decoding=\"async\" class=\"alignright\" alt=\"IMG_1451\" src=\"https:\/\/le-baron.se\/wp-content\/uploads\/2022\/09\/IMG_1451-300x225.jpg\" width=\"240\" height=\"180\" \/><\/a><span style=\"color: #000000;\">h\u00e5ller p\u00e5 med en ny inredning till bilen.<\/span><\/p>\n<p>&nbsp;<\/p>\n<p>&nbsp;<\/p>\n<p>___________________________________________________________________________<\/p>\n<p><a href=\"https:\/\/le-baron.se\/wp-content\/uploads\/2022\/09\/IMG_1487.jpg\"><img loading=\"lazy\" decoding=\"async\" class=\"alignright  wp-image-2485\" alt=\"IMG_1487\" src=\"https:\/\/le-baron.se\/wp-content\/uploads\/2022\/09\/IMG_1487-300x225.jpg\" width=\"240\" height=\"180\" srcset=\"https:\/\/le-baron.se\/wp-content\/uploads\/2022\/09\/IMG_1487-300x225.jpg 300w, https:\/\/le-baron.se\/wp-content\/uploads\/2022\/09\/IMG_1487-1024x768.jpg 1024w\" sizes=\"auto, (max-width: 240px) 100vw, 240px\" \/><\/a><\/p>\n<p><a href=\"https:\/\/le-baron.se\/wp-content\/uploads\/2022\/09\/IMG_1490.jpg\"><img loading=\"lazy\" decoding=\"async\" class=\"alignleft  wp-image-2483\" alt=\"IMG_1490\" src=\"https:\/\/le-baron.se\/wp-content\/uploads\/2022\/09\/IMG_1490-300x225.jpg\" width=\"225\" height=\"180\" \/><\/a><span style=\"color: #000000;\">H\u00e4r kan man se<\/span><br \/>\n<span style=\"color: #000000;\"> att den \u00e4r m\u00f6rk<\/span><br \/>\n<span style=\"color: #000000;\"> bl\u00e5 och inte svart.<\/span><\/p>\n<p>&nbsp;<\/p>\n<p>&nbsp;<\/p>\n<p>&nbsp;<\/p>\n<p><a href=\"https:\/\/le-baron.se\/wp-content\/uploads\/2022\/09\/IMG_1501.jpg\"><img loading=\"lazy\" decoding=\"async\" class=\"wp-image-2496 alignleft\" alt=\"IMG_1501\" src=\"https:\/\/le-baron.se\/wp-content\/uploads\/2022\/09\/IMG_1501-300x225.jpg\" width=\"240\" height=\"180\" srcset=\"https:\/\/le-baron.se\/wp-content\/uploads\/2022\/09\/IMG_1501-300x225.jpg 300w, https:\/\/le-baron.se\/wp-content\/uploads\/2022\/09\/IMG_1501-1024x768.jpg 1024w\" sizes=\"auto, (max-width: 240px) 100vw, 240px\" \/><\/a><\/p>\n<p style=\"text-align: right;\"><a href=\"https:\/\/le-baron.se\/wp-content\/uploads\/2022\/09\/IMG_1503.jpg\"><img loading=\"lazy\" decoding=\"async\" alt=\"IMG_1503\" src=\"https:\/\/le-baron.se\/wp-content\/uploads\/2022\/09\/IMG_1503-300x225.jpg\" width=\"240\" height=\"180\" \/><\/a><\/p>\n<p style=\"text-align: center;\">Sidopanelerna blev en egen modell som nog fungerar i bilen.<\/p>\n<p>&#8212;&#8212;&#8212;&#8212;&#8212;&#8212;&#8212;&#8212;&#8212;&#8212;&#8212;&#8212;&#8212;&#8212;&#8212;&#8212;&#8212;&#8212;&#8212;&#8212;&#8212;&#8212;&#8212;&#8212;&#8212;&#8212;&#8212;&#8212;&#8212;&#8212;&#8212;&#8212;&#8212;&#8212;&#8212;&#8212;&#8212;&#8212;&#8212;&#8212;-<\/p>\n<p style=\"text-align: center;\">Kontakt via mail,\u00a0\u00a0 <a title=\"ivan@le-baron.se\" href=\"mailto:ivan@le-baron.se\">ivan@le-baron.se<\/a><br \/>\nMvh Le-Baron<\/p>\n","protected":false},"excerpt":{"rendered":"<p>Kontaktas via mail. ivan@le-baron.se Klicka p\u00e5 bilderna s\u00e5 blir dom stora. Det blir nog inte s\u00e5 mycket jobb p\u00e5 den. Lackera-ny inredning och sparka p\u00e5 hjulen sen kan man nog ut och \u00e5ka!!!!!!!!!!!!!!!!! Men lite jobb \u00e4r ju kul. Men &hellip; <a href=\"https:\/\/le-baron.se\/?page_id=33\">Forts\u00e4tt l\u00e4sa <span class=\"meta-nav\">&rarr;<\/span><\/a><\/p>\n","protected":false},"author":1,"featured_media":0,"parent":1727,"menu_order":2,"comment_status":"closed","ping_status":"open","template":"","meta":{"footnotes":""},"class_list":["post-33","page","type-page","status-publish","hentry"],"_links":{"self":[{"href":"https:\/\/le-baron.se\/index.php?rest_route=\/wp\/v2\/pages\/33","targetHints":{"allow":["GET"]}}],"collection":[{"href":"https:\/\/le-baron.se\/index.php?rest_route=\/wp\/v2\/pages"}],"about":[{"href":"https:\/\/le-baron.se\/index.php?rest_route=\/wp\/v2\/types\/page"}],"author":[{"embeddable":true,"href":"https:\/\/le-baron.se\/index.php?rest_route=\/wp\/v2\/users\/1"}],"replies":[{"embeddable":true,"href":"https:\/\/le-baron.se\/index.php?rest_route=%2Fwp%2Fv2%2Fcomments&post=33"}],"version-history":[{"count":78,"href":"https:\/\/le-baron.se\/index.php?rest_route=\/wp\/v2\/pages\/33\/revisions"}],"predecessor-version":[{"id":2661,"href":"https:\/\/le-baron.se\/index.php?rest_route=\/wp\/v2\/pages\/33\/revisions\/2661"}],"up":[{"embeddable":true,"href":"https:\/\/le-baron.se\/index.php?rest_route=\/wp\/v2\/pages\/1727"}],"wp:attachment":[{"href":"https:\/\/le-baron.se\/index.php?rest_route=%2Fwp%2Fv2%2Fmedia&parent=33"}],"curies":[{"name":"wp","href":"https:\/\/api.w.org\/{rel}","templated":true}]}}