{"id":2672,"date":"2023-09-13T19:02:51","date_gmt":"2023-09-13T19:02:51","guid":{"rendered":"https:\/\/le-baron.se\/?page_id=2672"},"modified":"2023-09-14T20:15:03","modified_gmt":"2023-09-14T20:15:03","slug":"mercedes-220s-1965","status":"publish","type":"page","link":"https:\/\/le-baron.se\/?page_id=2672","title":{"rendered":"&#8230;&#8230;&#8230;&#8230;&#8230;&#8230;&#8230;&#8230;..Mercedes 220s 1965&#8230;&#8230;&#8230;&#8230;&#8230;&#8230;&#8230;&#8230;.."},"content":{"rendered":"\n<figure class=\"wp-block-image size-full is-resized\"><a href=\"https:\/\/le-baron.se\/wp-content\/uploads\/2023\/09\/IMG_6339-1.jpg\"><img loading=\"lazy\" decoding=\"async\" src=\"https:\/\/le-baron.se\/wp-content\/uploads\/2023\/09\/IMG_6339-1.jpg\" alt=\"\" class=\"wp-image-2681\" style=\"width:235px;height:313px\" width=\"235\" height=\"313\"\/><\/a><\/figure>\n\n\n\n<p class=\"has-text-align-center\" style=\"font-size:17px\">Denna bil har varit undanst\u00e4lld i ett garage sedan 2003. Den hade ocks\u00e5 ramlat ur registret d\u00e5 avst\u00e4llnings avg inte betalats. S\u00e5 jag har skickat in all info f\u00f6r <br>ursprungs kontroll som de beh\u00f6ver.<br>S\u00e5 nu har den blivit god k\u00e4nd i f\u00f6rsta instans, nu kr\u00e4vs det en typregistrering f\u00f6r att f\u00e5 en ny identitet p\u00e5 den och nya skyltar.<br><\/p>\n\n\n\n<p><\/p>\n","protected":false},"excerpt":{"rendered":"<p>Denna bil har varit undanst\u00e4lld i ett garage sedan 2003. Den hade ocks\u00e5 ramlat ur registret d\u00e5 avst\u00e4llnings avg inte betalats. S\u00e5 jag har skickat in all info f\u00f6r ursprungs kontroll som de beh\u00f6ver.S\u00e5 nu har den blivit god k\u00e4nd &hellip; <a href=\"https:\/\/le-baron.se\/?page_id=2672\">Forts\u00e4tt l\u00e4sa <span class=\"meta-nav\">&rarr;<\/span><\/a><\/p>\n","protected":false},"author":1,"featured_media":0,"parent":0,"menu_order":0,"comment_status":"closed","ping_status":"closed","template":"","meta":{"footnotes":""},"class_list":["post-2672","page","type-page","status-publish","hentry"],"_links":{"self":[{"href":"https:\/\/le-baron.se\/index.php?rest_route=\/wp\/v2\/pages\/2672","targetHints":{"allow":["GET"]}}],"collection":[{"href":"https:\/\/le-baron.se\/index.php?rest_route=\/wp\/v2\/pages"}],"about":[{"href":"https:\/\/le-baron.se\/index.php?rest_route=\/wp\/v2\/types\/page"}],"author":[{"embeddable":true,"href":"https:\/\/le-baron.se\/index.php?rest_route=\/wp\/v2\/users\/1"}],"replies":[{"embeddable":true,"href":"https:\/\/le-baron.se\/index.php?rest_route=%2Fwp%2Fv2%2Fcomments&post=2672"}],"version-history":[{"count":7,"href":"https:\/\/le-baron.se\/index.php?rest_route=\/wp\/v2\/pages\/2672\/revisions"}],"predecessor-version":[{"id":2683,"href":"https:\/\/le-baron.se\/index.php?rest_route=\/wp\/v2\/pages\/2672\/revisions\/2683"}],"wp:attachment":[{"href":"https:\/\/le-baron.se\/index.php?rest_route=%2Fwp%2Fv2%2Fmedia&parent=2672"}],"curies":[{"name":"wp","href":"https:\/\/api.w.org\/{rel}","templated":true}]}}