{"id":2570,"date":"2023-05-25T20:13:06","date_gmt":"2023-05-25T20:13:06","guid":{"rendered":"http:\/\/www.le-baron.se\/?page_id=2570"},"modified":"2023-07-29T17:46:37","modified_gmt":"2023-07-29T17:46:37","slug":"plymouth-valiant-1969","status":"publish","type":"page","link":"https:\/\/le-baron.se\/?page_id=2570","title":{"rendered":"Plymouth Valiant 1969"},"content":{"rendered":"<p style=\"text-align: center;\">Nu ska jag fixa en ny inredning till Valianten.<br \/>\nD\u00e5 den \u00e4r v\u00e4ldigt d\u00e5lig.<\/p>\n<p style=\"text-align: left;\"><a href=\"https:\/\/le-baron.se\/wp-content\/uploads\/2023\/05\/IMG_1703.jpg\"><img loading=\"lazy\" decoding=\"async\" class=\" wp-image-2577 alignright\" alt=\"IMG_1703\" src=\"https:\/\/le-baron.se\/wp-content\/uploads\/2023\/05\/IMG_1703-300x225.jpg\" width=\"240\" height=\"180\" srcset=\"https:\/\/le-baron.se\/wp-content\/uploads\/2023\/05\/IMG_1703-300x225.jpg 300w, https:\/\/le-baron.se\/wp-content\/uploads\/2023\/05\/IMG_1703-1024x768.jpg 1024w\" sizes=\"auto, (max-width: 240px) 100vw, 240px\" \/><\/a><\/p>\n<p style=\"text-align: left;\">Inte\u00a0 s\u00e5 vackert men det ska v\u00e4l g\u00e5 att fixa.<br \/>\nryggst\u00f6den ser ut s\u00e5 h\u00e4r och sitt ytan \u00e4r sprucken och h\u00e5rd.<\/p>\n<p>&nbsp;<\/p>\n<p>_________________________________________________________________________<\/p>\n<p><a href=\"https:\/\/le-baron.se\/wp-content\/uploads\/2023\/05\/IMG_1705.jpg\"><img loading=\"lazy\" decoding=\"async\" class=\"alignright\" alt=\"IMG_1705\" src=\"https:\/\/le-baron.se\/wp-content\/uploads\/2023\/05\/IMG_1705-300x225.jpg\" width=\"240\" height=\"180\" \/><\/a>Blev inte s\u00e5 illa.<\/p>\n<p>&nbsp;<\/p>\n<p>&#8212;&#8212;&#8212;&#8212;&#8212;&#8212;&#8212;&#8212;&#8212;&#8212;&#8212;&#8212;&#8212;&#8212;&#8212;&#8212;&#8212;&#8212;&#8212;&#8212;&#8212;&#8212;&#8212;&#8212;&#8212;&#8212;&#8212;&#8212;&#8212;&#8212;&#8212;&#8212;&#8212;&#8212;&#8212;&#8212;&#8212;&#8212;&#8212;&#8212;&#8211;<\/p>\n<p><a href=\"https:\/\/le-baron.se\/wp-content\/uploads\/2023\/05\/IMG_1710.jpg\"><img loading=\"lazy\" decoding=\"async\" class=\"alignright  wp-image-2585\" alt=\"IMG_1710\" src=\"https:\/\/le-baron.se\/wp-content\/uploads\/2023\/05\/IMG_1710-300x225.jpg\" width=\"240\" height=\"180\" srcset=\"https:\/\/le-baron.se\/wp-content\/uploads\/2023\/05\/IMG_1710-300x225.jpg 300w, https:\/\/le-baron.se\/wp-content\/uploads\/2023\/05\/IMG_1710-1024x768.jpg 1024w\" sizes=\"auto, (max-width: 240px) 100vw, 240px\" \/><\/a>S\u00e5 var det sittytans tur att fixas till.<\/p>\n<p>Men den \u00e4r lite knepig d\u00e5 det \u00e4 20<br \/>\ndelar som ska tillverkas och sys ihop<br \/>\ntill en sittyta.<\/p>\n<p>&nbsp;<\/p>\n<p>________________________________________________________________________<\/p>\n<p><a href=\"https:\/\/le-baron.se\/wp-content\/uploads\/2023\/05\/IMG_1717.jpg\"><img loading=\"lazy\" decoding=\"async\" class=\"alignright size-medium wp-image-2587\" alt=\"IMG_1717\" src=\"https:\/\/le-baron.se\/wp-content\/uploads\/2023\/05\/IMG_1717-300x225.jpg\" width=\"300\" height=\"225\" srcset=\"https:\/\/le-baron.se\/wp-content\/uploads\/2023\/05\/IMG_1717-300x225.jpg 300w, https:\/\/le-baron.se\/wp-content\/uploads\/2023\/05\/IMG_1717-1024x768.jpg 1024w\" sizes=\"auto, (max-width: 300px) 100vw, 300px\" \/><\/a>Det \u00e4r nog b\u00e4st att numrera s\u00e5 man har n\u00e5gon\u00a0 koll p\u00e5 var bitarna ska sitta.<\/p>\n<p>&nbsp;<\/p>\n<p>&nbsp;<\/p>\n<p>&nbsp;<\/p>\n<p>&nbsp;<\/p>\n<p>_________________________________________________________________________<\/p>\n<p style=\"text-align: center;\"><a href=\"https:\/\/le-baron.se\/wp-content\/uploads\/2023\/05\/IMG_1749.jpg\"><img loading=\"lazy\" decoding=\"async\" class=\"alignleft  wp-image-2595\" alt=\"IMG_1749\" src=\"https:\/\/le-baron.se\/wp-content\/uploads\/2023\/05\/IMG_1749-300x225.jpg\" width=\"240\" height=\"180\" srcset=\"https:\/\/le-baron.se\/wp-content\/uploads\/2023\/05\/IMG_1749-300x225.jpg 300w, https:\/\/le-baron.se\/wp-content\/uploads\/2023\/05\/IMG_1749-1024x768.jpg 1024w\" sizes=\"auto, (max-width: 240px) 100vw, 240px\" \/><\/a><a href=\"https:\/\/le-baron.se\/wp-content\/uploads\/2023\/05\/IMG_1748.jpg\"><img loading=\"lazy\" decoding=\"async\" class=\"alignright  wp-image-2596\" alt=\"IMG_1748\" src=\"https:\/\/le-baron.se\/wp-content\/uploads\/2023\/05\/IMG_1748-300x225.jpg\" width=\"240\" height=\"180\" srcset=\"https:\/\/le-baron.se\/wp-content\/uploads\/2023\/05\/IMG_1748-300x225.jpg 300w, https:\/\/le-baron.se\/wp-content\/uploads\/2023\/05\/IMG_1748-1024x768.jpg 1024w\" sizes=\"auto, (max-width: 240px) 100vw, 240px\" \/><\/a>Jag lyckades<br \/>\nsy samman<br \/>\nalla dessa sm\u00e5delar, och s\u00e5 blev resultatet till slut.<\/p>\n<p style=\"text-align: center;\">&#8212;&#8212;&#8212;&#8212;&#8212;&#8212;&#8212;&#8212;&#8212;&#8212;&#8212;&#8212;&#8212;&#8212;&#8212;&#8212;&#8212;&#8212;&#8212;&#8212;&#8212;&#8212;&#8212;&#8212;&#8212;&#8212;&#8212;&#8212;&#8212;&#8212;&#8212;&#8212;&#8212;&#8212;&#8212;&#8212;&#8212;&#8212;&#8212;&#8212;&#8212;&#8212;&#8212;-<\/p>\n<p style=\"text-align: center;\"><a href=\"https:\/\/le-baron.se\/wp-content\/uploads\/2023\/05\/IMG_1779.jpg\"><img loading=\"lazy\" decoding=\"async\" class=\"alignleft size-medium wp-image-2603\" alt=\"IMG_1779\" src=\"https:\/\/le-baron.se\/wp-content\/uploads\/2023\/05\/IMG_1779-300x225.jpg\" width=\"300\" height=\"225\" srcset=\"https:\/\/le-baron.se\/wp-content\/uploads\/2023\/05\/IMG_1779-300x225.jpg 300w, https:\/\/le-baron.se\/wp-content\/uploads\/2023\/05\/IMG_1779-1024x768.jpg 1024w\" sizes=\"auto, (max-width: 300px) 100vw, 300px\" \/><\/a>S\u00e5 blev sittytan bak,<br \/>\ndet va ju bara 16 bitar att<br \/>\nfixa till.<\/p>\n<p style=\"text-align: center;\">Nu \u00e4r det bara att fixa<br \/>\nryggst\u00f6det till<br \/>\nbaks\u00e4tet .<\/p>\n<p style=\"text-align: left;\">&#8212;&#8212;&#8212;&#8212;&#8212;&#8212;&#8212;&#8212;&#8212;&#8212;&#8212;&#8212;&#8212;&#8212;&#8212;&#8212;&#8212;&#8212;&#8212;&#8212;&#8212;&#8212;&#8212;&#8212;&#8212;&#8212;&#8212;&#8212;&#8212;&#8212;&#8212;&#8212;&#8212;&#8212;&#8212;&#8212;&#8212;&#8212;&#8212;&#8212;&#8212;&#8212;&#8212;&#8212;-<\/p>\n<p style=\"text-align: left;\"><img loading=\"lazy\" decoding=\"async\" alt=\"IMG_1799\" src=\"https:\/\/le-baron.se\/wp-content\/uploads\/2022\/09\/IMG_1799-300x225.jpg\" width=\"240\" height=\"180\" \/><a href=\"https:\/\/le-baron.se\/wp-content\/uploads\/2022\/09\/IMG_1804.jpg\"><img loading=\"lazy\" decoding=\"async\" class=\"alignright  wp-image-2612\" alt=\"IMG_1804\" src=\"https:\/\/le-baron.se\/wp-content\/uploads\/2022\/09\/IMG_1804-300x225.jpg\" width=\"240\" height=\"180\" srcset=\"https:\/\/le-baron.se\/wp-content\/uploads\/2022\/09\/IMG_1804-300x225.jpg 300w, https:\/\/le-baron.se\/wp-content\/uploads\/2022\/09\/IMG_1804-1024x768.jpg 1024w\" sizes=\"auto, (max-width: 240px) 100vw, 240px\" \/><\/a><\/p>\n<p style=\"text-align: center;\">Baks\u00e4tet klart att montera bilen.<\/p>\n<p style=\"text-align: left;\">____________________________________________________________________________<\/p>\n<p style=\"text-align: center;\">Kontaktas via mail. <a title=\"ivan@le-baron.se\" href=\"mailto:ivan@le-baron.se\">ivan@le-baron.se<\/a><\/p>\n","protected":false},"excerpt":{"rendered":"<p>Nu ska jag fixa en ny inredning till Valianten. D\u00e5 den \u00e4r v\u00e4ldigt d\u00e5lig. Inte\u00a0 s\u00e5 vackert men det ska v\u00e4l g\u00e5 att fixa. ryggst\u00f6den ser ut s\u00e5 h\u00e4r och sitt ytan \u00e4r sprucken och h\u00e5rd. &nbsp; _________________________________________________________________________ Blev inte &hellip; <a href=\"https:\/\/le-baron.se\/?page_id=2570\">Forts\u00e4tt l\u00e4sa <span class=\"meta-nav\">&rarr;<\/span><\/a><\/p>\n","protected":false},"author":1,"featured_media":0,"parent":0,"menu_order":0,"comment_status":"open","ping_status":"open","template":"","meta":{"footnotes":""},"class_list":["post-2570","page","type-page","status-publish","hentry"],"_links":{"self":[{"href":"https:\/\/le-baron.se\/index.php?rest_route=\/wp\/v2\/pages\/2570","targetHints":{"allow":["GET"]}}],"collection":[{"href":"https:\/\/le-baron.se\/index.php?rest_route=\/wp\/v2\/pages"}],"about":[{"href":"https:\/\/le-baron.se\/index.php?rest_route=\/wp\/v2\/types\/page"}],"author":[{"embeddable":true,"href":"https:\/\/le-baron.se\/index.php?rest_route=\/wp\/v2\/users\/1"}],"replies":[{"embeddable":true,"href":"https:\/\/le-baron.se\/index.php?rest_route=%2Fwp%2Fv2%2Fcomments&post=2570"}],"version-history":[{"count":21,"href":"https:\/\/le-baron.se\/index.php?rest_route=\/wp\/v2\/pages\/2570\/revisions"}],"predecessor-version":[{"id":2642,"href":"https:\/\/le-baron.se\/index.php?rest_route=\/wp\/v2\/pages\/2570\/revisions\/2642"}],"wp:attachment":[{"href":"https:\/\/le-baron.se\/index.php?rest_route=%2Fwp%2Fv2%2Fmedia&parent=2570"}],"curies":[{"name":"wp","href":"https:\/\/api.w.org\/{rel}","templated":true}]}}