{"id":249,"date":"2011-06-06T17:48:04","date_gmt":"2011-06-06T17:48:04","guid":{"rendered":"http:\/\/le-baron.se\/?page_id=249"},"modified":"2017-07-26T16:11:05","modified_gmt":"2017-07-26T16:11:05","slug":"lankar","status":"publish","type":"page","link":"https:\/\/le-baron.se\/?page_id=249","title":{"rendered":"L\u00e4nkar &#038; Hemsidor"},"content":{"rendered":"<h2 style=\"text-align: center;\"><em><strong> <span style=\"text-decoration: underline;\">Bilar och Delar<\/span><\/strong><\/em><\/h2>\n<p style=\"text-align: center;\"><a title=\"ivan@le-baron.se\" href=\"mailto:ivan@le-baron.se\">ivan@le-baron.se<\/a><\/p>\n<blockquote>\n<ol style=\"text-align: left;\">\n<li><a title=\"dollarn\" href=\"http:\/\/www.dollarkurs.se\/\" target=\"_blank\">Dollarkurs.se<\/a> (Klicka p\u00e5 l\u00e4nken s\u00e5 f\u00e5r du dagens Dollar kurs)<\/li>\n<li><a href=\"http:\/\/www.oldcarmanualproject.com\/\">The Old Car Manual Project<\/a><\/li>\n<li><a href=\"http:\/\/www.mopar55-61.se\/\">MoPar 1955 &#8211; 1961<\/a><\/li>\n<li>\n<div>\n<div><span style=\"font-family: Arial; font-size: x-small;\"><span style=\"color: #000000;\"><a href=\"http:\/\/www.musclecars.nu\/default.aspx\">www.musclecars.nu\/default.aspx<\/a><\/span><\/span><\/div>\n<\/div>\n<\/li>\n<li>\n<div>\n<div><span style=\"font-family: Arial; font-size: x-small;\"><span style=\"color: #000000;\"><a href=\"http:\/\/www.fekto.se\">www.fekto.se<\/a><\/span><\/span><\/div>\n<\/div>\n<\/li>\n<li>\n<div><a href=\"http:\/\/www.ah-performance.se\">www.ah-performance.se<\/a>\u00a0 Billiga delar till USA bilar.<\/div>\n<\/li>\n<li><a href=\"http:\/\/www.usabil.nu\/\">www.usabil.nu<\/a><\/li>\n<li><a href=\"http:\/\/www.pentastarparts.com.au\/sunshop\/\">PENTASTAR PARTS &amp; RESTORATIONS &#8211; Australia&#8217;s Premier Chrysler, Valiant, Dodge &amp; Plymouth restoration specialists.<\/a><\/li>\n<li><a href=\"http:\/\/www.forwardlook.net\/\">Home of The Forward Look<\/a><\/li>\n<li><a href=\"http:\/\/www.classiccars.se\/classic\/p_resultat.asp\"> Classiccars, Gratis annonsmarknad f\u00f6r klassiska bilar &#8211;<\/a><\/li>\n<li><a href=\"http:\/\/www.hotrodswede.se\/\">Hotrodswede<\/a><\/li>\n<li><a href=\"http:\/\/www.kpusabil.se\/\">KP USABIL<\/a><\/li>\n<li><a href=\"http:\/\/www.forwardlook.net\/\">Home of The Forward Look<\/a><\/li>\n<li><a href=\"http:\/\/www.agenturaffaren.se\/index.php?option=com_frontpage&amp;Itemid=1\">www.agenturaffaren.se &#8211; Startsidan<\/a><\/li>\n<li><a href=\"http:\/\/216.120.237.3\/mopar\/318.html\">LA -Chrysler small block V8 engines &#8211; 273, 318, 340, 360, and more<\/a><\/li>\n<li><a href=\"http:\/\/www.mymopar.com\/60to65_wiring.htm\">Mopar Wiring Diagrams &#8211; MyMopar.com &#8211; Dodge Plymouth Wiring Diagrams<\/a><\/li>\n<li><a href=\"http:\/\/translate.googleusercontent.com\/translate_c?hl=sv&amp;sl=en&amp;u=http:\/\/www.allpar.com\/mopar.html&amp;prev=\/search%3Fq%3DMopar%2B360%26hl%3Dsv%26client%3Dfirefox-a%26hs%3DMCy%26rls%3Dorg.mozilla:sv-SE:official%26prmd%3Divns&amp;rurl=translate.google.se&amp;usg=ALkJrhihAbEZd0GKPbOj1HUMxtSJSKL_1w\">Mopar (Chrysler, Plymouth och Dodge) motorer, nya och gamla, varmt och inte<\/a><\/li>\n<li><a href=\"http:\/\/www.resleeve.com\/\">Welcome to Karps Brake Service<\/a><\/li>\n<li><a href=\"http:\/\/www.plymouthcentral.com\/\">PlymouthCentral.com &#8211; Your complete online guide to all 1957 &amp; 1958 Plymouths!<\/a><\/li>\n<li><a href=\"http:\/\/imperialclub.com\/\">Online Imperial Club (OIC) for Imperial, Chrysler Imperial, and Chrysler New Yorker Brougham Enthusiasts<\/a><\/li>\n<li><a href=\"http:\/\/www.kanter.com\/\/\/productdetail.aspx?Tg=2099318&amp;Mak=Dodge&amp;Yr=59&amp;Dv=1&amp;Dpt=1400&amp;Sb=0&amp;Vdr=Kanter&amp;Itm=26320C&amp;MDv=1&amp;MDpt=0&amp;MSb=0&amp;Cat=31&amp;Prc=1660\">Kanter Auto &#8211; Product Detail<\/a><\/li>\n<li><a href=\"http:\/\/members.tripod.com\/~Mojo_Page\/chry875.htm\">Chrysler 8-3\/4&#8243; Axle Guide<\/a><\/li>\n<li><a href=\"http:\/\/www.classiccars.se\/classic\/lankar_stat.asp?txtLank=http:\/\/www.sscustom.com\" target=\"_blank\">S&amp;S Custom, GM<\/a><\/li>\n<li><a href=\"http:\/\/www.classiccars.se\/classic\/lankar_stat.asp?txtLank=http:\/\/www.yankeeparts.se\" target=\"_blank\">Yankeeparts<\/a><\/li>\n<li><a href=\"http:\/\/www.classiccars.se\/classic\/lankar_stat.asp?txtLank=http:\/\/www.pgbildelar.se\" target=\"_blank\">PG Bildelar<\/a><\/li>\n<li><a href=\"http:\/\/www.classiccars.se\/classic\/lankar_stat.asp?txtLank=http:\/\/www.bildelarosby.se\" target=\"_blank\">USA Bildelar Osby<\/a><\/li>\n<li><a href=\"http:\/\/www.classiccars.se\/classic\/lankar_stat.asp?txtLank=http:\/\/www.cbimport.com\" target=\"_blank\">CB Import<\/a><\/li>\n<li><a href=\"http:\/\/www.classiccars.se\/classic\/lankar_stat.asp?txtLank=http:\/\/www.uscarparts.nu\" target=\"_blank\">US Carparts <\/a><\/li>\n<li><a href=\"http:\/\/www.arvikael-motor.com\/index.do\">Arvika El &amp; Motor &#8211; kcr produkter dieseltuning dieseloptimering Fuel cell fuelcell aluminiumkylare bilreparation bosch valvoline elproblem diesel batteri extraljus arvika el &amp; motor racingdelar dragracing v\u00e4rmland headders lustgas autometer<\/a><\/li>\n<li><a href=\"http:\/\/www.classiccars.se\/classic\/p_resultat.asp\">&#8212; Classiccars, Gratis annonsmarknad f\u00f6r klassiska bilar &#8212;<\/a><\/li>\n<li><a href=\"http:\/\/www.classicbildelar.com\/\">Classic Bildelar<\/a><\/li>\n<li><a href=\"http:\/\/www.arizonaclassic.com\/\">M\u00c5LEFORS INTERNATIONAL<\/a><\/li>\n<li><a href=\"http:\/\/www.norrlandscustom.se\/\">Norrlands Custom &#8211; Reservdelar, Motorer till amerikanska bilar, USA-bilar<\/a><\/li>\n<li><a href=\"http:\/\/www.pgbildelar.se\/\">P.G.Larsson Bildelar AB.Tibro<\/a><\/li>\n<li><a href=\"http:\/\/www.rakaror.se\/\">Raka R\u00f6r<\/a><\/li>\n<li><a href=\"http:\/\/www.autoline.se\/\">RD Autoline<\/a><\/li>\n<li><a href=\"http:\/\/butik.x-parts.se\/\">X-Parts lagerf\u00f6r det mesta inom startmotor &amp; generator<\/a><\/li>\n<li><a href=\"http:\/\/www.drmopar.com\/\">Dr. Mopar<\/a><\/li>\n<li><a href=\"http:\/\/www.ahrbergs.se\/Kontakt.aspx\">USA BILAR<\/a><\/li>\n<li><a href=\"http:\/\/www.usabilarodelar.se\/\">USA Bilar &amp; Delar Trelleborg<\/a><\/li>\n<li><a href=\"http:\/\/www.lonestarcars.se\/\">V\u00e4lkommen till Lonestarcars<\/a><\/li>\n<li style=\"text-align: left;\"><a href=\"http:\/\/www.bigbadmoparengines.se\/\">Big Bad Mopar Engines, din Internetbutik<\/a><\/li>\n<li style=\"text-align: left;\">Classicmotor<\/li>\n<li style=\"text-align: left;\"><a href=\"http:\/\/www.arneisunne.se\/\">Arne i Sunne<\/a><\/li>\n<li style=\"text-align: left;\"><a href=\"http:\/\/www.junkyarddog.com\/\">Junk Yard Dog<\/a><\/li>\n<li style=\"text-align: left;\"><a href=\"http:\/\/www.instrumentjige.se\/index-2.html\">Instrument JIGE AB<\/a><\/li>\n<li style=\"text-align: left;\"><a href=\"http:\/\/www.uswebbutik.se\/\">US INREDNINGAR ,USWEBBUTIK<\/a><\/li>\n<li style=\"text-align: left;\"><a href=\"http:\/\/members.tripod.com\/~Mojo_Page\/chry875.htm\">Chrysler 8-3\/4&#8243; Axle Guide<\/a><\/li>\n<li style=\"text-align: left;\"><a href=\"http:\/\/www.bigbadmoparengines.se\/\">Big Bad Mopar Engines, din Internetbutik<\/a><\/li>\n<li style=\"text-align: left;\"><a href=\"http:\/\/www.surf.to\/vintage.farm\">Vintage Farm<\/a><\/li>\n<li style=\"text-align: left;\"><a href=\"http:\/\/www.moparsweden.com\/moparshop\/default.asp?steg=10\">Mopar Shopens K\u00f6p &amp; S\u00e4lj sida!<\/a><\/li>\n<li style=\"text-align: left;\"><a title=\"http:\/\/www.plymouthranch.se\" href=\"http:\/\/www.plymouthranch.se\/\">plymouthranch.se<\/a><\/li>\n<\/ol>\n<\/blockquote>\n<blockquote style=\"text-align: right;\">\n<h2 style=\"text-align: left;\"><span style=\"text-decoration: underline;\"><em><strong>Hemsidor<\/strong><\/em><\/span><\/h2>\n<ol>\n<li style=\"text-align: left;\"><a title=\"http:\/\/www.plymouthranch.se\" href=\"http:\/\/www.plymouthranch.se\/\">plymouthranch.se<\/a><\/li>\n<li style=\"text-align: left;\"><a href=\"https:\/\/longen.se\">Stefans hemsida<\/a><\/li>\n<li style=\"text-align: left;\">\n<address><a href=\"http:\/\/www.nmh.se\/\">NMH &#8211; Skellefte\u00e5 sektionen<\/a><\/address>\n<\/li>\n<li style=\"text-align: left;\"><a href=\"http:\/\/www.sfro.com\/\">SFROs hemsida<\/a><\/li>\n<li style=\"text-align: left;\"><a href=\"http:\/\/www.mhrf.se\/\">MHRF &#8211; Motorhistoriska riksf\u00f6rbundet<\/a><\/li>\n<\/ol>\n<p style=\"text-align: center;\">\n<\/blockquote>\n","protected":false},"excerpt":{"rendered":"<p>Bilar och Delar ivan@le-baron.se Dollarkurs.se (Klicka p\u00e5 l\u00e4nken s\u00e5 f\u00e5r du dagens Dollar kurs) The Old Car Manual Project MoPar 1955 &#8211; 1961 www.musclecars.nu\/default.aspx www.fekto.se www.ah-performance.se\u00a0 Billiga delar till USA bilar. www.usabil.nu PENTASTAR PARTS &amp; RESTORATIONS &#8211; Australia&#8217;s Premier Chrysler, &hellip; <a href=\"https:\/\/le-baron.se\/?page_id=249\">Forts\u00e4tt l\u00e4sa <span class=\"meta-nav\">&rarr;<\/span><\/a><\/p>\n","protected":false},"author":1,"featured_media":0,"parent":0,"menu_order":7,"comment_status":"closed","ping_status":"open","template":"","meta":{"footnotes":""},"class_list":["post-249","page","type-page","status-publish","hentry"],"_links":{"self":[{"href":"https:\/\/le-baron.se\/index.php?rest_route=\/wp\/v2\/pages\/249","targetHints":{"allow":["GET"]}}],"collection":[{"href":"https:\/\/le-baron.se\/index.php?rest_route=\/wp\/v2\/pages"}],"about":[{"href":"https:\/\/le-baron.se\/index.php?rest_route=\/wp\/v2\/types\/page"}],"author":[{"embeddable":true,"href":"https:\/\/le-baron.se\/index.php?rest_route=\/wp\/v2\/users\/1"}],"replies":[{"embeddable":true,"href":"https:\/\/le-baron.se\/index.php?rest_route=%2Fwp%2Fv2%2Fcomments&post=249"}],"version-history":[{"count":37,"href":"https:\/\/le-baron.se\/index.php?rest_route=\/wp\/v2\/pages\/249\/revisions"}],"predecessor-version":[{"id":2191,"href":"https:\/\/le-baron.se\/index.php?rest_route=\/wp\/v2\/pages\/249\/revisions\/2191"}],"wp:attachment":[{"href":"https:\/\/le-baron.se\/index.php?rest_route=%2Fwp%2Fv2%2Fmedia&parent=249"}],"curies":[{"name":"wp","href":"https:\/\/api.w.org\/{rel}","templated":true}]}}