{"id":2358,"date":"2022-07-14T19:02:22","date_gmt":"2022-07-14T19:02:22","guid":{"rendered":"http:\/\/www.le-baron.se\/?page_id=2358"},"modified":"2023-09-09T20:53:42","modified_gmt":"2023-09-09T20:53:42","slug":"dodge-1958","status":"publish","type":"page","link":"https:\/\/le-baron.se\/?page_id=2358","title":{"rendered":"Dodge 1958"},"content":{"rendered":"\n<p class=\"has-text-align-center\"><strong>Dodge 1958 2dr sedan.<br>\n<\/strong><span style=\"color: #000000;\">Ett s\u00f6nder plockat objekt<\/span><br>\n<span style=\"color: #000000;\"> som jag har tagit \u00f6ver och ska f\u00f6rs\u00f6ka att hinna med att g\u00f6ra<\/span><br>\n<span style=\"color: #000000;\"> bil av,&nbsp; s\u00e5 vi f\u00e5r se vad det blir av denna bil.<\/span><\/p>\n\n\n\n<p class=\"has-text-align-center\">Klicka p\u00e5 bilderna s\u00e5 blir dom stora.<br>\nKontaktas via mail. <a title=\"ivan@le-baron.se\" href=\"mailto:ivan@le-baron.se\">ivan@le-baron.se<\/a><\/p>\n\n\n\n<p class=\"has-text-align-center\">________________________________________________________________<\/p>\n\n\n<div class=\"wp-block-image\">\n<figure class=\"alignleft is-resized\"><a href=\"https:\/\/le-baron.se\/wp-content\/uploads\/2022\/07\/IMG_1473.jpg\"><img loading=\"lazy\" decoding=\"async\" src=\"https:\/\/le-baron.se\/wp-content\/uploads\/2022\/07\/IMG_1473-300x225.jpg\" alt=\"IMG_1473\" class=\"wp-image-2472\" style=\"width:265px;height:199px\" width=\"265\" height=\"199\" srcset=\"https:\/\/le-baron.se\/wp-content\/uploads\/2022\/07\/IMG_1473-300x225.jpg 300w, https:\/\/le-baron.se\/wp-content\/uploads\/2022\/07\/IMG_1473-1024x768.jpg 1024w\" sizes=\"auto, (max-width: 265px) 100vw, 265px\" \/><\/a><\/figure>\n<\/div>\n\n\n<p class=\"has-text-align-center\"><br> <span style=\"color: #000000;\">Omkl\u00e4dda <\/span><span style=\"color: #000000;\">s\u00e4ten, inte min<br> stil och fel f\u00e4rg,<br> s\u00e5 det blir till<br> att fixa en ny<br> inredning i<br> maron r\u00f6d,<br> d\u00e5 bilen blir r\u00f6d och vit,<br> <\/span><\/p>\n\n\n\n<p class=\"has-text-align-left\">___________________________________________________________________<\/p>\n\n\n<div class=\"wp-block-image\">\n<figure class=\"alignleft is-resized\"><a href=\"https:\/\/le-baron.se\/wp-content\/uploads\/2022\/09\/IMG_1818.jpg\"><img loading=\"lazy\" decoding=\"async\" src=\"https:\/\/le-baron.se\/wp-content\/uploads\/2022\/09\/IMG_1818-300x225.jpg\" alt=\"IMG_1818\" class=\"wp-image-2635\" style=\"width:267px;height:200px\" width=\"267\" height=\"200\" srcset=\"https:\/\/le-baron.se\/wp-content\/uploads\/2022\/09\/IMG_1818-300x225.jpg 300w, https:\/\/le-baron.se\/wp-content\/uploads\/2022\/09\/IMG_1818-1024x768.jpg 1024w\" sizes=\"auto, (max-width: 267px) 100vw, 267px\" \/><\/a><\/figure>\n<\/div>\n\n<div class=\"wp-block-image\">\n<figure class=\"alignleft is-resized\"><a href=\"https:\/\/le-baron.se\/wp-content\/uploads\/2022\/09\/IMG_1863.jpg\"><img loading=\"lazy\" decoding=\"async\" src=\"https:\/\/le-baron.se\/wp-content\/uploads\/2022\/09\/IMG_1863-300x225.jpg\" alt=\"IMG_1863\" class=\"wp-image-2643\" style=\"width:265px;height:199px\" width=\"265\" height=\"199\" srcset=\"https:\/\/le-baron.se\/wp-content\/uploads\/2022\/09\/IMG_1863-300x225.jpg 300w, https:\/\/le-baron.se\/wp-content\/uploads\/2022\/09\/IMG_1863-1024x768.jpg 1024w\" sizes=\"auto, (max-width: 265px) 100vw, 265px\" \/><\/a><\/figure>\n<\/div>\n\n\n<p class=\"has-text-align-left\">S\u00e5 blev bak s\u00e4tet n\u00e4r jag kl\u00e4dde om det.<\/p>\n\n\n\n<p class=\"has-text-align-left\"><br> Nu \u00e4r fram och baks\u00e4ten klara.<\/p>\n\n\n\n<p class=\"has-text-align-left\">&#8212;&#8212;&#8212;&#8212;&#8212;&#8212;&#8212;&#8212;&#8212;&#8212;&#8212;&#8212;&#8212;&#8212;&#8212;&#8212;&#8212;&#8212;&#8212;&#8212;&#8212;&#8212;&#8212;&#8212;&#8212;&#8212;&#8212;&#8212;&#8212;&#8212;&#8212;&#8212;&#8212;&#8212;&#8212;&#8212;&#8212;<\/p>\n\n\n<div class=\"wp-block-image\">\n<figure class=\"alignright\"><a href=\"https:\/\/le-baron.se\/wp-content\/uploads\/2022\/07\/IMG_1460.jpg\"><img loading=\"lazy\" decoding=\"async\" width=\"300\" height=\"225\" src=\"https:\/\/le-baron.se\/wp-content\/uploads\/2022\/07\/IMG_1460-300x225.jpg\" alt=\"IMG_1460\" class=\"wp-image-2448\" srcset=\"https:\/\/le-baron.se\/wp-content\/uploads\/2022\/07\/IMG_1460-300x225.jpg 300w, https:\/\/le-baron.se\/wp-content\/uploads\/2022\/07\/IMG_1460-1024x768.jpg 1024w\" sizes=\"auto, (max-width: 300px) 100vw, 300px\" \/><\/a><\/figure>\n<\/div>\n\n\n<p class=\"has-text-align-left\"><span style=\"color: #000000;\">Jag har renoverat motorn<\/span> <br> <span style=\"color: #000000;\">325 polly hemi.Borrat 030<\/span><br> <span style=\"color: #000000;\"> vevaxeln var som ny s\u00e5 den<\/span><br> <span style=\"color: #000000;\"> polerades och nya lager.<\/span><br> <span style=\"color: #000000;\"> Ny kam axel, kam drivning,<\/span><br> <span style=\"color: #000000;\"> Vatten pumpen renoverades,<\/span><br> <span style=\"color: #000000;\"> Topparna renoverades med<\/span><br> <span style=\"color: #000000;\"> nya styrningar, ventiler och s\u00e4ten.<\/span><br> <span style=\"color: #000000;\"> Frost pluggar mm mm.<\/span><br> _________________________________________________________________<\/p>\n\n\n<div class=\"wp-block-image\">\n<figure class=\"alignleft\"><a href=\"https:\/\/le-baron.se\/wp-content\/uploads\/2022\/07\/IMG_1525.jpg\"><img loading=\"lazy\" decoding=\"async\" width=\"300\" height=\"225\" src=\"https:\/\/le-baron.se\/wp-content\/uploads\/2022\/07\/IMG_1525-300x225.jpg\" alt=\"IMG_1525\" class=\"wp-image-2536\" srcset=\"https:\/\/le-baron.se\/wp-content\/uploads\/2022\/07\/IMG_1525-300x225.jpg 300w, https:\/\/le-baron.se\/wp-content\/uploads\/2022\/07\/IMG_1525-1024x768.jpg 1024w\" sizes=\"auto, (max-width: 300px) 100vw, 300px\" \/><\/a><\/figure>\n<\/div>\n\n<div class=\"wp-block-image\">\n<figure class=\"alignright\"><a href=\"https:\/\/le-baron.se\/wp-content\/uploads\/2022\/07\/IMG_1524.jpg\"><img loading=\"lazy\" decoding=\"async\" width=\"300\" height=\"225\" src=\"https:\/\/le-baron.se\/wp-content\/uploads\/2022\/07\/IMG_1524-300x225.jpg\" alt=\"IMG_1524\" class=\"wp-image-2538\" srcset=\"https:\/\/le-baron.se\/wp-content\/uploads\/2022\/07\/IMG_1524-300x225.jpg 300w, https:\/\/le-baron.se\/wp-content\/uploads\/2022\/07\/IMG_1524-1024x768.jpg 1024w\" sizes=\"auto, (max-width: 300px) 100vw, 300px\" \/><\/a><\/figure>\n<\/div>\n\n\n<p class=\"has-text-align-center\">Nya lyftare monterade s\u00e5 snart blir det provstart.<\/p>\n\n\n<div class=\"wp-block-image\">\n<figure class=\"alignleft\"><a href=\"https:\/\/le-baron.se\/wp-content\/uploads\/2022\/07\/IMG_1873.jpg\"><img loading=\"lazy\" decoding=\"async\" width=\"300\" height=\"225\" src=\"https:\/\/le-baron.se\/wp-content\/uploads\/2022\/07\/IMG_1873-300x225.jpg\" alt=\"IMG_1873\" class=\"wp-image-2650\" srcset=\"https:\/\/le-baron.se\/wp-content\/uploads\/2022\/07\/IMG_1873-300x225.jpg 300w, https:\/\/le-baron.se\/wp-content\/uploads\/2022\/07\/IMG_1873-1024x768.jpg 1024w\" sizes=\"auto, (max-width: 300px) 100vw, 300px\" \/><\/a><\/figure>\n<\/div>\n\n<div class=\"wp-block-image\">\n<figure class=\"alignright\"><a href=\"https:\/\/le-baron.se\/wp-content\/uploads\/2022\/07\/IMG_1878.jpg\"><img loading=\"lazy\" decoding=\"async\" width=\"300\" height=\"225\" src=\"https:\/\/le-baron.se\/wp-content\/uploads\/2022\/07\/IMG_1878-300x225.jpg\" alt=\"IMG_1878\" class=\"wp-image-2651\" srcset=\"https:\/\/le-baron.se\/wp-content\/uploads\/2022\/07\/IMG_1878-300x225.jpg 300w, https:\/\/le-baron.se\/wp-content\/uploads\/2022\/07\/IMG_1878-1024x768.jpg 1024w\" sizes=\"auto, (max-width: 300px) 100vw, 300px\" \/><\/a><\/figure>\n<\/div>\n\n<div class=\"wp-block-image\">\n<figure class=\"alignleft\"><a href=\"https:\/\/le-baron.se\/wp-content\/uploads\/2022\/07\/IMG_1881.jpg\"><img loading=\"lazy\" decoding=\"async\" width=\"300\" height=\"225\" src=\"https:\/\/le-baron.se\/wp-content\/uploads\/2022\/07\/IMG_1881-300x225.jpg\" alt=\"IMG_1881\" class=\"wp-image-2653\" srcset=\"https:\/\/le-baron.se\/wp-content\/uploads\/2022\/07\/IMG_1881-300x225.jpg 300w, https:\/\/le-baron.se\/wp-content\/uploads\/2022\/07\/IMG_1881-1024x768.jpg 1024w\" sizes=\"auto, (max-width: 300px) 100vw, 300px\" \/><\/a><\/figure>\n<\/div>\n\n<div class=\"wp-block-image\">\n<figure class=\"alignright\"><a href=\"https:\/\/le-baron.se\/wp-content\/uploads\/2022\/07\/IMG_1883.jpg\"><img loading=\"lazy\" decoding=\"async\" width=\"300\" height=\"225\" src=\"https:\/\/le-baron.se\/wp-content\/uploads\/2022\/07\/IMG_1883-300x225.jpg\" alt=\"IMG_1883\" class=\"wp-image-2654\" srcset=\"https:\/\/le-baron.se\/wp-content\/uploads\/2022\/07\/IMG_1883-300x225.jpg 300w, https:\/\/le-baron.se\/wp-content\/uploads\/2022\/07\/IMG_1883-1024x768.jpg 1024w\" sizes=\"auto, (max-width: 300px) 100vw, 300px\" \/><\/a><\/figure>\n<\/div>\n\n\n<p class=\"has-text-align-center\">&#8212;&#8212;&#8212;&#8212;&#8212;&#8211;<br> Motorn \u00e4r klar och monterad.<br> Fram och bak<br> vagnen \u00e5r renoverade och<br> monterade. Bromsar och<br> avgas system \u00e4r<br> Klart och mont.<br> &#8212;&#8212;&#8212;&#8212;&#8212;&#8212;&#8212;&#8212;&#8212;&#8212;&#8212;&#8212;&#8212;&#8212;&#8212;&#8212;&#8212;&#8212;&#8212;&#8212;&#8212;&#8212;&#8212;&#8212;&#8212;&#8212;&#8212;&#8212;&#8212;&#8212;&#8212;&#8212;&#8212;&#8212;&#8212;&#8212;-<br> Jag har b\u00f6rjat<br> montera alla delar under<br> instrument<br> br\u00e4dan och renovera sm\u00e5<br> delar<\/p>\n\n\n\n<p class=\"has-text-align-left\">&#8212;&#8212;&#8212;&#8212;&#8212;&#8212;&#8212;&#8212;&#8212;&#8212;&#8212;&#8212;&#8212;&#8212;&#8212;&#8212;&#8212;&#8212;&#8212;&#8212;&#8212;&#8212;&#8212;&#8212;&#8212;&#8212;&#8212;&#8212;&#8212;&#8212;&#8212;&#8212;&#8212;&#8212;&#8211;<\/p>\n\n\n\n<p class=\"has-text-align-left\">Kontaktas via mail. <a title=\"ivan@le-baron.se\" href=\"mailto:ivan@le-baron.se\">ivan@le-baron.se<\/a><\/p>\n","protected":false},"excerpt":{"rendered":"<p>Dodge 1958 2dr sedan. Ett s\u00f6nder plockat objekt som jag har tagit \u00f6ver och ska f\u00f6rs\u00f6ka att hinna med att g\u00f6ra bil av,&nbsp; s\u00e5 vi f\u00e5r se vad det blir av denna bil. Klicka p\u00e5 bilderna s\u00e5 blir dom stora. &hellip; <a href=\"https:\/\/le-baron.se\/?page_id=2358\">Forts\u00e4tt l\u00e4sa <span class=\"meta-nav\">&rarr;<\/span><\/a><\/p>\n","protected":false},"author":1,"featured_media":0,"parent":0,"menu_order":0,"comment_status":"open","ping_status":"open","template":"","meta":{"footnotes":""},"class_list":["post-2358","page","type-page","status-publish","hentry"],"_links":{"self":[{"href":"https:\/\/le-baron.se\/index.php?rest_route=\/wp\/v2\/pages\/2358","targetHints":{"allow":["GET"]}}],"collection":[{"href":"https:\/\/le-baron.se\/index.php?rest_route=\/wp\/v2\/pages"}],"about":[{"href":"https:\/\/le-baron.se\/index.php?rest_route=\/wp\/v2\/types\/page"}],"author":[{"embeddable":true,"href":"https:\/\/le-baron.se\/index.php?rest_route=\/wp\/v2\/users\/1"}],"replies":[{"embeddable":true,"href":"https:\/\/le-baron.se\/index.php?rest_route=%2Fwp%2Fv2%2Fcomments&post=2358"}],"version-history":[{"count":26,"href":"https:\/\/le-baron.se\/index.php?rest_route=\/wp\/v2\/pages\/2358\/revisions"}],"predecessor-version":[{"id":2671,"href":"https:\/\/le-baron.se\/index.php?rest_route=\/wp\/v2\/pages\/2358\/revisions\/2671"}],"wp:attachment":[{"href":"https:\/\/le-baron.se\/index.php?rest_route=%2Fwp%2Fv2%2Fmedia&parent=2358"}],"curies":[{"name":"wp","href":"https:\/\/api.w.org\/{rel}","templated":true}]}}