{"id":216,"date":"2011-06-05T21:53:36","date_gmt":"2011-06-05T21:53:36","guid":{"rendered":"http:\/\/le-baron.se.skellnet.se\/?page_id=216"},"modified":"2015-01-03T11:20:48","modified_gmt":"2015-01-03T11:20:48","slug":"fynden-i-skogen","status":"publish","type":"page","link":"https:\/\/le-baron.se\/?page_id=216","title":{"rendered":"Fynden i skogen."},"content":{"rendered":"<h2 style=\"text-align: center;\"><!--more-->Det \u00e4r alltid en upplevelse att hitta ett skogs fynd.<\/h2>\n<p style=\"text-align: center;\"><span style=\"color: #ff0000;\"><span style=\"text-decoration: underline;\">Klicka p\u00e5 bilderna s\u00e5 blir dom stora<\/span><\/span><\/p>\n<p style=\"text-align: center;\"><a href=\"..\/wp-content\/uploads\/2011\/06\/o1.jpg\"><img loading=\"lazy\" decoding=\"async\" title=\"OLYMPUS DIGITAL CAMERA\" alt=\"\" src=\"..\/wp-content\/uploads\/2011\/06\/o1-300x224.jpg\" width=\"300\" height=\"224\" \/><\/a> <a href=\"..\/wp-content\/uploads\/2011\/06\/o2.jpg\"><img loading=\"lazy\" decoding=\"async\" title=\"OLYMPUS DIGITAL CAMERA\" alt=\"\" src=\"..\/wp-content\/uploads\/2011\/06\/o2-300x224.jpg\" width=\"300\" height=\"224\" \/><\/a><\/p>\n<blockquote style=\"text-align: left;\">\n<p style=\"text-align: center;\">En del av objekten passar nog bra som utsmyckning i skogen.<\/p>\n<\/blockquote>\n<p style=\"text-align: center;\"><a href=\"https:\/\/le-baron.se\/wp-content\/uploads\/2011\/06\/P7080004A.jpg\"><img loading=\"lazy\" decoding=\"async\" class=\"alignnone size-medium wp-image-330\" title=\"OLYMPUS DIGITAL CAMERA\" alt=\"\" src=\"https:\/\/le-baron.se\/wp-content\/uploads\/2011\/06\/P7080004A-300x225.jpg\" width=\"300\" height=\"225\" srcset=\"https:\/\/le-baron.se\/wp-content\/uploads\/2011\/06\/P7080004A-300x225.jpg 300w, https:\/\/le-baron.se\/wp-content\/uploads\/2011\/06\/P7080004A.jpg 1024w\" sizes=\"auto, (max-width: 300px) 100vw, 300px\" \/><\/a> <a href=\"https:\/\/le-baron.se\/wp-content\/uploads\/2011\/06\/P7080008.jpg\"><img loading=\"lazy\" decoding=\"async\" class=\"alignnone size-medium wp-image-329\" title=\"OLYMPUS DIGITAL CAMERA\" alt=\"\" src=\"https:\/\/le-baron.se\/wp-content\/uploads\/2011\/06\/P7080008-300x224.jpg\" width=\"300\" height=\"224\" srcset=\"https:\/\/le-baron.se\/wp-content\/uploads\/2011\/06\/P7080008-300x224.jpg 300w, https:\/\/le-baron.se\/wp-content\/uploads\/2011\/06\/P7080008.jpg 902w\" sizes=\"auto, (max-width: 300px) 100vw, 300px\" \/><\/a><\/p>\n<p style=\"text-align: center;\"><a href=\"https:\/\/le-baron.se\/wp-content\/uploads\/2011\/06\/Bild008.jpg\"><img loading=\"lazy\" decoding=\"async\" class=\"aligncenter size-medium wp-image-450\" title=\"Bild008\" alt=\"\" src=\"https:\/\/le-baron.se\/wp-content\/uploads\/2011\/06\/Bild008-225x300.jpg\" width=\"225\" height=\"300\" srcset=\"https:\/\/le-baron.se\/wp-content\/uploads\/2011\/06\/Bild008-225x300.jpg 225w, https:\/\/le-baron.se\/wp-content\/uploads\/2011\/06\/Bild008.jpg 480w\" sizes=\"auto, (max-width: 225px) 100vw, 225px\" \/><\/a><\/p>\n<p style=\"text-align: center;\">En tidig SAAB 92 med tanklocket p\u00e5 bagageluckan hittades i V\u00e4sterbottens djupa skogar och b\u00e4rjades f\u00f6r att bli reservdelsbil\u00a0 hos goda v\u00e4nner i V\u00e4rmland.<\/p>\n<p style=\"text-align: center;\"><a href=\"..\/wp-content\/uploads\/2011\/06\/o3.jpg\"><img loading=\"lazy\" decoding=\"async\" title=\"OLYMPUS DIGITAL CAMERA\" alt=\"\" src=\"..\/wp-content\/uploads\/2011\/06\/o3-300x224.jpg\" width=\"300\" height=\"224\" \/><\/a> <a href=\"..\/wp-content\/uploads\/2011\/06\/o4.jpg\"><img loading=\"lazy\" decoding=\"async\" title=\"o4\" alt=\"\" src=\"..\/wp-content\/uploads\/2011\/06\/o4-300x225.jpg\" width=\"301\" height=\"225\" \/><\/a><\/p>\n<p style=\"text-align: center;\"><a href=\"..\/wp-content\/uploads\/2011\/06\/o5.jpg\"><img loading=\"lazy\" decoding=\"async\" title=\"o5\" alt=\"\" src=\"..\/wp-content\/uploads\/2011\/06\/o5-300x200.jpg\" width=\"300\" height=\"200\" \/><\/a> <a href=\"..\/wp-content\/uploads\/2011\/06\/o6.jpg\"><img loading=\"lazy\" decoding=\"async\" title=\"o6\" alt=\"\" src=\"..\/wp-content\/uploads\/2011\/06\/o6-300x197.jpg\" width=\"300\" height=\"197\" \/><\/a><\/p>\n<blockquote style=\"text-align: left;\">\n<p style=\"text-align: center;\">Men nog b\u00f6rjar det rycka i fantasi nerven n\u00e4r man ser en vinge sticka fram, den blir nog fin n\u00e4r den \u00e4r klar. Varf\u00f6r \u00e4r man utrustad med denna f\u00f6rm\u00e5ga???????????????<\/p>\n<p style=\"text-align: center;\"><a href=\"..\/wp-content\/uploads\/2011\/06\/o8.jpg\"><img loading=\"lazy\" decoding=\"async\" title=\"o8\" alt=\"\" src=\"..\/wp-content\/uploads\/2011\/06\/o8-300x199.jpg\" width=\"300\" height=\"199\" \/><\/a><\/p>\n<\/blockquote>\n<p style=\"text-align: center;\">Att Plyman hade milj\u00f6motor -57??? \u00a0 \u00a0 \u00e5\u00e5\u00e5 bra efeckt verkar den ha.<\/p>\n<p><a href=\"https:\/\/le-baron.se\/wp-content\/uploads\/2011\/06\/P7010072.jpg\"><img loading=\"lazy\" decoding=\"async\" class=\"size-medium wp-image-451  alignnone\" title=\"OLYMPUS DIGITAL CAMERA\" alt=\"\" src=\"https:\/\/le-baron.se\/wp-content\/uploads\/2011\/06\/P7010072-300x225.jpg\" width=\"300\" height=\"225\" srcset=\"https:\/\/le-baron.se\/wp-content\/uploads\/2011\/06\/P7010072-300x225.jpg 300w, https:\/\/le-baron.se\/wp-content\/uploads\/2011\/06\/P7010072-1024x768.jpg 1024w, https:\/\/le-baron.se\/wp-content\/uploads\/2011\/06\/P7010072.jpg 1094w\" sizes=\"auto, (max-width: 300px) 100vw, 300px\" \/><\/a><a href=\"https:\/\/le-baron.se\/wp-content\/uploads\/2011\/06\/PA0700021.jpg\"><img loading=\"lazy\" decoding=\"async\" class=\"size-medium wp-image-452 alignright\" title=\"OLYMPUS DIGITAL CAMERA\" alt=\"\" src=\"https:\/\/le-baron.se\/wp-content\/uploads\/2011\/06\/PA0700021-300x224.jpg\" width=\"300\" height=\"224\" srcset=\"https:\/\/le-baron.se\/wp-content\/uploads\/2011\/06\/PA0700021-300x224.jpg 300w, https:\/\/le-baron.se\/wp-content\/uploads\/2011\/06\/PA0700021.jpg 902w\" sizes=\"auto, (max-width: 300px) 100vw, 300px\" \/><\/a><\/p>\n<p style=\"text-align: center;\"><a href=\"https:\/\/le-baron.se\/wp-content\/uploads\/2011\/06\/xz.jpg\"><img loading=\"lazy\" decoding=\"async\" class=\"size-thumbnail wp-image-322 aligncenter\" title=\"OLYMPUS DIGITAL CAMERA\" alt=\"\" src=\"https:\/\/le-baron.se\/wp-content\/uploads\/2011\/06\/xz-150x150.jpg\" width=\"150\" height=\"150\" \/><\/a><a href=\"https:\/\/le-baron.se\/wp-content\/uploads\/2011\/06\/P1010004.jpg\"><img loading=\"lazy\" decoding=\"async\" class=\"alignnone size-thumbnail wp-image-321\" title=\"OLYMPUS DIGITAL CAMERA\" alt=\"\" src=\"https:\/\/le-baron.se\/wp-content\/uploads\/2011\/06\/P1010004-150x150.jpg\" width=\"150\" height=\"150\" \/><\/a> <a href=\"https:\/\/le-baron.se\/wp-content\/uploads\/2011\/06\/P1010002.jpg\"><img loading=\"lazy\" decoding=\"async\" class=\"alignnone size-thumbnail wp-image-320\" title=\"OLYMPUS DIGITAL CAMERA\" alt=\"\" src=\"https:\/\/le-baron.se\/wp-content\/uploads\/2011\/06\/P1010002-150x150.jpg\" width=\"150\" height=\"150\" \/><\/a><\/p>\n<p style=\"text-align: center;\"><a href=\"https:\/\/le-baron.se\/wp-content\/uploads\/2011\/06\/P10100011.jpg\"><img loading=\"lazy\" decoding=\"async\" class=\"alignnone size-medium wp-image-319\" title=\"OLYMPUS DIGITAL CAMERA\" alt=\"\" src=\"https:\/\/le-baron.se\/wp-content\/uploads\/2011\/06\/P10100011-300x225.jpg\" width=\"300\" height=\"225\" srcset=\"https:\/\/le-baron.se\/wp-content\/uploads\/2011\/06\/P10100011-300x225.jpg 300w, https:\/\/le-baron.se\/wp-content\/uploads\/2011\/06\/P10100011.jpg 676w\" sizes=\"auto, (max-width: 300px) 100vw, 300px\" \/><\/a><\/p>\n<p style=\"text-align: center;\">Bil nr 3 \u00e4r bilen som jag byggde Volvo rodden av. Det var den som var i s\u00e4msta skick, dom \u00f6vriga s\u00e5ldes och blir nog original renoverade.<\/p>\n<p style=\"text-align: center;\"><a href=\"https:\/\/le-baron.se\/wp-content\/uploads\/2011\/06\/P6230011.jpg\"><img loading=\"lazy\" decoding=\"async\" class=\"size-medium wp-image-433  aligncenter\" title=\"OLYMPUS DIGITAL CAMERA\" alt=\"\" src=\"https:\/\/le-baron.se\/wp-content\/uploads\/2011\/06\/P6230011-300x225.jpg\" width=\"300\" height=\"225\" srcset=\"https:\/\/le-baron.se\/wp-content\/uploads\/2011\/06\/P6230011-300x225.jpg 300w, https:\/\/le-baron.se\/wp-content\/uploads\/2011\/06\/P6230011.jpg 786w\" sizes=\"auto, (max-width: 300px) 100vw, 300px\" \/><\/a>Naturen \u00e5tertar det som l\u00e4mnas i skogen.<\/p>\n<p style=\"text-align: center;\"><a href=\"https:\/\/le-baron.se\/wp-content\/uploads\/2011\/06\/P1010007.jpg\"><img loading=\"lazy\" decoding=\"async\" class=\"size-medium wp-image-337    alignright\" title=\"OLYMPUS DIGITAL CAMERA\" alt=\"\" src=\"https:\/\/le-baron.se\/wp-content\/uploads\/2011\/06\/P1010007-300x225.jpg\" width=\"300\" height=\"225\" srcset=\"https:\/\/le-baron.se\/wp-content\/uploads\/2011\/06\/P1010007-300x225.jpg 300w, https:\/\/le-baron.se\/wp-content\/uploads\/2011\/06\/P1010007.jpg 676w\" sizes=\"auto, (max-width: 300px) 100vw, 300px\" \/><\/a> <a href=\"https:\/\/le-baron.se\/wp-content\/uploads\/2011\/06\/P1010006.jpg\"><img loading=\"lazy\" decoding=\"async\" class=\"alignnone size-medium wp-image-338\" title=\"OLYMPUS DIGITAL CAMERA\" alt=\"\" src=\"https:\/\/le-baron.se\/wp-content\/uploads\/2011\/06\/P1010006-300x225.jpg\" width=\"300\" height=\"225\" srcset=\"https:\/\/le-baron.se\/wp-content\/uploads\/2011\/06\/P1010006-300x225.jpg 300w, https:\/\/le-baron.se\/wp-content\/uploads\/2011\/06\/P1010006.jpg 840w\" sizes=\"auto, (max-width: 300px) 100vw, 300px\" \/><\/a><\/p>\n<p style=\"text-align: center;\">S\u00e5 skrotade man bilar p\u00e5 70 talet, Sk\u00e4rbr\u00e4nnare f\u00f6r att f\u00e5 loss ett emblem och pl\u00e5ten p\u00e5 fram sk\u00e4rmen \u00e4r helt frisk men det var inte tal om att ta reda p\u00e5 sk\u00e4rmarna,<\/p>\n<blockquote>\n<p style=\"text-align: center;\"><a href=\"..\/wp-content\/uploads\/2011\/06\/o9.jpg\"><img loading=\"lazy\" decoding=\"async\" title=\"o9\" alt=\"\" src=\"..\/wp-content\/uploads\/2011\/06\/o9-300x225.jpg\" width=\"300\" height=\"225\" \/><\/a><\/p>\n<p style=\"text-align: center;\">F\u00f6rmildrande dom, han var ju berusad s\u00e5 d\u00e5 kan man inte k\u00f6ra s\u00e5 bra.<\/p>\n<\/blockquote>\n<p style=\"text-align: center;\"><a href=\"https:\/\/le-baron.se\/wp-content\/uploads\/2011\/06\/lot1.jpg\"><img loading=\"lazy\" decoding=\"async\" class=\"alignnone size-medium wp-image-245\" title=\"lot1\" alt=\"\" src=\"https:\/\/le-baron.se\/wp-content\/uploads\/2011\/06\/lot1-300x203.jpg\" width=\"300\" height=\"203\" srcset=\"https:\/\/le-baron.se\/wp-content\/uploads\/2011\/06\/lot1-300x203.jpg 300w, https:\/\/le-baron.se\/wp-content\/uploads\/2011\/06\/lot1-1024x694.jpg 1024w, https:\/\/le-baron.se\/wp-content\/uploads\/2011\/06\/lot1.jpg 1239w\" sizes=\"auto, (max-width: 300px) 100vw, 300px\" \/><\/a> <a href=\"https:\/\/le-baron.se\/wp-content\/uploads\/2011\/06\/lot2.jpg\"><img loading=\"lazy\" decoding=\"async\" class=\"alignnone size-medium wp-image-241\" title=\"lot2\" alt=\"\" src=\"https:\/\/le-baron.se\/wp-content\/uploads\/2011\/06\/lot2-300x203.jpg\" width=\"300\" height=\"203\" srcset=\"https:\/\/le-baron.se\/wp-content\/uploads\/2011\/06\/lot2-300x203.jpg 300w, https:\/\/le-baron.se\/wp-content\/uploads\/2011\/06\/lot2-1024x694.jpg 1024w, https:\/\/le-baron.se\/wp-content\/uploads\/2011\/06\/lot2.jpg 1032w\" sizes=\"auto, (max-width: 300px) 100vw, 300px\" \/><\/a><\/p>\n<blockquote>\n<p style=\"text-align: center;\">Vad d\u00e5\u00a0 hj\u00e4rnbl\u00f6dning, V\u00e4lj en av dessa!!! Vad d\u00e5 jag vill ha alla.<\/p>\n<\/blockquote>\n<p style=\"text-align: center;\"><a href=\"https:\/\/le-baron.se\/wp-content\/uploads\/2011\/06\/100110_desoto.jpg\"><img loading=\"lazy\" decoding=\"async\" class=\"alignnone size-medium wp-image-244\" title=\"100110_desoto\" alt=\"\" src=\"https:\/\/le-baron.se\/wp-content\/uploads\/2011\/06\/100110_desoto-300x151.jpg\" width=\"300\" height=\"151\" srcset=\"https:\/\/le-baron.se\/wp-content\/uploads\/2011\/06\/100110_desoto-300x151.jpg 300w, https:\/\/le-baron.se\/wp-content\/uploads\/2011\/06\/100110_desoto.jpg 1000w\" sizes=\"auto, (max-width: 300px) 100vw, 300px\" \/><\/a> <a href=\"https:\/\/le-baron.se\/wp-content\/uploads\/2011\/06\/1959-dodge-regents.jpg\"><img loading=\"lazy\" decoding=\"async\" class=\"alignnone size-medium wp-image-243\" title=\"1959-dodge-regents\" alt=\"\" src=\"https:\/\/le-baron.se\/wp-content\/uploads\/2011\/06\/1959-dodge-regents-300x130.jpg\" width=\"329\" height=\"143\" srcset=\"https:\/\/le-baron.se\/wp-content\/uploads\/2011\/06\/1959-dodge-regents-300x130.jpg 300w, https:\/\/le-baron.se\/wp-content\/uploads\/2011\/06\/1959-dodge-regents.jpg 808w\" sizes=\"auto, (max-width: 329px) 100vw, 329px\" \/><\/a><\/p>\n<p style=\"text-align: center;\">Vilken bakg\u00e5rd&#8230;&#8230;&#8230;&#8230;&#8230;&#8230;&#8230;&#8230;&#8230;&#8230;&#8230;&#8230;.och tv\u00e5 fina objekt..<\/p>\n<p style=\"text-align: left;\"><a href=\"https:\/\/le-baron.se\/wp-content\/uploads\/2011\/06\/59chrlim.jpg\"><img loading=\"lazy\" decoding=\"async\" class=\"alignleft size-medium wp-image-558\" title=\"59chrlim\" alt=\"\" src=\"https:\/\/le-baron.se\/wp-content\/uploads\/2011\/06\/59chrlim-300x159.jpg\" width=\"300\" height=\"159\" srcset=\"https:\/\/le-baron.se\/wp-content\/uploads\/2011\/06\/59chrlim-300x159.jpg 300w, https:\/\/le-baron.se\/wp-content\/uploads\/2011\/06\/59chrlim.jpg 439w\" sizes=\"auto, (max-width: 300px) 100vw, 300px\" \/><\/a><a href=\"https:\/\/le-baron.se\/wp-content\/uploads\/2011\/06\/58dodge.jpg\"><img loading=\"lazy\" decoding=\"async\" class=\"size-medium wp-image-557 alignnone\" title=\"58dodge\" alt=\"\" src=\"https:\/\/le-baron.se\/wp-content\/uploads\/2011\/06\/58dodge-300x204.jpg\" width=\"300\" height=\"204\" srcset=\"https:\/\/le-baron.se\/wp-content\/uploads\/2011\/06\/58dodge-300x204.jpg 300w, https:\/\/le-baron.se\/wp-content\/uploads\/2011\/06\/58dodge.jpg 400w\" sizes=\"auto, (max-width: 300px) 100vw, 300px\" \/><\/a><\/p>\n<p style=\"text-align: left;\"><a href=\"https:\/\/le-baron.se\/wp-content\/uploads\/2011\/06\/57furyrear.jpg\"><img loading=\"lazy\" decoding=\"async\" class=\"alignleft size-medium wp-image-556\" title=\"57furyrear\" alt=\"\" src=\"https:\/\/le-baron.se\/wp-content\/uploads\/2011\/06\/57furyrear-300x145.jpg\" width=\"300\" height=\"145\" srcset=\"https:\/\/le-baron.se\/wp-content\/uploads\/2011\/06\/57furyrear-300x145.jpg 300w, https:\/\/le-baron.se\/wp-content\/uploads\/2011\/06\/57furyrear.jpg 540w\" sizes=\"auto, (max-width: 300px) 100vw, 300px\" \/><\/a><a href=\"https:\/\/le-baron.se\/wp-content\/uploads\/2011\/06\/57furyjk.jpg\"><img loading=\"lazy\" decoding=\"async\" class=\"size-medium wp-image-555 alignnone\" title=\"57furyjk\" alt=\"\" src=\"https:\/\/le-baron.se\/wp-content\/uploads\/2011\/06\/57furyjk-300x185.jpg\" width=\"300\" height=\"185\" srcset=\"https:\/\/le-baron.se\/wp-content\/uploads\/2011\/06\/57furyjk-300x185.jpg 300w, https:\/\/le-baron.se\/wp-content\/uploads\/2011\/06\/57furyjk.jpg 540w\" sizes=\"auto, (max-width: 300px) 100vw, 300px\" \/><\/a><\/p>\n<p style=\"text-align: center;\"><a href=\"https:\/\/le-baron.se\/wp-content\/uploads\/2011\/06\/60furyrtrear.jpg\"><img loading=\"lazy\" decoding=\"async\" class=\"alignleft size-medium wp-image-554\" title=\"60furyrtrear\" alt=\"\" src=\"https:\/\/le-baron.se\/wp-content\/uploads\/2011\/06\/60furyrtrear-300x206.jpg\" width=\"300\" height=\"206\" srcset=\"https:\/\/le-baron.se\/wp-content\/uploads\/2011\/06\/60furyrtrear-300x206.jpg 300w, https:\/\/le-baron.se\/wp-content\/uploads\/2011\/06\/60furyrtrear.jpg 540w\" sizes=\"auto, (max-width: 300px) 100vw, 300px\" \/><\/a>Om man hade en s\u00e5dan i rabatten s\u00e5 vore det v\u00e4l stor risk att man blev intresserad av blommor!!!!! eller???????? dom kan man ju ta bort&#8230; s\u00e5 har man ju ett fint objeckt He He.<\/p>\n<p style=\"text-align: center;\"><a href=\"https:\/\/le-baron.se\/wp-content\/uploads\/2011\/06\/plyma1.jpg\"><img loading=\"lazy\" decoding=\"async\" class=\"size-medium wp-image-499    aligncenter\" title=\"D:DCIM103DICAMDSCI0042.JPG\" alt=\"\" src=\"https:\/\/le-baron.se\/wp-content\/uploads\/2011\/06\/plyma1-300x225.jpg\" width=\"300\" height=\"225\" srcset=\"https:\/\/le-baron.se\/wp-content\/uploads\/2011\/06\/plyma1-300x225.jpg 300w, https:\/\/le-baron.se\/wp-content\/uploads\/2011\/06\/plyma1-1024x768.jpg 1024w, https:\/\/le-baron.se\/wp-content\/uploads\/2011\/06\/plyma1.jpg 1536w\" sizes=\"auto, (max-width: 300px) 100vw, 300px\" \/><\/a>Plymouth 1958 utanf\u00f6r Sj\u00f6bo<\/p>\n<p style=\"text-align: center;\"><a href=\"https:\/\/le-baron.se\/wp-content\/uploads\/2011\/06\/b1.jpg\"><img loading=\"lazy\" decoding=\"async\" class=\"size-medium wp-image-479       aligncenter\" title=\"OLYMPUS DIGITAL CAMERA\" alt=\"\" src=\"https:\/\/le-baron.se\/wp-content\/uploads\/2011\/06\/b1-300x225.jpg\" width=\"300\" height=\"225\" srcset=\"https:\/\/le-baron.se\/wp-content\/uploads\/2011\/06\/b1-300x225.jpg 300w, https:\/\/le-baron.se\/wp-content\/uploads\/2011\/06\/b1.jpg 676w\" sizes=\"auto, (max-width: 300px) 100vw, 300px\" \/><\/a>Ett Fynd i de M\u00f6rka skogarna.<\/p>\n<p style=\"text-align: left;\"><a href=\"https:\/\/le-baron.se\/wp-content\/uploads\/2011\/06\/r4.jpg\"><img loading=\"lazy\" decoding=\"async\" class=\"size-medium wp-image-485    aligncenter\" title=\"OLYMPUS DIGITAL CAMERA\" alt=\"\" src=\"https:\/\/le-baron.se\/wp-content\/uploads\/2011\/06\/r4-300x224.jpg\" width=\"300\" height=\"224\" srcset=\"https:\/\/le-baron.se\/wp-content\/uploads\/2011\/06\/r4-300x224.jpg 300w, https:\/\/le-baron.se\/wp-content\/uploads\/2011\/06\/r4.jpg 902w\" sizes=\"auto, (max-width: 300px) 100vw, 300px\" \/><\/a><a href=\"https:\/\/le-baron.se\/wp-content\/uploads\/2011\/06\/59coupe11.jpg\"><img loading=\"lazy\" decoding=\"async\" class=\"alignleft size-medium wp-image-518\" title=\"59coupe1\" alt=\"\" src=\"https:\/\/le-baron.se\/wp-content\/uploads\/2011\/06\/59coupe11-300x225.jpg\" width=\"300\" height=\"225\" srcset=\"https:\/\/le-baron.se\/wp-content\/uploads\/2011\/06\/59coupe11-300x225.jpg 300w, https:\/\/le-baron.se\/wp-content\/uploads\/2011\/06\/59coupe11.jpg 640w\" sizes=\"auto, (max-width: 300px) 100vw, 300px\" \/><\/a><\/p>\n<blockquote>\n<p style=\"text-align: center;\"><a href=\"https:\/\/le-baron.se\/wp-content\/uploads\/2011\/06\/o101.jpg\"> <img loading=\"lazy\" decoding=\"async\" class=\"size-medium wp-image-217 aligncenter\" title=\"o10\" alt=\"\" src=\"https:\/\/le-baron.se\/wp-content\/uploads\/2011\/06\/o101-217x300.jpg\" width=\"217\" height=\"300\" srcset=\"https:\/\/le-baron.se\/wp-content\/uploads\/2011\/06\/o101-217x300.jpg 217w, https:\/\/le-baron.se\/wp-content\/uploads\/2011\/06\/o101.jpg 742w\" sizes=\"auto, (max-width: 217px) 100vw, 217px\" \/><\/a><\/p>\n<p style=\"text-align: center;\">Opelns reklam skulle nog bli anm\u00e4ld f\u00f6r kr\u00e4nkande i dag men -62 var det OK.<a title=\"lebaron@abllm.se\" href=\"mailto:lebaron@abllm.se\"><br \/>\n<\/a><a title=\"ivan@le-baron.se\" href=\"mailto:ivan@le-baron.se\">ivan@le-baron.se<\/a><br \/>\nMvh Le-Baron<\/p>\n<\/blockquote>\n","protected":false},"excerpt":{"rendered":"","protected":false},"author":1,"featured_media":0,"parent":0,"menu_order":6,"comment_status":"closed","ping_status":"open","template":"","meta":{"footnotes":""},"class_list":["post-216","page","type-page","status-publish","hentry"],"_links":{"self":[{"href":"https:\/\/le-baron.se\/index.php?rest_route=\/wp\/v2\/pages\/216","targetHints":{"allow":["GET"]}}],"collection":[{"href":"https:\/\/le-baron.se\/index.php?rest_route=\/wp\/v2\/pages"}],"about":[{"href":"https:\/\/le-baron.se\/index.php?rest_route=\/wp\/v2\/types\/page"}],"author":[{"embeddable":true,"href":"https:\/\/le-baron.se\/index.php?rest_route=\/wp\/v2\/users\/1"}],"replies":[{"embeddable":true,"href":"https:\/\/le-baron.se\/index.php?rest_route=%2Fwp%2Fv2%2Fcomments&post=216"}],"version-history":[{"count":39,"href":"https:\/\/le-baron.se\/index.php?rest_route=\/wp\/v2\/pages\/216\/revisions"}],"predecessor-version":[{"id":1363,"href":"https:\/\/le-baron.se\/index.php?rest_route=\/wp\/v2\/pages\/216\/revisions\/1363"}],"wp:attachment":[{"href":"https:\/\/le-baron.se\/index.php?rest_route=%2Fwp%2Fv2%2Fmedia&parent=216"}],"curies":[{"name":"wp","href":"https:\/\/api.w.org\/{rel}","templated":true}]}}