{"id":1967,"date":"2016-03-01T18:57:46","date_gmt":"2016-03-01T18:57:46","guid":{"rendered":"http:\/\/www.le-baron.se\/?page_id=1967"},"modified":"2023-08-29T22:09:52","modified_gmt":"2023-08-29T22:09:52","slug":"nytillverkat-i-rostfritt-mm","status":"publish","type":"page","link":"https:\/\/le-baron.se\/?page_id=1967","title":{"rendered":"Nytillverkat i Rostfritt mm."},"content":{"rendered":"<p style=\"text-align: center;\"><span style=\"text-decoration: underline;\"><span style=\"color: #888888; text-decoration: underline;\"><strong>Olika nytillverkade delar till fordon mestadels i rostfritt.<\/strong><\/span><\/span><\/p>\n<p style=\"text-align: center;\">Kontaktas via mail. <a title=\"ivan@le-baron.se\" href=\"mailto:ivan@le-baron.se\">ivan@le-baron.se<\/a><\/p>\n<p style=\"text-align: center;\">_______________________________________________________________________________<\/p>\n<p><a href=\"https:\/\/le-baron.se\/wp-content\/uploads\/2011\/06\/list-4.jpg\"><img loading=\"lazy\" decoding=\"async\" class=\"size-medium wp-image-567 alignright\" alt=\"OLYMPUS DIGITAL CAMERA\" src=\"https:\/\/le-baron.se\/wp-content\/uploads\/2011\/06\/list-4-300x93.jpg\" width=\"300\" height=\"93\" srcset=\"https:\/\/le-baron.se\/wp-content\/uploads\/2011\/06\/list-4-300x93.jpg 300w, https:\/\/le-baron.se\/wp-content\/uploads\/2011\/06\/list-4-1024x319.jpg 1024w, https:\/\/le-baron.se\/wp-content\/uploads\/2011\/06\/list-4.jpg 1510w\" sizes=\"auto, (max-width: 300px) 100vw, 300px\" \/><\/a>Nytillverkad list i rostfritt mellan skuff<br \/>\nluckan och st\u00f6tf\u00e5ngaren Dodge 1957-58-59<\/p>\n<p style=\"text-align: left;\"><a href=\"https:\/\/le-baron.se\/wp-content\/uploads\/2011\/06\/P1010002a.jpg\"><img loading=\"lazy\" decoding=\"async\" class=\"alignleft size-medium wp-image-540\" alt=\"OLYMPUS DIGITAL CAMERA\" src=\"https:\/\/le-baron.se\/wp-content\/uploads\/2011\/06\/P1010002a-300x225.jpg\" width=\"200\" height=\"150\" srcset=\"https:\/\/le-baron.se\/wp-content\/uploads\/2011\/06\/P1010002a-300x225.jpg 300w, https:\/\/le-baron.se\/wp-content\/uploads\/2011\/06\/P1010002a-1024x768.jpg 1024w, https:\/\/le-baron.se\/wp-content\/uploads\/2011\/06\/P1010002a.jpg 2048w\" sizes=\"auto, (max-width: 200px) 100vw, 200px\" \/><\/a><\/p>\n<p style=\"text-align: left;\">H\u00e4r syns den monterad p\u00e5 en Dodge 1957.<\/p>\n<p style=\"text-align: center;\"><a href=\"https:\/\/le-baron.se\/wp-content\/uploads\/2011\/10\/20160607_185113.jpg\"><img loading=\"lazy\" decoding=\"async\" class=\"alignright size-medium wp-image-2132\" alt=\"20160607_185113\" src=\"https:\/\/le-baron.se\/wp-content\/uploads\/2011\/10\/20160607_185113-300x168.jpg\" width=\"300\" height=\"168\" srcset=\"https:\/\/le-baron.se\/wp-content\/uploads\/2011\/10\/20160607_185113-300x168.jpg 300w, https:\/\/le-baron.se\/wp-content\/uploads\/2011\/10\/20160607_185113-1024x576.jpg 1024w\" sizes=\"auto, (max-width: 300px) 100vw, 300px\" \/><\/a><\/p>\n<p style=\"text-align: center;\">&#8212;&#8212;&#8212;&#8212;&#8212;&#8212;&#8212;&#8212;&#8212;&#8212;&#8212;&#8212;&#8212;&#8212;&#8211;<\/p>\n<p style=\"text-align: center;\">Ny monterad list p\u00e5\u00a0 en Dodge 1957 Cab<\/p>\n<p style=\"text-align: center;\">Dessa lister finns nu hos KP usa delar E-post: info@kpusabil.se<\/p>\n<p style=\"text-align: center;\">_______________________________________________________________________________<\/p>\n<p style=\"text-align: center;\"><a href=\"https:\/\/le-baron.se\/wp-content\/uploads\/2011\/06\/Lucka-1.jpg\"><img loading=\"lazy\" decoding=\"async\" class=\"alignleft size-medium wp-image-294\" alt=\"Lucka 1\" src=\"https:\/\/le-baron.se\/wp-content\/uploads\/2011\/06\/Lucka-1-268x300.jpg\" width=\"178\" height=\"200\" srcset=\"https:\/\/le-baron.se\/wp-content\/uploads\/2011\/06\/Lucka-1-268x300.jpg 268w, https:\/\/le-baron.se\/wp-content\/uploads\/2011\/06\/Lucka-1-918x1024.jpg 918w, https:\/\/le-baron.se\/wp-content\/uploads\/2011\/06\/Lucka-1.jpg 945w\" sizes=\"auto, (max-width: 178px) 100vw, 178px\" \/><\/a>Nytillverkade ventilations luckor i svrt eller rostfritt.<\/p>\n<p style=\"text-align: center;\">Till bla. Plymouth 1957.<\/p>\n<p style=\"text-align: center;\">________________________________________________________________________________<\/p>\n<p style=\"text-align: center;\"><a href=\"https:\/\/le-baron.se\/wp-content\/uploads\/2011\/06\/P1010052.jpg\"><img loading=\"lazy\" decoding=\"async\" class=\"alignleft size-medium wp-image-1020\" alt=\"P1010052\" src=\"https:\/\/le-baron.se\/wp-content\/uploads\/2011\/06\/P1010052-300x225.jpg\" width=\"200\" height=\"150\" srcset=\"https:\/\/le-baron.se\/wp-content\/uploads\/2011\/06\/P1010052-300x225.jpg 300w, https:\/\/le-baron.se\/wp-content\/uploads\/2011\/06\/P1010052-1024x768.jpg 1024w, https:\/\/le-baron.se\/wp-content\/uploads\/2011\/06\/P1010052.jpg 2048w\" sizes=\"auto, (max-width: 200px) 100vw, 200px\" \/><\/a>Jag har tillverkat pressverktyg f\u00f6r dom sm\u00e5 reg skyltarna.<\/p>\n<p style=\"text-align: center;\">Och ett nytillverkat drag till Dodge -59<\/p>\n<p style=\"text-align: center;\"><a href=\"https:\/\/le-baron.se\/?page_id=70\">https:\/\/le-baron.se\/?page_id=70<\/a><\/p>\n<p style=\"text-align: left;\">________________________________________________________________________________<\/p>\n<p style=\"text-align: center;\"><a href=\"https:\/\/le-baron.se\/wp-content\/uploads\/2011\/06\/61newport-6.jpg\"><img loading=\"lazy\" decoding=\"async\" class=\"alignleft size-medium wp-image-1001\" alt=\"61newport (6)\" src=\"https:\/\/le-baron.se\/wp-content\/uploads\/2011\/06\/61newport-6-300x225.jpg\" width=\"200\" height=\"150\" srcset=\"https:\/\/le-baron.se\/wp-content\/uploads\/2011\/06\/61newport-6-300x225.jpg 300w, https:\/\/le-baron.se\/wp-content\/uploads\/2011\/06\/61newport-6-1024x768.jpg 1024w, https:\/\/le-baron.se\/wp-content\/uploads\/2011\/06\/61newport-6.jpg 1440w\" sizes=\"auto, (max-width: 200px) 100vw, 200px\" \/><\/a>Nytillverkad list mellan <a href=\"https:\/\/le-baron.se\/wp-content\/uploads\/2011\/06\/namnl\u00f6s978888.jpg\"><img loading=\"lazy\" decoding=\"async\" class=\"size-medium wp-image-1049 alignright\" alt=\"namnl\u00f6s978888\" src=\"https:\/\/le-baron.se\/wp-content\/uploads\/2011\/06\/namnl\u00f6s978888-300x184.jpg\" width=\"199\" height=\"122\" srcset=\"https:\/\/le-baron.se\/wp-content\/uploads\/2011\/06\/namnl\u00f6s978888-300x184.jpg 300w, https:\/\/le-baron.se\/wp-content\/uploads\/2011\/06\/namnl\u00f6s978888.jpg 962w\" sizes=\"auto, (max-width: 199px) 100vw, 199px\" \/><\/a><br \/>\nbagageluckan och<br \/>\nst\u00f6tf\u00e5ngaren.<br \/>\n(Bilden till h\u00f6ger Dammig)<br \/>\nPassar<br \/>\nDesoto -61<\/p>\n<p style=\"text-align: center;\">Dessa lister finns nu hos KP usa delar E-post: info@kpusabil.se<\/p>\n<p style=\"text-align: left;\">_______________________________________________________________________________<\/p>\n<p style=\"text-align: center;\"><a href=\"https:\/\/le-baron.se\/wp-content\/uploads\/2015\/11\/P1010021.jpg\"><img loading=\"lazy\" decoding=\"async\" class=\"alignright size-medium wp-image-1826\" alt=\"OLYMPUS DIGITAL CAMERA\" src=\"https:\/\/le-baron.se\/wp-content\/uploads\/2015\/11\/P1010021-300x225.jpg\" width=\"200\" height=\"150\" srcset=\"https:\/\/le-baron.se\/wp-content\/uploads\/2015\/11\/P1010021-300x225.jpg 300w, https:\/\/le-baron.se\/wp-content\/uploads\/2015\/11\/P1010021-1024x768.jpg 1024w, https:\/\/le-baron.se\/wp-content\/uploads\/2015\/11\/P1010021.jpg 2048w\" sizes=\"auto, (max-width: 200px) 100vw, 200px\" \/><\/a>Nytillverkad tank till Citroen B11 i svartpl\u00e5t.<\/p>\n<p style=\"text-align: center;\">(Mera info p\u00e5 sidan Citroen B11 klicka p\u00e5 l\u00e4nken nedan)<br \/>\n<a href=\"https:\/\/le-baron.se\/?page_id=1649\">https:\/\/le-baron.se\/?page_id=1649<\/a><\/p>\n<p style=\"text-align: center;\">________________________________________________________________________________<\/p>\n<p style=\"text-align: center;\"><img loading=\"lazy\" decoding=\"async\" class=\"alignright\" alt=\"OLYMPUS DIGITAL CAMERA\" src=\"https:\/\/le-baron.se\/wp-content\/uploads\/2015\/11\/Pa1010004-2-300x225.jpg\" width=\"200\" height=\"150\" \/>Nytillverkade baklysen till Citroen B11 i Rostfritt.<\/p>\n<p style=\"text-align: center;\">(Mera info p\u00e5 sidan Citroen B11 klicka p\u00e5 l\u00e4nken nedan)<br \/>\n<a href=\"https:\/\/le-baron.se\/?page_id=1649\">https:\/\/le-baron.se\/?page_id=1649<\/a><\/p>\n<p style=\"text-align: left;\">_______________________________________________________________________<\/p>\n<p style=\"text-align: center;\"><a href=\"https:\/\/le-baron.se\/wp-content\/uploads\/2015\/11\/P1010019a.jpg\"><img loading=\"lazy\" decoding=\"async\" class=\"size-medium wp-image-1951 alignnone alignright\" alt=\"OLYMPUS DIGITAL CAMERA\" src=\"https:\/\/le-baron.se\/wp-content\/uploads\/2015\/11\/P1010019a-300x225.jpg\" width=\"200\" height=\"150\" srcset=\"https:\/\/le-baron.se\/wp-content\/uploads\/2015\/11\/P1010019a-300x225.jpg 300w, https:\/\/le-baron.se\/wp-content\/uploads\/2015\/11\/P1010019a-1024x768.jpg 1024w, https:\/\/le-baron.se\/wp-content\/uploads\/2015\/11\/P1010019a.jpg 2048w\" sizes=\"auto, (max-width: 200px) 100vw, 200px\" \/><\/a><span style=\"color: #000000;\">Avgasupph\u00e4ngning till Citroen B11 i Rostfritt.<\/span><\/p>\n<p style=\"text-align: center;\">(Mera info p\u00e5 sidan Citroen B11 klicka p\u00e5 l\u00e4nken nedan)<br \/>\n<a href=\"https:\/\/le-baron.se\/?page_id=1649\">https:\/\/le-baron.se\/?page_id=1649<\/a><\/p>\n<p>___________________________________________________________________________________<\/p>\n<p style=\"text-align: center;\"><img loading=\"lazy\" decoding=\"async\" class=\"alignleft\" alt=\"OLYMPUS DIGITAL CAMERA\" src=\"https:\/\/le-baron.se\/wp-content\/uploads\/2015\/11\/P11010002b-300x225.jpg\" width=\"200\" height=\"151\" \/><\/p>\n<p style=\"text-align: center;\">Har tillverkat<br \/>\nluckorna i Rostfritt till<br \/>\nmotorrummet, \u00e5vanp\u00e5 skinkan.<br \/>\nTill bla. Citroen B11 Normal 1950.<\/p>\n<p style=\"text-align: center;\">(Mera info p\u00e5 sidan Citroen B11 klicka p\u00e5 l\u00e4nken nedan)<\/p>\n<p style=\"text-align: center; padding-left: 180px;\"><a href=\"https:\/\/le-baron.se\/?page_id=1649\">https:\/\/le-baron.se\/?page_id=1649<br \/>\n<\/a><br \/>\nKontaktas via mail.\u00a0 <a title=\"ivan@le-baron.se\" href=\"mailto:ivan@le-baron.se\">ivan@le-baron.se<\/a><\/p>\n<p style=\"text-align: center;\">____________________________________________________________________________________<\/p>\n","protected":false},"excerpt":{"rendered":"<p>Olika nytillverkade delar till fordon mestadels i rostfritt. Kontaktas via mail. ivan@le-baron.se _______________________________________________________________________________ Nytillverkad list i rostfritt mellan skuff luckan och st\u00f6tf\u00e5ngaren Dodge 1957-58-59 H\u00e4r syns den monterad p\u00e5 en Dodge 1957. &#8212;&#8212;&#8212;&#8212;&#8212;&#8212;&#8212;&#8212;&#8212;&#8212;&#8212;&#8212;&#8212;&#8212;&#8211; Ny monterad list p\u00e5\u00a0 en Dodge 1957 &hellip; <a href=\"https:\/\/le-baron.se\/?page_id=1967\">Forts\u00e4tt l\u00e4sa <span class=\"meta-nav\">&rarr;<\/span><\/a><\/p>\n","protected":false},"author":1,"featured_media":0,"parent":0,"menu_order":0,"comment_status":"open","ping_status":"open","template":"","meta":{"footnotes":""},"class_list":["post-1967","page","type-page","status-publish","hentry"],"_links":{"self":[{"href":"https:\/\/le-baron.se\/index.php?rest_route=\/wp\/v2\/pages\/1967","targetHints":{"allow":["GET"]}}],"collection":[{"href":"https:\/\/le-baron.se\/index.php?rest_route=\/wp\/v2\/pages"}],"about":[{"href":"https:\/\/le-baron.se\/index.php?rest_route=\/wp\/v2\/types\/page"}],"author":[{"embeddable":true,"href":"https:\/\/le-baron.se\/index.php?rest_route=\/wp\/v2\/users\/1"}],"replies":[{"embeddable":true,"href":"https:\/\/le-baron.se\/index.php?rest_route=%2Fwp%2Fv2%2Fcomments&post=1967"}],"version-history":[{"count":39,"href":"https:\/\/le-baron.se\/index.php?rest_route=\/wp\/v2\/pages\/1967\/revisions"}],"predecessor-version":[{"id":2658,"href":"https:\/\/le-baron.se\/index.php?rest_route=\/wp\/v2\/pages\/1967\/revisions\/2658"}],"wp:attachment":[{"href":"https:\/\/le-baron.se\/index.php?rest_route=%2Fwp%2Fv2%2Fmedia&parent=1967"}],"curies":[{"name":"wp","href":"https:\/\/api.w.org\/{rel}","templated":true}]}}