{"id":1643,"date":"2015-08-23T11:47:24","date_gmt":"2015-08-23T11:47:24","guid":{"rendered":"http:\/\/www.le-baron.se\/?page_id=1643"},"modified":"2016-08-29T19:34:50","modified_gmt":"2016-08-29T19:34:50","slug":"kontakta-mig","status":"publish","type":"page","link":"https:\/\/le-baron.se\/?page_id=1643","title":{"rendered":"Kontakta mig"},"content":{"rendered":"<p style=\"text-align: left; padding-left: 90px;\"><span style=\"color: #ff0000;\"><strong><span style=\"text-decoration: underline;\">Hej<\/span><\/strong><\/span><\/p>\n<h1 style=\"text-align: center;\"><span style=\"color: #ff0000;\"><strong>Om det finns ????? eller intresse f\u00f6r n\u00e5got,\u00a0 pris p\u00e5 delar,<\/strong><\/span><br \/>\n<span style=\"color: #ff0000;\"> <strong> skicka ett mail till<\/strong><\/span><\/h1>\n<p style=\"text-align: center;\"><span style=\"color: #ff0000;\"><strong><\/strong><a title=\"ivan@le-baron.se\" href=\"mailto:ivan@le-baron.se\"><span style=\"color: #ff0000;\">ivan@le-baron.se<\/span><\/a><strong><\/strong><\/span><\/p>\n<h2 style=\"text-align: center;\"><span style=\"color: #ff0000;\"><strong>G\u00e5r ej att anv\u00e4nda WordPress f\u00f6r att kontakta mig.<\/strong><\/span><\/h2>\n<p>&nbsp;<\/p>\n<p>&nbsp;<\/p>\n","protected":false},"excerpt":{"rendered":"<p>Hej Om det finns ????? eller intresse f\u00f6r n\u00e5got,\u00a0 pris p\u00e5 delar, skicka ett mail till ivan@le-baron.se G\u00e5r ej att anv\u00e4nda WordPress f\u00f6r att kontakta mig. &nbsp; &nbsp;<\/p>\n","protected":false},"author":1,"featured_media":0,"parent":0,"menu_order":0,"comment_status":"open","ping_status":"open","template":"","meta":{"footnotes":""},"class_list":["post-1643","page","type-page","status-publish","hentry"],"_links":{"self":[{"href":"https:\/\/le-baron.se\/index.php?rest_route=\/wp\/v2\/pages\/1643","targetHints":{"allow":["GET"]}}],"collection":[{"href":"https:\/\/le-baron.se\/index.php?rest_route=\/wp\/v2\/pages"}],"about":[{"href":"https:\/\/le-baron.se\/index.php?rest_route=\/wp\/v2\/types\/page"}],"author":[{"embeddable":true,"href":"https:\/\/le-baron.se\/index.php?rest_route=\/wp\/v2\/users\/1"}],"replies":[{"embeddable":true,"href":"https:\/\/le-baron.se\/index.php?rest_route=%2Fwp%2Fv2%2Fcomments&post=1643"}],"version-history":[{"count":8,"href":"https:\/\/le-baron.se\/index.php?rest_route=\/wp\/v2\/pages\/1643\/revisions"}],"predecessor-version":[{"id":2112,"href":"https:\/\/le-baron.se\/index.php?rest_route=\/wp\/v2\/pages\/1643\/revisions\/2112"}],"wp:attachment":[{"href":"https:\/\/le-baron.se\/index.php?rest_route=%2Fwp%2Fv2%2Fmedia&parent=1643"}],"curies":[{"name":"wp","href":"https:\/\/api.w.org\/{rel}","templated":true}]}}