{"id":1282,"date":"2014-12-07T21:56:01","date_gmt":"2014-12-07T21:56:01","guid":{"rendered":"http:\/\/www.le-baron.se\/?page_id=1282"},"modified":"2015-12-03T20:57:37","modified_gmt":"2015-12-03T20:57:37","slug":"el-bla-slap","status":"publish","type":"page","link":"https:\/\/le-baron.se\/?page_id=1282","title":{"rendered":"El. Bla. Sl\u00e4p."},"content":{"rendered":"<p><a href=\"https:\/\/le-baron.se\/wp-content\/uploads\/2014\/12\/P101000711111111111f-c.jpg\"><img loading=\"lazy\" decoding=\"async\" class=\"alignleft size-medium wp-image-1284\" alt=\"OLYMPUS DIGITAL CAMERA\" src=\"https:\/\/le-baron.se\/wp-content\/uploads\/2014\/12\/P101000711111111111f-c-300x130.jpg\" width=\"300\" height=\"130\" srcset=\"https:\/\/le-baron.se\/wp-content\/uploads\/2014\/12\/P101000711111111111f-c-300x130.jpg 300w, https:\/\/le-baron.se\/wp-content\/uploads\/2014\/12\/P101000711111111111f-c-1024x444.jpg 1024w, https:\/\/le-baron.se\/wp-content\/uploads\/2014\/12\/P101000711111111111f-c.jpg 1191w\" sizes=\"auto, (max-width: 300px) 100vw, 300px\" \/><\/a><em>Kopplings schema till L\u00f6\u00f6ve bilsl\u00e4p.<strong><span style=\"font-family: Arial; font-size: small;\"><br \/>\n<\/span><\/strong><\/em><\/p>\n<p><strong>\u00a0<\/strong><\/p>\n<p>&nbsp;<\/p>\n<p>*****************************************************************************************<\/p>\n<div style=\"text-align: center;\"><a href=\"https:\/\/le-baron.se\/wp-content\/uploads\/2014\/12\/El-Sl\u00e4p2.jpg\"><img loading=\"lazy\" decoding=\"async\" class=\"alignleft size-medium wp-image-1339\" alt=\"El Sl\u00e4p2\" src=\"https:\/\/le-baron.se\/wp-content\/uploads\/2014\/12\/El-Sl\u00e4p2-214x300.jpg\" width=\"214\" height=\"300\" srcset=\"https:\/\/le-baron.se\/wp-content\/uploads\/2014\/12\/El-Sl\u00e4p2-214x300.jpg 214w, https:\/\/le-baron.se\/wp-content\/uploads\/2014\/12\/El-Sl\u00e4p2.jpg 580w\" sizes=\"auto, (max-width: 214px) 100vw, 214px\" \/><\/a> <em><strong>Ett Kopplings schema till bilsl\u00e4p som jag har anv\u00e4nt i alla \u00e5r<\/strong><\/em><br \/>\n<em><strong> och det har funkat fint.<\/strong><\/em><\/div>\n<div style=\"text-align: center;\"><\/div>\n<div style=\"text-align: center;\"><\/div>\n<div style=\"text-align: center;\"><\/div>\n<div style=\"text-align: center;\"><\/div>\n<div style=\"text-align: center;\"><\/div>\n<div style=\"text-align: center;\"><\/div>\n<div style=\"text-align: center;\"><\/div>\n<div style=\"text-align: center;\"><\/div>\n<div style=\"text-align: center;\"><\/div>\n<div style=\"text-align: center;\"><\/div>\n<div style=\"text-align: center;\"><\/div>\n<div style=\"text-align: center;\"><a title=\"ivan@le-baron.se\" href=\"mailto:ivan@le-baron.se\">ivan@le-baron.se<\/a><\/div>\n<div style=\"text-align: center;\"><\/div>\n<div style=\"text-align: center;\"><\/div>\n<div style=\"text-align: center;\"><\/div>\n<div style=\"text-align: center;\"><\/div>\n<div style=\"text-align: left;\">************************************************************************************************************************<\/div>\n<div style=\"text-align: left;\"><\/div>\n","protected":false},"excerpt":{"rendered":"<p>Kopplings schema till L\u00f6\u00f6ve bilsl\u00e4p. \u00a0 &nbsp; ***************************************************************************************** Ett Kopplings schema till bilsl\u00e4p som jag har anv\u00e4nt i alla \u00e5r och det har funkat fint. ivan@le-baron.se ************************************************************************************************************************<\/p>\n","protected":false},"author":1,"featured_media":0,"parent":0,"menu_order":4,"comment_status":"open","ping_status":"open","template":"","meta":{"footnotes":""},"class_list":["post-1282","page","type-page","status-publish","hentry"],"_links":{"self":[{"href":"https:\/\/le-baron.se\/index.php?rest_route=\/wp\/v2\/pages\/1282","targetHints":{"allow":["GET"]}}],"collection":[{"href":"https:\/\/le-baron.se\/index.php?rest_route=\/wp\/v2\/pages"}],"about":[{"href":"https:\/\/le-baron.se\/index.php?rest_route=\/wp\/v2\/types\/page"}],"author":[{"embeddable":true,"href":"https:\/\/le-baron.se\/index.php?rest_route=\/wp\/v2\/users\/1"}],"replies":[{"embeddable":true,"href":"https:\/\/le-baron.se\/index.php?rest_route=%2Fwp%2Fv2%2Fcomments&post=1282"}],"version-history":[{"count":9,"href":"https:\/\/le-baron.se\/index.php?rest_route=\/wp\/v2\/pages\/1282\/revisions"}],"predecessor-version":[{"id":1349,"href":"https:\/\/le-baron.se\/index.php?rest_route=\/wp\/v2\/pages\/1282\/revisions\/1349"}],"wp:attachment":[{"href":"https:\/\/le-baron.se\/index.php?rest_route=%2Fwp%2Fv2%2Fmedia&parent=1282"}],"curies":[{"name":"wp","href":"https:\/\/api.w.org\/{rel}","templated":true}]}}