{"id":1077,"date":"2014-10-30T06:51:22","date_gmt":"2014-10-30T06:51:22","guid":{"rendered":"http:\/\/www.le-baron.se\/?page_id=1077"},"modified":"2015-12-03T20:51:11","modified_gmt":"2015-12-03T20:51:11","slug":"teknisk-info-mopar","status":"publish","type":"page","link":"https:\/\/le-baron.se\/?page_id=1077","title":{"rendered":"AA&#8211;Teknisk Info bla. Mopar."},"content":{"rendered":"<div>\n<p style=\"text-align: left;\"><a title=\"ivan@le-baron.se\" href=\"mailto:ivan@le-baron.se\">ivan@le-baron.se<\/a>\u00a0\u00a0\u00a0\u00a0\u00a0\u00a0\u00a0\u00a0\u00a0\u00a0\u00a0\u00a0\u00a0\u00a0\u00a0\u00a0\u00a0\u00a0\u00a0\u00a0\u00a0\u00a0\u00a0\u00a0\u00a0 Fronten p\u00e5 en mopar bil<\/p>\n<p><a href=\"https:\/\/le-baron.se\/wp-content\/uploads\/2014\/10\/page231.gif\"><img loading=\"lazy\" decoding=\"async\" class=\"size-medium wp-image-1314 aligncenter\" alt=\"page231\" src=\"https:\/\/le-baron.se\/wp-content\/uploads\/2014\/10\/page231-242x300.gif\" width=\"369\" height=\"457\" srcset=\"https:\/\/le-baron.se\/wp-content\/uploads\/2014\/10\/page231-242x300.gif 242w, https:\/\/le-baron.se\/wp-content\/uploads\/2014\/10\/page231-827x1024.gif 827w\" sizes=\"auto, (max-width: 369px) 100vw, 369px\" \/><\/a><\/p>\n<p style=\"text-align: left;\">****************************************************************************************<\/p>\n<blockquote>\n<p style=\"text-align: center;\"><em><strong><span style=\"text-decoration: underline; color: #ff0000;\">T\u00c4NDF\u00d6LJD<\/span><\/strong><\/em><\/p>\n<\/blockquote>\n<p style=\"text-align: center;\">Chrysler Slant Six Engine Firing Order<br \/>\nFiring order: 1-5-3-6-2-4<\/p>\n<p style=\"text-align: center;\">Chrysler Small Block Engine Firing Order<br \/>\nDistributor Rotation: Clockwise<br \/>\nFiring Order: 1-8-4-3-6-5-7-2<\/p>\n<p style=\"text-align: center;\"><a href=\"https:\/\/le-baron.se\/wp-content\/uploads\/2014\/10\/57.jpg\"><img loading=\"lazy\" decoding=\"async\" class=\"aligncenter size-medium wp-image-1368\" alt=\"$_57\" src=\"https:\/\/le-baron.se\/wp-content\/uploads\/2014\/10\/57-300x211.jpg\" width=\"300\" height=\"211\" srcset=\"https:\/\/le-baron.se\/wp-content\/uploads\/2014\/10\/57-300x211.jpg 300w, https:\/\/le-baron.se\/wp-content\/uploads\/2014\/10\/57.jpg 796w\" sizes=\"auto, (max-width: 300px) 100vw, 300px\" \/><\/a>Chrysler Big Block &amp; 426 Hemi Engine Firing Order<br \/>\nDistributor Rotation: Counter-clockwise<br \/>\nFiring Order: 1-8-4-3-6-5-7-2<\/p>\n<p style=\"text-align: center;\">Chrysler \/ Dodge Viper V10<br \/>\nFiring Order: 1-10-9-4-3-6-5-8-7-2<\/p>\n<p>&#8212;&#8212;&#8212;&#8212;&#8212;&#8212;&#8212;&#8212;&#8212;&#8212;&#8212;&#8212;&#8212;&#8212;&#8212;&#8212;&#8212;&#8212;&#8212;&#8212;&#8212;&#8212;&#8212;&#8212;&#8212;&#8212;&#8212;&#8212;&#8212;&#8212;&#8212;&#8212;&#8212;&#8212;&#8212;&#8212;&#8212;<\/p>\n<address style=\"text-align: center;\"><span style=\"text-decoration: underline; color: #ff0000;\"><em><strong>F\u00f6rgaasare<\/strong><\/em><\/span><\/address>\n<div id=\"gt-res-content\">\n<div dir=\"ltr\">Den ursprungliga Carter AFB 9000 hade 4 grundmodeller med artikelnummer gjutna i ett av de fr\u00e4mre f\u00f6tterna .<br \/>\n9400 = 400cfm , 9500 = 500cfm , 9625 = 625cfm . 9755 = 750cfm .Om carb del # exakt matchar den grundl\u00e4ggande delen # d\u00e5 \u00e4r det setup f\u00f6r Chevy koppling . Om den sista siffran \u00e4r 1 st\u00f6rre \u00e4n den grundl\u00e4ggande delen # d\u00e5 \u00e4r det setup f\u00f6r Chrysler koppling . Om den sista siffran \u00e4r 2 st\u00f6rre \u00e4n den grundl\u00e4ggande delen # s\u00e5 \u00e4r det en Ford . 9625 = Chevy 625cfm , 9626 = Chrysler 625cfm 9627 = Ford 625cfm .Den andra vridning till den del numreringen \u00e4r att l\u00e4gga 10 till n\u00e5gon av de ovanst\u00e5ende exemplen visar en EGR- avs\u00e4ttningar. # 9637 = Ford 625cfm w \/ EGR .F\u00f6r att best\u00e4mma jet storlek finns det en gemensam del # prefixet &#8217;120 &#8211; &#8217; sedan antingen &#8217;3 xx &#8217; eller &#8217;4 yy &#8221; . Den &#8217;3 xx : den jet diametern \u00e4r mindre \u00e4n .100 diameter ( 0,100 till 0,0 xx ) . t ex jet # 120-315 skulle vara 0,100-0,015 = 0,085 diameter , och en &#8217;4 yy : det jet \u00e4r \u00f6ver .100 diameter ( 0,100 + 0,0 \u00e5\u00e5) . t ex jet # 120-415 skulle vara .100 + .015 = .115 . Doseringsstavarnadirekt kan st\u00e4mplas med diametern f\u00f6r de tv\u00e5 stegen .Den Edelbrock Performer Carb bruksanvisning finns p\u00e5 Edelbrock hemsida och har diagram som visar effekterna av olika jet -och m\u00e4tnings sp\u00f6 f\u00f6r\u00e4ndringar . Du kommer att kunna hitta vilka f\u00f6r\u00e4ndringar som kr\u00e4vs f\u00f6r att g\u00e5 ett eller tv\u00e5 steg rikare eller smalare .<\/div>\n<div dir=\"ltr\"><\/div>\n<div dir=\"ltr\">&#8212;&#8212;&#8212;&#8212;&#8212;&#8212;&#8212;&#8212;&#8212;&#8212;&#8212;&#8212;&#8212;&#8212;&#8212;&#8212;&#8212;&#8212;&#8212;&#8212;&#8212;&#8212;&#8212;&#8212;&#8212;&#8212;&#8212;&#8212;&#8212;&#8212;&#8212;&#8212;&#8212;&#8212;&#8212;&#8212;&#8212;&#8212;&#8212;&#8212;&#8212;&#8212;&#8211;<\/div>\n<\/div>\n<p style=\"text-align: center;\"><em><strong><span style=\"text-decoration: underline;\"><span style=\"color: #ff0000; text-decoration: underline;\">\u00a0Big Block Casting Number<\/span><\/span><\/strong><\/em><\/p>\n<div>\n<div>\n<table border=\"1\" cellspacing=\"0\" cellpadding=\"5\">\n<tbody>\n<tr>\n<td>Casting Number<\/td>\n<td>Chamber Vol.<\/td>\n<td>Intake Valve<\/td>\n<td>Exhaust Valve<\/td>\n<td>Comments<\/td>\n<\/tr>\n<tr>\n<td>2406158<\/td>\n<td>73.5cc<\/td>\n<td>2.08<\/td>\n<td>1.6<\/td>\n<td>1967 440<\/td>\n<\/tr>\n<tr>\n<td>2463200<\/td>\n<td>73.5cc<\/td>\n<td>2.08<\/td>\n<td>1.74<\/td>\n<td>1963 361\/383\/413\/426<\/td>\n<\/tr>\n<tr>\n<td>2406209<\/td>\n<td>81cc<\/td>\n<td>2.08<\/td>\n<td>1.88<\/td>\n<td>1963 Max Wedge<\/td>\n<\/tr>\n<tr>\n<td>3751213<\/td>\n<td><\/td>\n<td>2.08<\/td>\n<td>1.74<\/td>\n<td>1973 400\/440 Motorhome<\/td>\n<\/tr>\n<tr>\n<td>2402286<\/td>\n<td>81cc<\/td>\n<td>2.08<\/td>\n<td>1.88<\/td>\n<td>1962 413 Max Wedge<\/td>\n<\/tr>\n<tr>\n<td>2206324<\/td>\n<td><\/td>\n<td>2.08<\/td>\n<td>1.74<\/td>\n<td>1961-67 361\/383\/413<\/td>\n<\/tr>\n<tr>\n<td>2268341<\/td>\n<td><\/td>\n<td><\/td>\n<td><\/td>\n<td>1965 426<\/td>\n<\/tr>\n<tr>\n<td>3462346<\/td>\n<td>79.5cc<\/td>\n<td>2.08<\/td>\n<td>1.74<\/td>\n<td>1971-up 383\/440<\/td>\n<\/tr>\n<tr>\n<td>3462346<\/td>\n<td>81.5cc<\/td>\n<td>2.08<\/td>\n<td>1.74<\/td>\n<td>1972-73 400\/440<\/td>\n<\/tr>\n<tr>\n<td>4006452<\/td>\n<td>81.5cc<\/td>\n<td>2.08<\/td>\n<td>1.74<\/td>\n<td>1976-78 400\/440<\/td>\n<\/tr>\n<tr>\n<td>3614476<\/td>\n<td>86+cc<\/td>\n<td>2.08<\/td>\n<td>1.74<\/td>\n<td>Stage 4<\/td>\n<\/tr>\n<tr>\n<td>1851509<\/td>\n<td>73.5cc<\/td>\n<td>2.08<\/td>\n<td>1.6<\/td>\n<td>1959 361\/383\/413 HP<\/td>\n<\/tr>\n<tr>\n<td>2406516<\/td>\n<td>73.5cc<\/td>\n<td>2.08<\/td>\n<td>1.6<\/td>\n<td>1964-67 361\/383\/413\/425 300L<\/td>\n<\/tr>\n<tr>\n<td>2406518<\/td>\n<td>86cc<\/td>\n<td>2.08<\/td>\n<td>1.88<\/td>\n<td>1964 Max Wedge<\/td>\n<\/tr>\n<tr>\n<td>2408520<\/td>\n<td>73.5cc<\/td>\n<td>2.08<\/td>\n<td>1.6<\/td>\n<td>1964 late 300K with ram ntake<\/td>\n<\/tr>\n<tr>\n<td>2128521<\/td>\n<td>73.5cc<\/td>\n<td>2.08<\/td>\n<td>1.6<\/td>\n<td>1960 361\/383\/413 300F<\/td>\n<\/tr>\n<tr>\n<td>2128522<\/td>\n<td>73.5cc<\/td>\n<td>1.94<\/td>\n<td>1.6<\/td>\n<td>1960-61 361\/383<\/td>\n<\/tr>\n<tr>\n<td>1851524<\/td>\n<td><\/td>\n<td><\/td>\n<td><\/td>\n<td>1958-71 350-413 Truck<\/td>\n<\/tr>\n<tr>\n<td>2264547<\/td>\n<td><\/td>\n<td><\/td>\n<td><\/td>\n<td>1960-71 413, 361 Truck<\/td>\n<\/tr>\n<tr>\n<td>2402557<\/td>\n<td>73.5cc<\/td>\n<td>2.08<\/td>\n<td>1.74<\/td>\n<td>1963 300J &amp; early 300K<\/td>\n<\/tr>\n<tr>\n<td>2202594<\/td>\n<td><\/td>\n<td><\/td>\n<td><\/td>\n<td>1958-71 Truck<\/td>\n<\/tr>\n<tr>\n<td>1737622<\/td>\n<td>73.5cc<\/td>\n<td>1.94<\/td>\n<td>1.6<\/td>\n<td>1958-60 350\/361\/383<\/td>\n<\/tr>\n<tr>\n<td>1737635<\/td>\n<td>73.5cc<\/td>\n<td>1.94<\/td>\n<td>1.6<\/td>\n<td>1958 350\/361<\/td>\n<\/tr>\n<tr>\n<td>2466676<\/td>\n<td><\/td>\n<td><\/td>\n<td><\/td>\n<td>1971-77 413, 361 Truck and Marine<\/td>\n<\/tr>\n<tr>\n<td>1844705<\/td>\n<td>73.5cc<\/td>\n<td>1.94<\/td>\n<td>1.6<\/td>\n<td>1958-59 350\/361\/383<\/td>\n<\/tr>\n<tr>\n<td>1944705<\/td>\n<td><\/td>\n<td><\/td>\n<td><\/td>\n<td>1958 350, 1961 361<\/td>\n<\/tr>\n<tr>\n<td>1406740<\/td>\n<td><\/td>\n<td>1.94<\/td>\n<td>1.6<\/td>\n<td>1958-59 HD 361 Truck<\/td>\n<\/tr>\n<tr>\n<td>2406740<\/td>\n<td><\/td>\n<td><\/td>\n<td><\/td>\n<td>1963-68 361, 413 Truck &amp; Marine<\/td>\n<\/tr>\n<tr>\n<td>2406780<\/td>\n<td><\/td>\n<td><\/td>\n<td><\/td>\n<td>1965-67 383 Truck<\/td>\n<\/tr>\n<tr>\n<td>2806887<\/td>\n<td><\/td>\n<td><\/td>\n<td><\/td>\n<td>426 Marine &amp; Industrial<\/td>\n<\/tr>\n<tr>\n<td>2843906<\/td>\n<td>79.5cc<\/td>\n<td>2.08<\/td>\n<td>1.74<\/td>\n<td>1968-71 383\/440<\/td>\n<\/tr>\n<tr>\n<td>2899913<\/td>\n<td><\/td>\n<td><\/td>\n<td><\/td>\n<td>1960-71 413 Truck<\/td>\n<\/tr>\n<tr>\n<td>2708915<\/td>\n<td>73.5cc<\/td>\n<td>2.08<\/td>\n<td>1.74<\/td>\n<td>1967 440 HP<\/td>\n<\/tr>\n<tr>\n<td>2206924<\/td>\n<td>73.5cc<\/td>\n<td>2.08<\/td>\n<td>1.74<\/td>\n<td>1961-62 361\/383\/413, 1961 300G, 1962 413 300-H<\/td>\n<\/tr>\n<tr>\n<td>2899943<\/td>\n<td><\/td>\n<td><\/td>\n<td><\/td>\n<td>1971-77 413, 361 Truck<\/td>\n<\/tr>\n<tr>\n<td>3769975<\/td>\n<td>83.1cc<\/td>\n<td>2.08<\/td>\n<td>1.74<\/td>\n<td>1974-75 400\/440<\/td>\n<\/tr>\n<\/tbody>\n<\/table>\n<\/div>\n<\/div>\n<p>&#8212;&#8212;&#8212;&#8212;&#8212;&#8212;&#8212;&#8212;&#8212;&#8212;&#8212;&#8212;&#8212;&#8212;&#8212;&#8212;&#8212;&#8212;&#8212;&#8212;&#8212;&#8212;&#8212;&#8212;&#8212;&#8212;&#8212;&#8212;&#8212;&#8212;&#8212;&#8212;&#8212;&#8212;&#8212;&#8212;-<\/p>\n<div>\n<p>Big Block Chrysler 361, 383, 400, 413, 426 Wedge, 440<br \/>\nB\/RB Engine Torque Specifications<\/p>\n<table border=\"1\">\n<tbody>\n<tr>\n<td>Fastener Type<\/td>\n<td>Torque Specs<\/td>\n<\/tr>\n<tr>\n<td>Main cap bolts<\/td>\n<td>85 ft.-lbs.<\/td>\n<\/tr>\n<tr>\n<td>Connecting rod bolts (plain)<\/td>\n<td>45 ft.-lbs.<\/td>\n<\/tr>\n<tr>\n<td>Connecting rod bolts (heavy duty)<\/td>\n<td>50-55 ft.-lbs<\/td>\n<\/tr>\n<tr>\n<td>Crankshaft rear bearing seal retainer bolts<\/td>\n<td>30 ft.-lbs.<\/td>\n<\/tr>\n<tr>\n<td>Cylinder head bolts<\/td>\n<td>70 ft.-lbs.*<\/td>\n<\/tr>\n<tr>\n<td>Rocker shaft bracket bolts<\/td>\n<td>25 ft.-lbs.<\/td>\n<\/tr>\n<tr>\n<td>Intake manifold bolts<\/td>\n<td>40 ft.-lbs.<\/td>\n<\/tr>\n<tr>\n<td>Oil pump cover bolt<\/td>\n<td>10 ft.-lbs.<\/td>\n<\/tr>\n<tr>\n<td>Oil pump attaching bolt<\/td>\n<td>35 ft.-lbs.<\/td>\n<\/tr>\n<tr>\n<td>Oil pan bolts<\/td>\n<td>15 ft.-lbs.<\/td>\n<\/tr>\n<tr>\n<td>Cam locking bolt<\/td>\n<td>35 ft.-lbs.<\/td>\n<\/tr>\n<tr>\n<td>Harmonic damper bolt<\/td>\n<td>135 ft.-lbs.<\/td>\n<\/tr>\n<tr>\n<td>Flywheel\/flexplate bolts<\/td>\n<td>55 ft.-lbs.<\/td>\n<\/tr>\n<tr>\n<td>Flywheel housing to engine block bolts<\/td>\n<td>50 ft.-lbs.<\/td>\n<\/tr>\n<tr>\n<td>Flexplate to torque converter bolts<\/td>\n<td>270 in.-lbs.<\/td>\n<\/tr>\n<tr>\n<td>Water pump bolts<\/td>\n<td>30 ft.-lbs.<\/td>\n<\/tr>\n<tr>\n<td>Fuel pump bolt<\/td>\n<td>30 ft.-lbs.<\/td>\n<\/tr>\n<tr>\n<td>Starter mounting bolts<\/td>\n<td>50 ft.-lbs.<\/td>\n<\/tr>\n<tr>\n<td>Exhaust manifold nuts<\/td>\n<td>30 ft.-lbs.<\/td>\n<\/tr>\n<\/tbody>\n<\/table>\n<\/div>\n<div>\u00a0&#8212;&#8212;&#8212;&#8212;&#8212;&#8212;&#8212;&#8212;&#8212;&#8212;&#8212;&#8212;&#8212;&#8212;&#8212;&#8212;&#8212;&#8212;&#8212;&#8212;&#8212;&#8212;&#8212;&#8212;&#8212;&#8212;&#8212;&#8212;&#8212;&#8212;&#8212;&#8212;&#8212;&#8212;&#8212;&#8212;&#8212;&#8212;&#8212;&#8212;&#8212;&#8212;&#8212;<\/div>\n<div>\n<p>&nbsp;<\/p>\n<table border=\"1\" cellspacing=\"0\" cellpadding=\"5\">\n<tbody>\n<tr>\n<td>1852029<\/td>\n<td>413<\/td>\n<td>RB<\/td>\n<td>Truck &amp;1962 Max Performance<\/td>\n<\/tr>\n<tr>\n<td>2120529<\/td>\n<td>413<\/td>\n<td>RB<\/td>\n<td>59-65<\/td>\n<\/tr>\n<tr>\n<td>2205697<\/td>\n<td>413<\/td>\n<td>RB<\/td>\n<td>59-65 Pass. Veh.<\/td>\n<\/tr>\n<tr>\n<td>2205697<\/td>\n<td>426<\/td>\n<td>RB<\/td>\n<td>64 Pass. Veh.<\/td>\n<\/tr>\n<tr>\n<td>2406730<\/td>\n<td>426<\/td>\n<td>RB<\/td>\n<td>63-65 Wedge &amp; Max Perf. Wedge<\/td>\n<\/tr>\n<tr>\n<td>2432230<\/td>\n<td>426<\/td>\n<td>RB<\/td>\n<td>64-66 Wedge &amp; Max Perf. Wedge<\/td>\n<\/tr>\n<tr>\n<td>2468030<\/td>\n<td>413<\/td>\n<td>RB<\/td>\n<td><\/td>\n<\/tr>\n<tr>\n<td>2468330<\/td>\n<td>426<\/td>\n<td>RB<\/td>\n<td>64-71 426 Hemi (Stage I &amp; II)<\/td>\n<\/tr>\n<tr>\n<td>2536430<\/td>\n<td>440<\/td>\n<td>RB<\/td>\n<td>66-72<\/td>\n<\/tr>\n<tr>\n<td>2568130<\/td>\n<td>383<\/td>\n<td>B<\/td>\n<td>59-71 (Full Series)<\/td>\n<\/tr>\n<tr>\n<td>2658836<\/td>\n<td>426<\/td>\n<td>RB<\/td>\n<td>Commercial<\/td>\n<\/tr>\n<tr>\n<td>3614230<\/td>\n<td>400<\/td>\n<td>B<\/td>\n<td>71-72 (Full Series)<\/td>\n<\/tr>\n<tr>\n<td>3698630<\/td>\n<td>400<\/td>\n<td>B<\/td>\n<td>73-78 (Full Series)<\/td>\n<\/tr>\n<tr>\n<td>3698830<\/td>\n<td>440<\/td>\n<td>RB<\/td>\n<td>73-78 (Full Series)<\/td>\n<\/tr>\n<tr>\n<td>4006530<\/td>\n<td>400<\/td>\n<td>B<\/td>\n<td>76-78 (Full Series)<\/td>\n<\/tr>\n<tr>\n<td>4006630<\/td>\n<td>440<\/td>\n<td>RB<\/td>\n<td>78<\/td>\n<\/tr>\n<\/tbody>\n<\/table>\n<p>&#8212;&#8212;&#8212;&#8212;&#8212;&#8212;&#8212;&#8212;&#8212;&#8212;&#8212;&#8212;&#8212;&#8212;&#8212;&#8212;&#8212;&#8212;&#8212;&#8212;&#8212;&#8212;&#8212;&#8212;&#8212;&#8212;&#8212;&#8212;&#8212;&#8212;&#8212;&#8212;&#8212;&#8212;&#8212;&#8212;-<\/p>\n<p>&nbsp;<\/p>\n<\/div>\n<p>&nbsp;<\/p>\n<div>\n<p>Connecting Rods<\/p>\n<table width=\"100%\" border=\"1\" cellspacing=\"0\" cellpadding=\"0\">\n<tbody>\n<tr>\n<td>Rod Forging Number<\/td>\n<td>Engine<\/td>\n<td>Application<\/td>\n<\/tr>\n<tr>\n<td>1737642<\/td>\n<td>350 (Forged)<br \/>\n361 (Forged)<br \/>\n383 (Forged<\/td>\n<td>1958-1961<\/td>\n<\/tr>\n<tr>\n<td>1737692<\/td>\n<td>383 B<\/td>\n<td>1958-1971<\/td>\n<\/tr>\n<tr>\n<td>1737692<\/td>\n<td>400<\/td>\n<td>1972-1978<\/td>\n<\/tr>\n<tr>\n<td>1851127<\/td>\n<td>413 (Forged)<\/td>\n<td>1959-1964<\/td>\n<\/tr>\n<tr>\n<td>1851436<\/td>\n<td>413 (Forged)<\/td>\n<td>1960-77 (Truck with 8-bolt crank)<\/td>\n<\/tr>\n<tr>\n<td>1851535<\/td>\n<td>383 RB, 426 RB<\/td>\n<td>1959-1965<\/td>\n<\/tr>\n<tr>\n<td>1851535<\/td>\n<td>440<\/td>\n<td>1966-1979 (Except 1970- 1972 HP)<\/td>\n<\/tr>\n<tr>\n<td>1855527<\/td>\n<td>383 (Forged)<\/td>\n<td>1959-1961 (Car)<\/td>\n<\/tr>\n<tr>\n<td>1978698<\/td>\n<td>RB (Forged)<\/td>\n<td>1959-1961 (Car)<\/td>\n<\/tr>\n<tr>\n<td>2203155<\/td>\n<td>B (Forged)<\/td>\n<td>1959-1961 (Car)<\/td>\n<\/tr>\n<tr>\n<td>2206157<\/td>\n<td>361 (Forged)<\/td>\n<td>1960-1978 (Truck with 8-bolt crank<\/td>\n<\/tr>\n<tr>\n<td>2206158<\/td>\n<td>440 (Forged)413 (Forged)426 (Forged)<\/td>\n<td>1966-1972 (Car), 1971-1977 (Truck)1962-1965 (Car)1963-1965 (Car)<\/td>\n<\/tr>\n<tr>\n<td>2206159<\/td>\n<td>400 (Forged)383 (Forged)361 (Forged)<\/td>\n<td>1971-1972 (Car), 1972 (Truck)1962-1971 (Car), 1967-1971 (Truck)1962-1966 (Car), 1972-1978 (Truck)<\/td>\n<\/tr>\n<tr>\n<td>2206160<\/td>\n<td>440 (Forged)413 (Forged)426 (Forged)<\/td>\n<td>1966-1978 (Car), 1970-1980 (Truck)1962-1965 (Car)1963-1966 (Car)<\/td>\n<\/tr>\n<tr>\n<td>2402330<\/td>\n<td>426 (Forged)<\/td>\n<td>1963-1964 Max Wedge<\/td>\n<\/tr>\n<tr>\n<td>2463548<\/td>\n<td>426 (Forged)<\/td>\n<td>1964 Max Wedge, 8-bolt crank<\/td>\n<\/tr>\n<tr>\n<td>3462923<\/td>\n<td>383 (Cast)400 (Cast)<\/td>\n<td>1969-1971 2bbl 1971-78 (Car), 1973-1979 (Truck)<\/td>\n<\/tr>\n<tr>\n<td>3751877<\/td>\n<td>400 (Cast)<\/td>\n<td>1973-1978 (Car), 1973-1979 (Truck)<\/td>\n<\/tr>\n<tr>\n<td>3751888<\/td>\n<td>440 (Cast)<\/td>\n<td>1973-1978 (Car)<\/td>\n<\/tr>\n<tr>\n<td>4027172<\/td>\n<td>400 (Cast)<\/td>\n<td>1973-1978 (Car)<\/td>\n<\/tr>\n<tr>\n<td>4027175<\/td>\n<td>440 (Cast)<\/td>\n<td>1973-1978 (Car), 1973-1979 (Truck)<\/td>\n<\/tr>\n<\/tbody>\n<\/table>\n<\/div>\n<p>&#8212;&#8212;&#8212;&#8212;&#8212;&#8212;&#8212;&#8212;&#8212;&#8212;&#8212;&#8212;&#8212;&#8212;&#8212;&#8212;&#8212;&#8212;&#8212;&#8212;&#8212;&#8212;&#8212;&#8212;&#8212;&#8212;&#8212;&#8212;&#8212;&#8212;&#8212;&#8212;&#8212;&#8212;&#8212;&#8212;&#8212;<\/p>\n<p>Measured from mounting surface to end of distributor shaft.<\/p>\n<p>Mopar LA engine \u2013 3 7\/8\u2033<\/p>\n<p>Mopar B engine \u2013 3.5\u2033<\/p>\n<p>Mopar RB engine \u2013 4\u2033<\/p>\n<p>Chrysler 331\/354 Hemi \u2013 4.25\u2033<\/p>\n<p>Chrysler 392 Hemi \u2013 4.5\u2033<\/p>\n<p>Dodge 241\/260\/270 Hemi \u2013 3 7\/8\u2033<\/p>\n<p>Dodge 315\/325 Hemi \u2013 4.25\u2033<\/p>\n<p>Desoto 276\/291 Hemi \u2013 4.00\u2033<\/p>\n<p>Take care when swapping distributors as the rotation is not always the same. That information will be added as it becomes available<\/p>\n<p>&#8212;&#8212;&#8212;&#8212;&#8212;&#8212;&#8212;&#8212;&#8212;&#8212;&#8212;&#8212;&#8212;&#8212;&#8212;&#8212;&#8212;&#8212;&#8212;&#8212;&#8212;&#8212;&#8212;&#8212;&#8212;&#8212;&#8212;&#8212;&#8212;&#8212;&#8212;&#8212;&#8212;&#8212;&#8212;&#8212;&#8212;-<\/p>\n<p><a href=\"https:\/\/le-baron.se\/wp-content\/uploads\/2014\/10\/torsion_bars.jpg\"><img loading=\"lazy\" decoding=\"async\" class=\"alignleft size-medium wp-image-1100\" alt=\"torsion_bars\" src=\"https:\/\/le-baron.se\/wp-content\/uploads\/2014\/10\/torsion_bars-300x174.jpg\" width=\"300\" height=\"174\" srcset=\"https:\/\/le-baron.se\/wp-content\/uploads\/2014\/10\/torsion_bars-300x174.jpg 300w, https:\/\/le-baron.se\/wp-content\/uploads\/2014\/10\/torsion_bars.jpg 618w\" sizes=\"auto, (max-width: 300px) 100vw, 300px\" \/><\/a>Torsion Bars<\/p>\n<p><a title=\"ivan@le-baron.se\" href=\"mailto:ivan@le-baron.se\">ivan@le-baron.se<\/a><\/p>\n<\/div>\n","protected":false},"excerpt":{"rendered":"<p>ivan@le-baron.se\u00a0\u00a0\u00a0\u00a0\u00a0\u00a0\u00a0\u00a0\u00a0\u00a0\u00a0\u00a0\u00a0\u00a0\u00a0\u00a0\u00a0\u00a0\u00a0\u00a0\u00a0\u00a0\u00a0\u00a0\u00a0 Fronten p\u00e5 en mopar bil **************************************************************************************** T\u00c4NDF\u00d6LJD Chrysler Slant Six Engine Firing Order Firing order: 1-5-3-6-2-4 Chrysler Small Block Engine Firing Order Distributor Rotation: Clockwise Firing Order: 1-8-4-3-6-5-7-2 Chrysler Big Block &amp; 426 Hemi Engine Firing Order Distributor Rotation: &hellip; <a href=\"https:\/\/le-baron.se\/?page_id=1077\">Forts\u00e4tt l\u00e4sa <span class=\"meta-nav\">&rarr;<\/span><\/a><\/p>\n","protected":false},"author":1,"featured_media":0,"parent":0,"menu_order":0,"comment_status":"open","ping_status":"open","template":"","meta":{"footnotes":""},"class_list":["post-1077","page","type-page","status-publish","hentry"],"_links":{"self":[{"href":"https:\/\/le-baron.se\/index.php?rest_route=\/wp\/v2\/pages\/1077","targetHints":{"allow":["GET"]}}],"collection":[{"href":"https:\/\/le-baron.se\/index.php?rest_route=\/wp\/v2\/pages"}],"about":[{"href":"https:\/\/le-baron.se\/index.php?rest_route=\/wp\/v2\/types\/page"}],"author":[{"embeddable":true,"href":"https:\/\/le-baron.se\/index.php?rest_route=\/wp\/v2\/users\/1"}],"replies":[{"embeddable":true,"href":"https:\/\/le-baron.se\/index.php?rest_route=%2Fwp%2Fv2%2Fcomments&post=1077"}],"version-history":[{"count":18,"href":"https:\/\/le-baron.se\/index.php?rest_route=\/wp\/v2\/pages\/1077\/revisions"}],"predecessor-version":[{"id":1079,"href":"https:\/\/le-baron.se\/index.php?rest_route=\/wp\/v2\/pages\/1077\/revisions\/1079"}],"wp:attachment":[{"href":"https:\/\/le-baron.se\/index.php?rest_route=%2Fwp%2Fv2%2Fmedia&parent=1077"}],"curies":[{"name":"wp","href":"https:\/\/api.w.org\/{rel}","templated":true}]}}